{"id":28040,"date":"2021-11-25T14:19:47","date_gmt":"2021-11-25T13:19:47","guid":{"rendered":"http:\/\/millerdivision.com\/?post_type=product&#038;p=28040"},"modified":"2023-02-13T18:44:19","modified_gmt":"2023-02-13T17:44:19","slug":"pro-helmet-ii-navy","status":"publish","type":"product","link":"https:\/\/millerdivision.com\/es\/shop\/protecciones\/cascos\/pro-helmet-ii-navy\/","title":{"rendered":"PRO HELMET II NAVY"},"content":{"rendered":"<p id=\"tw-target-text\" class=\"tw-data-text tw-text-large tw-ta\" dir=\"ltr\" data-placeholder=\"Traducci\u00f3n\"><span class=\"Y2IQFc\" lang=\"es\">ABS DE ALTO RENDIMIENTO <\/span><\/p>\n<p class=\"tw-data-text tw-text-large tw-ta\" dir=\"ltr\" data-placeholder=\"Traducci\u00f3n\"><span class=\"Y2IQFc\" lang=\"es\">\u00a0SUPER LIGERO\u00a0 <\/span><\/p>\n<p class=\"tw-data-text tw-text-large tw-ta\" dir=\"ltr\" data-placeholder=\"Traducci\u00f3n\"><span class=\"Y2IQFc\" lang=\"es\">DISE\u00d1O LOW FIT PRO <\/span><\/p>\n<p class=\"tw-data-text tw-text-large tw-ta\" dir=\"ltr\" data-placeholder=\"Traducci\u00f3n\"><span class=\"Y2IQFc\" lang=\"es\">ULTRA TRANSPIRABLE <\/span><\/p>\n<p class=\"tw-data-text tw-text-large tw-ta\" dir=\"ltr\" data-placeholder=\"Traducci\u00f3n\"><span class=\"Y2IQFc\" lang=\"es\">DISE\u00d1O DE IMPACTO M\u00daLTIPLE <\/span><\/p>\n<p class=\"tw-data-text tw-text-large tw-ta\" dir=\"ltr\" data-placeholder=\"Traducci\u00f3n\"><span class=\"Y2IQFc\" lang=\"es\">Doble certificado por la UNE-EN 1078 tanto para patinetas como para bicis Exterior ABS muy resistente, extra ventilaci\u00f3n y un mate terminar. <\/span><\/p>\n<p class=\"tw-data-text tw-text-large tw-ta\" dir=\"ltr\" data-placeholder=\"Traducci\u00f3n\"><span class=\"Y2IQFc\" lang=\"es\">Construido con revestimiento de EPS en el interior. <\/span><\/p>\n<p class=\"tw-data-text tw-text-large tw-ta\" dir=\"ltr\" data-placeholder=\"Traducci\u00f3n\"><span class=\"Y2IQFc\" lang=\"es\">Tiene un sistema extra\u00edble con rueda para ajustar el casco a el per\u00edmetro de tu cr\u00e1neo. <\/span><\/p>\n<p class=\"tw-data-text tw-text-large tw-ta\" dir=\"ltr\" data-placeholder=\"Traducci\u00f3n\"><span class=\"Y2IQFc\" lang=\"es\">Acolchado interior, mayor comodidad. <\/span><\/p>\n<p class=\"tw-data-text tw-text-large tw-ta\" dir=\"ltr\" data-placeholder=\"Traducci\u00f3n\"><span class=\"Y2IQFc\" lang=\"es\">Protecci\u00f3n anti-rozaduras para la barbilla.<\/span><\/p>\n","protected":false},"excerpt":{"rendered":"<p>ABS DE ALTO RENDIMIENTO \u00a0SUPER LIGERO\u00a0 DISE\u00d1O LOW FIT PRO ULTRA TRANSPIRABLE DISE\u00d1O DE IMPACTO M\u00daLTIPLE Doble certificado por la UNE-EN 1078 tanto para patinetas como para bicis Exterior ABS muy resistente, extra ventilaci\u00f3n y un mate terminar. Construido con revestimiento de EPS en el interior. Tiene un sistema extra\u00edble con rueda para ajustar el [&hellip;]<\/p>\n","protected":false},"featured_media":28048,"comment_status":"closed","ping_status":"closed","template":"","meta":[],"product_cat":[125,131,124],"product_tag":[],"class_list":["post-28040","product","type-product","status-publish","has-post-thumbnail","hentry","product_cat-cascos","product_cat-nuevos","product_cat-protecciones","pa_sizece-ea-ml-es","pa_sizece-8b-sm-es"],"acf":[],"yoast_head":"<!-- This site is optimized with the Yoast SEO plugin v27.1.1 - https:\/\/yoast.com\/product\/yoast-seo-wordpress\/ -->\n<title>PRO HELMET II NAVY - Miller Division<\/title>\n<meta name=\"robots\" content=\"index, follow, max-snippet:-1, max-image-preview:large, max-video-preview:-1\" \/>\n<link rel=\"canonical\" href=\"https:\/\/millerdivision.com\/es\/shop\/protecciones\/cascos\/pro-helmet-ii-navy\/\" \/>\n<meta property=\"og:locale\" content=\"es_ES\" \/>\n<meta property=\"og:type\" content=\"article\" \/>\n<meta property=\"og:title\" content=\"PRO HELMET II NAVY - Miller Division\" \/>\n<meta property=\"og:description\" content=\"ABS DE ALTO RENDIMIENTO \u00a0SUPER LIGERO\u00a0 DISE\u00d1O LOW FIT PRO ULTRA TRANSPIRABLE DISE\u00d1O DE IMPACTO M\u00daLTIPLE Doble certificado por la UNE-EN 1078 tanto para patinetas como para bicis Exterior ABS muy resistente, extra ventilaci\u00f3n y un mate terminar. Construido con revestimiento de EPS en el interior. Tiene un sistema extra\u00edble con rueda para ajustar el [&hellip;]\" \/>\n<meta property=\"og:url\" content=\"https:\/\/millerdivision.com\/es\/shop\/protecciones\/cascos\/pro-helmet-ii-navy\/\" \/>\n<meta property=\"og:site_name\" content=\"Miller Division\" \/>\n<meta property=\"article:modified_time\" content=\"2023-02-13T17:44:19+00:00\" \/>\n<meta property=\"og:image\" content=\"https:\/\/millerdivision.com\/wp-content\/uploads\/2021\/11\/casco-miller-azul-1.jpg\" \/>\n\t<meta property=\"og:image:width\" content=\"1440\" \/>\n\t<meta property=\"og:image:height\" content=\"1440\" \/>\n\t<meta property=\"og:image:type\" content=\"image\/jpeg\" \/>\n<meta name=\"twitter:card\" content=\"summary_large_image\" \/>\n<meta name=\"twitter:label1\" content=\"Tiempo de lectura\" \/>\n\t<meta name=\"twitter:data1\" content=\"1 minuto\" \/>\n<script type=\"application\/ld+json\" class=\"yoast-schema-graph\">{\"@context\":\"https:\/\/schema.org\",\"@graph\":[{\"@type\":\"WebPage\",\"@id\":\"https:\/\/millerdivision.com\/es\/shop\/protecciones\/cascos\/pro-helmet-ii-navy\/\",\"url\":\"https:\/\/millerdivision.com\/es\/shop\/protecciones\/cascos\/pro-helmet-ii-navy\/\",\"name\":\"PRO HELMET II NAVY - Miller Division\",\"isPartOf\":{\"@id\":\"https:\/\/millerdivision.com\/es\/#website\"},\"primaryImageOfPage\":{\"@id\":\"https:\/\/millerdivision.com\/es\/shop\/protecciones\/cascos\/pro-helmet-ii-navy\/#primaryimage\"},\"image\":{\"@id\":\"https:\/\/millerdivision.com\/es\/shop\/protecciones\/cascos\/pro-helmet-ii-navy\/#primaryimage\"},\"thumbnailUrl\":\"https:\/\/millerdivision.com\/wp-content\/uploads\/2021\/11\/casco-miller-azul-1.jpg\",\"datePublished\":\"2021-11-25T13:19:47+00:00\",\"dateModified\":\"2023-02-13T17:44:19+00:00\",\"breadcrumb\":{\"@id\":\"https:\/\/millerdivision.com\/es\/shop\/protecciones\/cascos\/pro-helmet-ii-navy\/#breadcrumb\"},\"inLanguage\":\"es\",\"potentialAction\":[{\"@type\":\"ReadAction\",\"target\":[\"https:\/\/millerdivision.com\/es\/shop\/protecciones\/cascos\/pro-helmet-ii-navy\/\"]}]},{\"@type\":\"ImageObject\",\"inLanguage\":\"es\",\"@id\":\"https:\/\/millerdivision.com\/es\/shop\/protecciones\/cascos\/pro-helmet-ii-navy\/#primaryimage\",\"url\":\"https:\/\/millerdivision.com\/wp-content\/uploads\/2021\/11\/casco-miller-azul-1.jpg\",\"contentUrl\":\"https:\/\/millerdivision.com\/wp-content\/uploads\/2021\/11\/casco-miller-azul-1.jpg\",\"width\":1440,\"height\":1440},{\"@type\":\"BreadcrumbList\",\"@id\":\"https:\/\/millerdivision.com\/es\/shop\/protecciones\/cascos\/pro-helmet-ii-navy\/#breadcrumb\",\"itemListElement\":[{\"@type\":\"ListItem\",\"position\":1,\"name\":\"Home\",\"item\":\"https:\/\/millerdivision.com\/es\/\"},{\"@type\":\"ListItem\",\"position\":2,\"name\":\"Tienda\",\"item\":\"https:\/\/millerdivision.com\/es\/tienda\/\"},{\"@type\":\"ListItem\",\"position\":3,\"name\":\"PRO HELMET II NAVY\"}]},{\"@type\":\"WebSite\",\"@id\":\"https:\/\/millerdivision.com\/es\/#website\",\"url\":\"https:\/\/millerdivision.com\/es\/\",\"name\":\"Miller Division\",\"description\":\"Miller Skateboards | Shop now, ride forever\",\"potentialAction\":[{\"@type\":\"SearchAction\",\"target\":{\"@type\":\"EntryPoint\",\"urlTemplate\":\"https:\/\/millerdivision.com\/es\/?s={search_term_string}\"},\"query-input\":{\"@type\":\"PropertyValueSpecification\",\"valueRequired\":true,\"valueName\":\"search_term_string\"}}],\"inLanguage\":\"es\"}]}<\/script>\n<!-- \/ Yoast SEO plugin. -->","yoast_head_json":{"title":"PRO HELMET II NAVY - Miller Division","robots":{"index":"index","follow":"follow","max-snippet":"max-snippet:-1","max-image-preview":"max-image-preview:large","max-video-preview":"max-video-preview:-1"},"canonical":"https:\/\/millerdivision.com\/es\/shop\/protecciones\/cascos\/pro-helmet-ii-navy\/","og_locale":"es_ES","og_type":"article","og_title":"PRO HELMET II NAVY - Miller Division","og_description":"ABS DE ALTO RENDIMIENTO \u00a0SUPER LIGERO\u00a0 DISE\u00d1O LOW FIT PRO ULTRA TRANSPIRABLE DISE\u00d1O DE IMPACTO M\u00daLTIPLE Doble certificado por la UNE-EN 1078 tanto para patinetas como para bicis Exterior ABS muy resistente, extra ventilaci\u00f3n y un mate terminar. Construido con revestimiento de EPS en el interior. Tiene un sistema extra\u00edble con rueda para ajustar el [&hellip;]","og_url":"https:\/\/millerdivision.com\/es\/shop\/protecciones\/cascos\/pro-helmet-ii-navy\/","og_site_name":"Miller Division","article_modified_time":"2023-02-13T17:44:19+00:00","og_image":[{"width":1440,"height":1440,"url":"https:\/\/millerdivision.com\/wp-content\/uploads\/2021\/11\/casco-miller-azul-1.jpg","type":"image\/jpeg"}],"twitter_card":"summary_large_image","twitter_misc":{"Tiempo de lectura":"1 minuto"},"schema":{"@context":"https:\/\/schema.org","@graph":[{"@type":"WebPage","@id":"https:\/\/millerdivision.com\/es\/shop\/protecciones\/cascos\/pro-helmet-ii-navy\/","url":"https:\/\/millerdivision.com\/es\/shop\/protecciones\/cascos\/pro-helmet-ii-navy\/","name":"PRO HELMET II NAVY - Miller Division","isPartOf":{"@id":"https:\/\/millerdivision.com\/es\/#website"},"primaryImageOfPage":{"@id":"https:\/\/millerdivision.com\/es\/shop\/protecciones\/cascos\/pro-helmet-ii-navy\/#primaryimage"},"image":{"@id":"https:\/\/millerdivision.com\/es\/shop\/protecciones\/cascos\/pro-helmet-ii-navy\/#primaryimage"},"thumbnailUrl":"https:\/\/millerdivision.com\/wp-content\/uploads\/2021\/11\/casco-miller-azul-1.jpg","datePublished":"2021-11-25T13:19:47+00:00","dateModified":"2023-02-13T17:44:19+00:00","breadcrumb":{"@id":"https:\/\/millerdivision.com\/es\/shop\/protecciones\/cascos\/pro-helmet-ii-navy\/#breadcrumb"},"inLanguage":"es","potentialAction":[{"@type":"ReadAction","target":["https:\/\/millerdivision.com\/es\/shop\/protecciones\/cascos\/pro-helmet-ii-navy\/"]}]},{"@type":"ImageObject","inLanguage":"es","@id":"https:\/\/millerdivision.com\/es\/shop\/protecciones\/cascos\/pro-helmet-ii-navy\/#primaryimage","url":"https:\/\/millerdivision.com\/wp-content\/uploads\/2021\/11\/casco-miller-azul-1.jpg","contentUrl":"https:\/\/millerdivision.com\/wp-content\/uploads\/2021\/11\/casco-miller-azul-1.jpg","width":1440,"height":1440},{"@type":"BreadcrumbList","@id":"https:\/\/millerdivision.com\/es\/shop\/protecciones\/cascos\/pro-helmet-ii-navy\/#breadcrumb","itemListElement":[{"@type":"ListItem","position":1,"name":"Home","item":"https:\/\/millerdivision.com\/es\/"},{"@type":"ListItem","position":2,"name":"Tienda","item":"https:\/\/millerdivision.com\/es\/tienda\/"},{"@type":"ListItem","position":3,"name":"PRO HELMET II NAVY"}]},{"@type":"WebSite","@id":"https:\/\/millerdivision.com\/es\/#website","url":"https:\/\/millerdivision.com\/es\/","name":"Miller Division","description":"Miller Skateboards | Shop now, ride forever","potentialAction":[{"@type":"SearchAction","target":{"@type":"EntryPoint","urlTemplate":"https:\/\/millerdivision.com\/es\/?s={search_term_string}"},"query-input":{"@type":"PropertyValueSpecification","valueRequired":true,"valueName":"search_term_string"}}],"inLanguage":"es"}]}},"_links":{"self":[{"href":"https:\/\/millerdivision.com\/es\/wp-json\/wp\/v2\/product\/28040","targetHints":{"allow":["GET"]}}],"collection":[{"href":"https:\/\/millerdivision.com\/es\/wp-json\/wp\/v2\/product"}],"about":[{"href":"https:\/\/millerdivision.com\/es\/wp-json\/wp\/v2\/types\/product"}],"replies":[{"embeddable":true,"href":"https:\/\/millerdivision.com\/es\/wp-json\/wp\/v2\/comments?post=28040"}],"wp:featuredmedia":[{"embeddable":true,"href":"https:\/\/millerdivision.com\/es\/wp-json\/wp\/v2\/media\/28048"}],"wp:attachment":[{"href":"https:\/\/millerdivision.com\/es\/wp-json\/wp\/v2\/media?parent=28040"}],"wp:term":[{"taxonomy":"product_cat","embeddable":true,"href":"https:\/\/millerdivision.com\/es\/wp-json\/wp\/v2\/product_cat?post=28040"},{"taxonomy":"product_tag","embeddable":true,"href":"https:\/\/millerdivision.com\/es\/wp-json\/wp\/v2\/product_tag?post=28040"}],"curies":[{"name":"wp","href":"https:\/\/api.w.org\/{rel}","templated":true}]}}