{"id":28030,"date":"2021-11-17T11:51:33","date_gmt":"2021-11-25T12:02:47","guid":{"rendered":"http:\/\/millerdivision.com\/?post_type=product&#038;p=28030"},"modified":"2026-03-09T08:23:16","modified_gmt":"2026-03-09T07:23:16","slug":"rubber-825-x-32","status":"publish","type":"product","link":"https:\/\/millerdivision.com\/es\/shop\/skateboards-es\/tablas-es\/rubber-825-x-32\/","title":{"rendered":"RUBBER 8,25&#8243; X 32&#8243;"},"content":{"rendered":"<p><img decoding=\"async\" class=\" size-full wp-image-609\" src=\"https:\/\/millerdivision.com\/wp-content\/uploads\/2018\/06\/cms-canadian-maple.png\" alt=\"\" width=\"100\" height=\"90\" \/><\/p>\n<p id=\"tw-target-text\" class=\"tw-data-text tw-text-large tw-ta\" dir=\"ltr\" data-placeholder=\"Traducci\u00f3n\"><span class=\"Y2IQFc\" lang=\"es\">El arce canadiense es ampliamente conocido por ser la mejor madera para fabricar tablas de skate. Las principales ventajas son: peso ligero, mejor flexibilidad, extremadamente fuerte, pop perfecto y duradero.<\/span><\/p>\n<p><img decoding=\"async\" class=\" size-full wp-image-610\" src=\"https:\/\/millerdivision.com\/wp-content\/uploads\/2018\/06\/cms-cold-press.png\" alt=\"\" width=\"100\" height=\"81\" \/><\/p>\n<p id=\"tw-target-text\" class=\"tw-data-text tw-text-large tw-ta\" dir=\"ltr\" data-placeholder=\"Traducci\u00f3n\"><span class=\"Y2IQFc\" lang=\"es\">Todas las tablas de skate de Point est\u00e1n prensadas en fr\u00edo. Este m\u00e9todo lleva m\u00e1s tiempo que una plataforma prensada en caliente, pero no somete la madera a altas temperaturas que puedan debilitar las fibras de la madera. Las cubiertas sin cortar se siguen para curar durante 7 d\u00edas en pilas grandes antes de terminar.<\/span><\/p>\n<p>&nbsp;<\/p>\n","protected":false},"excerpt":{"rendered":"<p>El arce canadiense es ampliamente conocido por ser la mejor madera para fabricar tablas de skate. Las principales ventajas son: peso ligero, mejor flexibilidad, extremadamente fuerte, pop perfecto y duradero. Todas las tablas de skate de Point est\u00e1n prensadas en fr\u00edo. Este m\u00e9todo lleva m\u00e1s tiempo que una plataforma prensada en caliente, pero no somete [&hellip;]<\/p>\n","protected":false},"featured_media":27693,"comment_status":"closed","ping_status":"closed","template":"","meta":[],"product_cat":[131,113,115],"product_tag":[],"class_list":["post-28030","product","type-product","status-publish","has-post-thumbnail","hentry","product_cat-nuevos","product_cat-skateboards-es","product_cat-tablas-es"],"acf":[],"yoast_head":"<!-- This site is optimized with the Yoast SEO plugin v27.1.1 - https:\/\/yoast.com\/product\/yoast-seo-wordpress\/ -->\n<title>RUBBER 8,25&quot; X 32&quot; - Miller Division<\/title>\n<meta name=\"robots\" content=\"index, follow, max-snippet:-1, max-image-preview:large, max-video-preview:-1\" \/>\n<link rel=\"canonical\" href=\"https:\/\/millerdivision.com\/es\/shop\/skateboards-es\/tablas-es\/rubber-825-x-32\/\" \/>\n<meta property=\"og:locale\" content=\"es_ES\" \/>\n<meta property=\"og:type\" content=\"article\" \/>\n<meta property=\"og:title\" content=\"RUBBER 8,25&quot; X 32&quot; - Miller Division\" \/>\n<meta property=\"og:description\" content=\"El arce canadiense es ampliamente conocido por ser la mejor madera para fabricar tablas de skate. Las principales ventajas son: peso ligero, mejor flexibilidad, extremadamente fuerte, pop perfecto y duradero. Todas las tablas de skate de Point est\u00e1n prensadas en fr\u00edo. Este m\u00e9todo lleva m\u00e1s tiempo que una plataforma prensada en caliente, pero no somete [&hellip;]\" \/>\n<meta property=\"og:url\" content=\"https:\/\/millerdivision.com\/es\/shop\/skateboards-es\/tablas-es\/rubber-825-x-32\/\" \/>\n<meta property=\"og:site_name\" content=\"Miller Division\" \/>\n<meta property=\"article:modified_time\" content=\"2026-03-09T07:23:16+00:00\" \/>\n<meta property=\"og:image\" content=\"https:\/\/millerdivision.com\/wp-content\/uploads\/2021\/11\/rubber-1.jpg?_t=1672400341\" \/>\n\t<meta property=\"og:image:width\" content=\"1440\" \/>\n\t<meta property=\"og:image:height\" content=\"1440\" \/>\n\t<meta property=\"og:image:type\" content=\"image\/jpeg\" \/>\n<meta name=\"twitter:card\" content=\"summary_large_image\" \/>\n<script type=\"application\/ld+json\" class=\"yoast-schema-graph\">{\"@context\":\"https:\/\/schema.org\",\"@graph\":[{\"@type\":\"WebPage\",\"@id\":\"https:\/\/millerdivision.com\/es\/shop\/skateboards-es\/tablas-es\/rubber-825-x-32\/\",\"url\":\"https:\/\/millerdivision.com\/es\/shop\/skateboards-es\/tablas-es\/rubber-825-x-32\/\",\"name\":\"RUBBER 8,25\\\" X 32\\\" - Miller Division\",\"isPartOf\":{\"@id\":\"https:\/\/millerdivision.com\/es\/#website\"},\"primaryImageOfPage\":{\"@id\":\"https:\/\/millerdivision.com\/es\/shop\/skateboards-es\/tablas-es\/rubber-825-x-32\/#primaryimage\"},\"image\":{\"@id\":\"https:\/\/millerdivision.com\/es\/shop\/skateboards-es\/tablas-es\/rubber-825-x-32\/#primaryimage\"},\"thumbnailUrl\":\"https:\/\/millerdivision.com\/wp-content\/uploads\/2021\/11\/rubber-1.jpg\",\"datePublished\":\"2021-11-25T12:02:47+00:00\",\"dateModified\":\"2026-03-09T07:23:16+00:00\",\"breadcrumb\":{\"@id\":\"https:\/\/millerdivision.com\/es\/shop\/skateboards-es\/tablas-es\/rubber-825-x-32\/#breadcrumb\"},\"inLanguage\":\"es\",\"potentialAction\":[{\"@type\":\"ReadAction\",\"target\":[\"https:\/\/millerdivision.com\/es\/shop\/skateboards-es\/tablas-es\/rubber-825-x-32\/\"]}]},{\"@type\":\"ImageObject\",\"inLanguage\":\"es\",\"@id\":\"https:\/\/millerdivision.com\/es\/shop\/skateboards-es\/tablas-es\/rubber-825-x-32\/#primaryimage\",\"url\":\"https:\/\/millerdivision.com\/wp-content\/uploads\/2021\/11\/rubber-1.jpg\",\"contentUrl\":\"https:\/\/millerdivision.com\/wp-content\/uploads\/2021\/11\/rubber-1.jpg\",\"width\":1440,\"height\":1440},{\"@type\":\"BreadcrumbList\",\"@id\":\"https:\/\/millerdivision.com\/es\/shop\/skateboards-es\/tablas-es\/rubber-825-x-32\/#breadcrumb\",\"itemListElement\":[{\"@type\":\"ListItem\",\"position\":1,\"name\":\"Home\",\"item\":\"https:\/\/millerdivision.com\/es\/\"},{\"@type\":\"ListItem\",\"position\":2,\"name\":\"Tienda\",\"item\":\"https:\/\/millerdivision.com\/es\/tienda\/\"},{\"@type\":\"ListItem\",\"position\":3,\"name\":\"RUBBER 8,25&#8243; X 32&#8243;\"}]},{\"@type\":\"WebSite\",\"@id\":\"https:\/\/millerdivision.com\/es\/#website\",\"url\":\"https:\/\/millerdivision.com\/es\/\",\"name\":\"Miller Division\",\"description\":\"Miller Skateboards | Shop now, ride forever\",\"potentialAction\":[{\"@type\":\"SearchAction\",\"target\":{\"@type\":\"EntryPoint\",\"urlTemplate\":\"https:\/\/millerdivision.com\/es\/?s={search_term_string}\"},\"query-input\":{\"@type\":\"PropertyValueSpecification\",\"valueRequired\":true,\"valueName\":\"search_term_string\"}}],\"inLanguage\":\"es\"}]}<\/script>\n<!-- \/ Yoast SEO plugin. -->","yoast_head_json":{"title":"RUBBER 8,25\" X 32\" - Miller Division","robots":{"index":"index","follow":"follow","max-snippet":"max-snippet:-1","max-image-preview":"max-image-preview:large","max-video-preview":"max-video-preview:-1"},"canonical":"https:\/\/millerdivision.com\/es\/shop\/skateboards-es\/tablas-es\/rubber-825-x-32\/","og_locale":"es_ES","og_type":"article","og_title":"RUBBER 8,25\" X 32\" - Miller Division","og_description":"El arce canadiense es ampliamente conocido por ser la mejor madera para fabricar tablas de skate. Las principales ventajas son: peso ligero, mejor flexibilidad, extremadamente fuerte, pop perfecto y duradero. Todas las tablas de skate de Point est\u00e1n prensadas en fr\u00edo. Este m\u00e9todo lleva m\u00e1s tiempo que una plataforma prensada en caliente, pero no somete [&hellip;]","og_url":"https:\/\/millerdivision.com\/es\/shop\/skateboards-es\/tablas-es\/rubber-825-x-32\/","og_site_name":"Miller Division","article_modified_time":"2026-03-09T07:23:16+00:00","og_image":[{"width":1440,"height":1440,"url":"https:\/\/millerdivision.com\/wp-content\/uploads\/2021\/11\/rubber-1.jpg?_t=1672400341","type":"image\/jpeg"}],"twitter_card":"summary_large_image","schema":{"@context":"https:\/\/schema.org","@graph":[{"@type":"WebPage","@id":"https:\/\/millerdivision.com\/es\/shop\/skateboards-es\/tablas-es\/rubber-825-x-32\/","url":"https:\/\/millerdivision.com\/es\/shop\/skateboards-es\/tablas-es\/rubber-825-x-32\/","name":"RUBBER 8,25\" X 32\" - Miller Division","isPartOf":{"@id":"https:\/\/millerdivision.com\/es\/#website"},"primaryImageOfPage":{"@id":"https:\/\/millerdivision.com\/es\/shop\/skateboards-es\/tablas-es\/rubber-825-x-32\/#primaryimage"},"image":{"@id":"https:\/\/millerdivision.com\/es\/shop\/skateboards-es\/tablas-es\/rubber-825-x-32\/#primaryimage"},"thumbnailUrl":"https:\/\/millerdivision.com\/wp-content\/uploads\/2021\/11\/rubber-1.jpg","datePublished":"2021-11-25T12:02:47+00:00","dateModified":"2026-03-09T07:23:16+00:00","breadcrumb":{"@id":"https:\/\/millerdivision.com\/es\/shop\/skateboards-es\/tablas-es\/rubber-825-x-32\/#breadcrumb"},"inLanguage":"es","potentialAction":[{"@type":"ReadAction","target":["https:\/\/millerdivision.com\/es\/shop\/skateboards-es\/tablas-es\/rubber-825-x-32\/"]}]},{"@type":"ImageObject","inLanguage":"es","@id":"https:\/\/millerdivision.com\/es\/shop\/skateboards-es\/tablas-es\/rubber-825-x-32\/#primaryimage","url":"https:\/\/millerdivision.com\/wp-content\/uploads\/2021\/11\/rubber-1.jpg","contentUrl":"https:\/\/millerdivision.com\/wp-content\/uploads\/2021\/11\/rubber-1.jpg","width":1440,"height":1440},{"@type":"BreadcrumbList","@id":"https:\/\/millerdivision.com\/es\/shop\/skateboards-es\/tablas-es\/rubber-825-x-32\/#breadcrumb","itemListElement":[{"@type":"ListItem","position":1,"name":"Home","item":"https:\/\/millerdivision.com\/es\/"},{"@type":"ListItem","position":2,"name":"Tienda","item":"https:\/\/millerdivision.com\/es\/tienda\/"},{"@type":"ListItem","position":3,"name":"RUBBER 8,25&#8243; X 32&#8243;"}]},{"@type":"WebSite","@id":"https:\/\/millerdivision.com\/es\/#website","url":"https:\/\/millerdivision.com\/es\/","name":"Miller Division","description":"Miller Skateboards | Shop now, ride forever","potentialAction":[{"@type":"SearchAction","target":{"@type":"EntryPoint","urlTemplate":"https:\/\/millerdivision.com\/es\/?s={search_term_string}"},"query-input":{"@type":"PropertyValueSpecification","valueRequired":true,"valueName":"search_term_string"}}],"inLanguage":"es"}]}},"_links":{"self":[{"href":"https:\/\/millerdivision.com\/es\/wp-json\/wp\/v2\/product\/28030","targetHints":{"allow":["GET"]}}],"collection":[{"href":"https:\/\/millerdivision.com\/es\/wp-json\/wp\/v2\/product"}],"about":[{"href":"https:\/\/millerdivision.com\/es\/wp-json\/wp\/v2\/types\/product"}],"replies":[{"embeddable":true,"href":"https:\/\/millerdivision.com\/es\/wp-json\/wp\/v2\/comments?post=28030"}],"wp:featuredmedia":[{"embeddable":true,"href":"https:\/\/millerdivision.com\/es\/wp-json\/wp\/v2\/media\/27693"}],"wp:attachment":[{"href":"https:\/\/millerdivision.com\/es\/wp-json\/wp\/v2\/media?parent=28030"}],"wp:term":[{"taxonomy":"product_cat","embeddable":true,"href":"https:\/\/millerdivision.com\/es\/wp-json\/wp\/v2\/product_cat?post=28030"},{"taxonomy":"product_tag","embeddable":true,"href":"https:\/\/millerdivision.com\/es\/wp-json\/wp\/v2\/product_tag?post=28030"}],"curies":[{"name":"wp","href":"https:\/\/api.w.org\/{rel}","templated":true}]}}