{"id":28025,"date":"2021-11-18T11:27:40","date_gmt":"2021-11-25T11:12:17","guid":{"rendered":"http:\/\/millerdivision.com\/?post_type=product&#038;p=28025"},"modified":"2022-12-30T12:38:57","modified_gmt":"2022-12-30T11:38:57","slug":"touch-41-x-9","status":"publish","type":"product","link":"https:\/\/millerdivision.com\/es\/shop\/longboards-es\/freestyle-series-es\/touch-41-x-9\/","title":{"rendered":"TOUCH 41&#8243; X 9&#8243;"},"content":{"rendered":"<p id=\"tw-target-text\" class=\"tw-data-text tw-text-large tw-ta\" dir=\"ltr\" data-placeholder=\"Traducci\u00f3n\"><span class=\"Y2IQFc\" lang=\"es\">Nuestro drop m\u00e1s vers\u00e1til, algunas cosas nunca cambian y un cl\u00e1sico siempre ser\u00e1 un cl\u00e1sico. Drop through, c\u00f3ncavo medio, arce canadiense premium de 8 capas, flexi\u00f3n media &#8230; El longboard perfecto para Freestyle, Carving, Slide.<\/span><\/p>\n<p>&nbsp;<\/p>\n<table style=\"width: 94.0066%; height: 216px;\" summary=\"Caracter\u00edsticas del Modelo The Camps\" width=\"400\" cellspacing=\"0\" cellpadding=\"0\">\n<tbody>\n<tr style=\"height: 24px;\">\n<th style=\"height: 24px; width: 35.061%;\">Largo<\/th>\n<td style=\"height: 24px; width: 107.012%;\">41\u00bb<\/td>\n<\/tr>\n<tr style=\"height: 24px;\">\n<th style=\"height: 24px; width: 35.061%;\">Ancho<\/th>\n<td style=\"height: 24px; width: 107.012%;\">9&#8243;<\/td>\n<\/tr>\n<tr style=\"height: 24px;\">\n<th style=\"height: 24px; width: 35.061%;\">De eje a eje<\/th>\n<td style=\"height: 24px; width: 107.012%;\">28,16&#8243;<\/td>\n<\/tr>\n<tr style=\"height: 24px;\">\n<th style=\"height: 24px; width: 35.061%;\">Madera<\/th>\n<td style=\"height: 24px; width: 107.012%;\">8 capas 100% arce canadiense<\/td>\n<\/tr>\n<tr style=\"height: 24px;\">\n<th style=\"height: 24px; width: 35.061%;\">Griptape<\/th>\n<td style=\"height: 24px; width: 107.012%;\">High quality<\/td>\n<\/tr>\n<tr style=\"height: 24px;\">\n<th style=\"height: 24px; width: 35.061%;\">Ejes<\/th>\n<td style=\"height: 24px; width: 107.012%;\">Miller Reverse kingpin 180mm<\/td>\n<\/tr>\n<tr style=\"height: 24px;\">\n<th style=\"height: 24px; width: 35.061%;\">Hardware<\/th>\n<td style=\"height: 24px; width: 107.012%;\">Allen<\/td>\n<\/tr>\n<tr style=\"height: 24px;\">\n<th style=\"height: 24px; width: 35.061%;\">Rodamientos<\/th>\n<td style=\"height: 24px; width: 107.012%;\">Abec 7 Chrome steel<\/td>\n<\/tr>\n<tr style=\"height: 24px;\">\n<th style=\"height: 24px; width: 35.061%;\">Ruedas<\/th>\n<td style=\"height: 24px; width: 107.012%;\">Creek 70 mm, 78 a<\/td>\n<\/tr>\n<\/tbody>\n<\/table>\n","protected":false},"excerpt":{"rendered":"<p>Nuestro drop m\u00e1s vers\u00e1til, algunas cosas nunca cambian y un cl\u00e1sico siempre ser\u00e1 un cl\u00e1sico. Drop through, c\u00f3ncavo medio, arce canadiense premium de 8 capas, flexi\u00f3n media &#8230; El longboard perfecto para Freestyle, Carving, Slide. &nbsp; Largo 41\u00bb Ancho 9&#8243; De eje a eje 28,16&#8243; Madera 8 capas 100% arce canadiense Griptape High quality Ejes [&hellip;]<\/p>\n","protected":false},"featured_media":27955,"comment_status":"closed","ping_status":"closed","template":"","meta":[],"product_cat":[119,118],"product_tag":[],"class_list":["post-28025","product","type-product","status-publish","has-post-thumbnail","hentry","product_cat-freestyle-series-es","product_cat-longboards-es"],"acf":[],"yoast_head":"<!-- This site is optimized with the Yoast SEO plugin v27.1.1 - https:\/\/yoast.com\/product\/yoast-seo-wordpress\/ -->\n<title>TOUCH 41&quot; X 9&quot; - Miller Division<\/title>\n<meta name=\"robots\" content=\"index, follow, max-snippet:-1, max-image-preview:large, max-video-preview:-1\" \/>\n<link rel=\"canonical\" href=\"https:\/\/millerdivision.com\/es\/shop\/longboards-es\/freestyle-series-es\/touch-41-x-9\/\" \/>\n<meta property=\"og:locale\" content=\"es_ES\" \/>\n<meta property=\"og:type\" content=\"article\" \/>\n<meta property=\"og:title\" content=\"TOUCH 41&quot; X 9&quot; - Miller Division\" \/>\n<meta property=\"og:description\" content=\"Nuestro drop m\u00e1s vers\u00e1til, algunas cosas nunca cambian y un cl\u00e1sico siempre ser\u00e1 un cl\u00e1sico. Drop through, c\u00f3ncavo medio, arce canadiense premium de 8 capas, flexi\u00f3n media &#8230; El longboard perfecto para Freestyle, Carving, Slide. &nbsp; Largo 41\u00bb Ancho 9&#8243; De eje a eje 28,16&#8243; Madera 8 capas 100% arce canadiense Griptape High quality Ejes [&hellip;]\" \/>\n<meta property=\"og:url\" content=\"https:\/\/millerdivision.com\/es\/shop\/longboards-es\/freestyle-series-es\/touch-41-x-9\/\" \/>\n<meta property=\"og:site_name\" content=\"Miller Division\" \/>\n<meta property=\"article:modified_time\" content=\"2022-12-30T11:38:57+00:00\" \/>\n<meta property=\"og:image\" content=\"https:\/\/millerdivision.com\/wp-content\/uploads\/2021\/11\/touch-1.jpg?_t=1699541988\" \/>\n\t<meta property=\"og:image:width\" content=\"1440\" \/>\n\t<meta property=\"og:image:height\" content=\"1440\" \/>\n\t<meta property=\"og:image:type\" content=\"image\/jpeg\" \/>\n<meta name=\"twitter:card\" content=\"summary_large_image\" \/>\n<script type=\"application\/ld+json\" class=\"yoast-schema-graph\">{\"@context\":\"https:\/\/schema.org\",\"@graph\":[{\"@type\":\"WebPage\",\"@id\":\"https:\/\/millerdivision.com\/es\/shop\/longboards-es\/freestyle-series-es\/touch-41-x-9\/\",\"url\":\"https:\/\/millerdivision.com\/es\/shop\/longboards-es\/freestyle-series-es\/touch-41-x-9\/\",\"name\":\"TOUCH 41\\\" X 9\\\" - Miller Division\",\"isPartOf\":{\"@id\":\"https:\/\/millerdivision.com\/es\/#website\"},\"primaryImageOfPage\":{\"@id\":\"https:\/\/millerdivision.com\/es\/shop\/longboards-es\/freestyle-series-es\/touch-41-x-9\/#primaryimage\"},\"image\":{\"@id\":\"https:\/\/millerdivision.com\/es\/shop\/longboards-es\/freestyle-series-es\/touch-41-x-9\/#primaryimage\"},\"thumbnailUrl\":\"https:\/\/millerdivision.com\/wp-content\/uploads\/2021\/11\/touch-1.jpg\",\"datePublished\":\"2021-11-25T11:12:17+00:00\",\"dateModified\":\"2022-12-30T11:38:57+00:00\",\"breadcrumb\":{\"@id\":\"https:\/\/millerdivision.com\/es\/shop\/longboards-es\/freestyle-series-es\/touch-41-x-9\/#breadcrumb\"},\"inLanguage\":\"es\",\"potentialAction\":[{\"@type\":\"ReadAction\",\"target\":[\"https:\/\/millerdivision.com\/es\/shop\/longboards-es\/freestyle-series-es\/touch-41-x-9\/\"]}]},{\"@type\":\"ImageObject\",\"inLanguage\":\"es\",\"@id\":\"https:\/\/millerdivision.com\/es\/shop\/longboards-es\/freestyle-series-es\/touch-41-x-9\/#primaryimage\",\"url\":\"https:\/\/millerdivision.com\/wp-content\/uploads\/2021\/11\/touch-1.jpg\",\"contentUrl\":\"https:\/\/millerdivision.com\/wp-content\/uploads\/2021\/11\/touch-1.jpg\",\"width\":1440,\"height\":1440},{\"@type\":\"BreadcrumbList\",\"@id\":\"https:\/\/millerdivision.com\/es\/shop\/longboards-es\/freestyle-series-es\/touch-41-x-9\/#breadcrumb\",\"itemListElement\":[{\"@type\":\"ListItem\",\"position\":1,\"name\":\"Home\",\"item\":\"https:\/\/millerdivision.com\/es\/\"},{\"@type\":\"ListItem\",\"position\":2,\"name\":\"Tienda\",\"item\":\"https:\/\/millerdivision.com\/es\/tienda\/\"},{\"@type\":\"ListItem\",\"position\":3,\"name\":\"TOUCH 41&#8243; X 9&#8243;\"}]},{\"@type\":\"WebSite\",\"@id\":\"https:\/\/millerdivision.com\/es\/#website\",\"url\":\"https:\/\/millerdivision.com\/es\/\",\"name\":\"Miller Division\",\"description\":\"Miller Skateboards | Shop now, ride forever\",\"potentialAction\":[{\"@type\":\"SearchAction\",\"target\":{\"@type\":\"EntryPoint\",\"urlTemplate\":\"https:\/\/millerdivision.com\/es\/?s={search_term_string}\"},\"query-input\":{\"@type\":\"PropertyValueSpecification\",\"valueRequired\":true,\"valueName\":\"search_term_string\"}}],\"inLanguage\":\"es\"}]}<\/script>\n<!-- \/ Yoast SEO plugin. -->","yoast_head_json":{"title":"TOUCH 41\" X 9\" - Miller Division","robots":{"index":"index","follow":"follow","max-snippet":"max-snippet:-1","max-image-preview":"max-image-preview:large","max-video-preview":"max-video-preview:-1"},"canonical":"https:\/\/millerdivision.com\/es\/shop\/longboards-es\/freestyle-series-es\/touch-41-x-9\/","og_locale":"es_ES","og_type":"article","og_title":"TOUCH 41\" X 9\" - Miller Division","og_description":"Nuestro drop m\u00e1s vers\u00e1til, algunas cosas nunca cambian y un cl\u00e1sico siempre ser\u00e1 un cl\u00e1sico. Drop through, c\u00f3ncavo medio, arce canadiense premium de 8 capas, flexi\u00f3n media &#8230; El longboard perfecto para Freestyle, Carving, Slide. &nbsp; Largo 41\u00bb Ancho 9&#8243; De eje a eje 28,16&#8243; Madera 8 capas 100% arce canadiense Griptape High quality Ejes [&hellip;]","og_url":"https:\/\/millerdivision.com\/es\/shop\/longboards-es\/freestyle-series-es\/touch-41-x-9\/","og_site_name":"Miller Division","article_modified_time":"2022-12-30T11:38:57+00:00","og_image":[{"width":1440,"height":1440,"url":"https:\/\/millerdivision.com\/wp-content\/uploads\/2021\/11\/touch-1.jpg?_t=1699541988","type":"image\/jpeg"}],"twitter_card":"summary_large_image","schema":{"@context":"https:\/\/schema.org","@graph":[{"@type":"WebPage","@id":"https:\/\/millerdivision.com\/es\/shop\/longboards-es\/freestyle-series-es\/touch-41-x-9\/","url":"https:\/\/millerdivision.com\/es\/shop\/longboards-es\/freestyle-series-es\/touch-41-x-9\/","name":"TOUCH 41\" X 9\" - Miller Division","isPartOf":{"@id":"https:\/\/millerdivision.com\/es\/#website"},"primaryImageOfPage":{"@id":"https:\/\/millerdivision.com\/es\/shop\/longboards-es\/freestyle-series-es\/touch-41-x-9\/#primaryimage"},"image":{"@id":"https:\/\/millerdivision.com\/es\/shop\/longboards-es\/freestyle-series-es\/touch-41-x-9\/#primaryimage"},"thumbnailUrl":"https:\/\/millerdivision.com\/wp-content\/uploads\/2021\/11\/touch-1.jpg","datePublished":"2021-11-25T11:12:17+00:00","dateModified":"2022-12-30T11:38:57+00:00","breadcrumb":{"@id":"https:\/\/millerdivision.com\/es\/shop\/longboards-es\/freestyle-series-es\/touch-41-x-9\/#breadcrumb"},"inLanguage":"es","potentialAction":[{"@type":"ReadAction","target":["https:\/\/millerdivision.com\/es\/shop\/longboards-es\/freestyle-series-es\/touch-41-x-9\/"]}]},{"@type":"ImageObject","inLanguage":"es","@id":"https:\/\/millerdivision.com\/es\/shop\/longboards-es\/freestyle-series-es\/touch-41-x-9\/#primaryimage","url":"https:\/\/millerdivision.com\/wp-content\/uploads\/2021\/11\/touch-1.jpg","contentUrl":"https:\/\/millerdivision.com\/wp-content\/uploads\/2021\/11\/touch-1.jpg","width":1440,"height":1440},{"@type":"BreadcrumbList","@id":"https:\/\/millerdivision.com\/es\/shop\/longboards-es\/freestyle-series-es\/touch-41-x-9\/#breadcrumb","itemListElement":[{"@type":"ListItem","position":1,"name":"Home","item":"https:\/\/millerdivision.com\/es\/"},{"@type":"ListItem","position":2,"name":"Tienda","item":"https:\/\/millerdivision.com\/es\/tienda\/"},{"@type":"ListItem","position":3,"name":"TOUCH 41&#8243; X 9&#8243;"}]},{"@type":"WebSite","@id":"https:\/\/millerdivision.com\/es\/#website","url":"https:\/\/millerdivision.com\/es\/","name":"Miller Division","description":"Miller Skateboards | Shop now, ride forever","potentialAction":[{"@type":"SearchAction","target":{"@type":"EntryPoint","urlTemplate":"https:\/\/millerdivision.com\/es\/?s={search_term_string}"},"query-input":{"@type":"PropertyValueSpecification","valueRequired":true,"valueName":"search_term_string"}}],"inLanguage":"es"}]}},"_links":{"self":[{"href":"https:\/\/millerdivision.com\/es\/wp-json\/wp\/v2\/product\/28025","targetHints":{"allow":["GET"]}}],"collection":[{"href":"https:\/\/millerdivision.com\/es\/wp-json\/wp\/v2\/product"}],"about":[{"href":"https:\/\/millerdivision.com\/es\/wp-json\/wp\/v2\/types\/product"}],"replies":[{"embeddable":true,"href":"https:\/\/millerdivision.com\/es\/wp-json\/wp\/v2\/comments?post=28025"}],"wp:featuredmedia":[{"embeddable":true,"href":"https:\/\/millerdivision.com\/es\/wp-json\/wp\/v2\/media\/27955"}],"wp:attachment":[{"href":"https:\/\/millerdivision.com\/es\/wp-json\/wp\/v2\/media?parent=28025"}],"wp:term":[{"taxonomy":"product_cat","embeddable":true,"href":"https:\/\/millerdivision.com\/es\/wp-json\/wp\/v2\/product_cat?post=28025"},{"taxonomy":"product_tag","embeddable":true,"href":"https:\/\/millerdivision.com\/es\/wp-json\/wp\/v2\/product_tag?post=28025"}],"curies":[{"name":"wp","href":"https:\/\/api.w.org\/{rel}","templated":true}]}}