{"id":27981,"date":"2021-11-18T11:36:56","date_gmt":"2021-11-18T10:36:56","guid":{"rendered":"http:\/\/millerdivision.com\/?post_type=product&#038;p=27981"},"modified":"2023-02-01T00:00:35","modified_gmt":"2023-01-31T23:00:35","slug":"bryce","status":"publish","type":"product","link":"https:\/\/millerdivision.com\/es\/shop\/baby-millers-es\/bryce\/","title":{"rendered":"BRYCE"},"content":{"rendered":"<p>\u00a1Nuestro cruiser de estilo retro de los a\u00f1os 70 y 80 sigue dando mucho juego! Ligero, resistente, duradero, r\u00e1pido y f\u00e1cil de manejar. \u00a1Ponle color a tu vida y disfruta del plastic skate como nunca antes! Rampas, carvings, cruising, slalom,\u2026 \u00a1Lo que quieras!<\/p>\n<table style=\"width: 88.815%;\" summary=\"Caracter\u00edsticas del Modelo Original\" width=\"400\" cellspacing=\"0\" cellpadding=\"0\">\n<tbody>\n<tr>\n<th style=\"width: 24.4275%;\">Largo<\/th>\n<td style=\"width: 408.695%;\">22.5\u00bb<\/td>\n<\/tr>\n<tr>\n<th style=\"width: 24.4275%;\">Ancho<\/th>\n<td style=\"width: 408.695%;\">6\u00bb<\/td>\n<\/tr>\n<tr>\n<th style=\"width: 24.4275%;\">Ruedas<\/th>\n<td style=\"width: 408.695%;\">Baby Miller 60 x 45 mm, 80a<\/td>\n<\/tr>\n<tr>\n<th style=\"width: 24.4275%;\">Tabla<\/th>\n<td style=\"width: 408.695%;\">Polypropylene (PP) special formula<\/td>\n<\/tr>\n<tr>\n<th style=\"width: 24.4275%;\">Ejes<\/th>\n<td style=\"width: 408.695%;\">Baby Miller high performance steel 3.1\u00bb<\/td>\n<\/tr>\n<tr>\n<th style=\"width: 24.4275%;\">Torniller\u00eda<\/th>\n<td style=\"width: 408.695%;\">Allen<\/td>\n<\/tr>\n<tr>\n<th style=\"width: 24.4275%;\">Rodamientos<\/th>\n<td style=\"width: 408.695%;\">Abec 7 carbon steel with spacers<\/td>\n<\/tr>\n<tr>\n<th style=\"width: 24.4275%;\">Gomas<\/th>\n<td style=\"width: 408.695%;\">90a<\/td>\n<\/tr>\n<\/tbody>\n<\/table>\n","protected":false},"excerpt":{"rendered":"<p>\u00a1Nuestro cruiser de estilo retro de los a\u00f1os 70 y 80 sigue dando mucho juego! Ligero, resistente, duradero, r\u00e1pido y f\u00e1cil de manejar. \u00a1Ponle color a tu vida y disfruta del plastic skate como nunca antes! Rampas, carvings, cruising, slalom,\u2026 \u00a1Lo que quieras!<\/p>\n","protected":false},"featured_media":27983,"comment_status":"closed","ping_status":"closed","template":"","meta":[],"product_cat":[123],"product_tag":[],"class_list":["post-27981","product","type-product","status-publish","has-post-thumbnail","hentry","product_cat-baby-millers-es"],"acf":[],"yoast_head":"<!-- This site is optimized with the Yoast SEO plugin v27.1.1 - https:\/\/yoast.com\/product\/yoast-seo-wordpress\/ -->\n<title>BRYCE - Miller Division<\/title>\n<meta name=\"robots\" content=\"index, follow, max-snippet:-1, max-image-preview:large, max-video-preview:-1\" \/>\n<link rel=\"canonical\" href=\"https:\/\/millerdivision.com\/es\/shop\/baby-millers-es\/bryce\/\" \/>\n<meta property=\"og:locale\" content=\"es_ES\" \/>\n<meta property=\"og:type\" content=\"article\" \/>\n<meta property=\"og:title\" content=\"BRYCE - Miller Division\" \/>\n<meta property=\"og:description\" content=\"\u00a1Nuestro cruiser de estilo retro de los a\u00f1os 70 y 80 sigue dando mucho juego! Ligero, resistente, duradero, r\u00e1pido y f\u00e1cil de manejar. \u00a1Ponle color a tu vida y disfruta del plastic skate como nunca antes! Rampas, carvings, cruising, slalom,\u2026 \u00a1Lo que quieras!\" \/>\n<meta property=\"og:url\" content=\"https:\/\/millerdivision.com\/es\/shop\/baby-millers-es\/bryce\/\" \/>\n<meta property=\"og:site_name\" content=\"Miller Division\" \/>\n<meta property=\"article:modified_time\" content=\"2023-01-31T23:00:35+00:00\" \/>\n<meta property=\"og:image\" content=\"https:\/\/millerdivision.com\/wp-content\/uploads\/2021\/11\/bryce-1.jpg?_t=1672400353\" \/>\n\t<meta property=\"og:image:width\" content=\"1440\" \/>\n\t<meta property=\"og:image:height\" content=\"1440\" \/>\n\t<meta property=\"og:image:type\" content=\"image\/jpeg\" \/>\n<meta name=\"twitter:card\" content=\"summary_large_image\" \/>\n<script type=\"application\/ld+json\" class=\"yoast-schema-graph\">{\"@context\":\"https:\/\/schema.org\",\"@graph\":[{\"@type\":\"WebPage\",\"@id\":\"https:\/\/millerdivision.com\/es\/shop\/baby-millers-es\/bryce\/\",\"url\":\"https:\/\/millerdivision.com\/es\/shop\/baby-millers-es\/bryce\/\",\"name\":\"BRYCE - Miller Division\",\"isPartOf\":{\"@id\":\"https:\/\/millerdivision.com\/es\/#website\"},\"primaryImageOfPage\":{\"@id\":\"https:\/\/millerdivision.com\/es\/shop\/baby-millers-es\/bryce\/#primaryimage\"},\"image\":{\"@id\":\"https:\/\/millerdivision.com\/es\/shop\/baby-millers-es\/bryce\/#primaryimage\"},\"thumbnailUrl\":\"https:\/\/millerdivision.com\/wp-content\/uploads\/2021\/11\/bryce-1.jpg\",\"datePublished\":\"2021-11-18T10:36:56+00:00\",\"dateModified\":\"2023-01-31T23:00:35+00:00\",\"breadcrumb\":{\"@id\":\"https:\/\/millerdivision.com\/es\/shop\/baby-millers-es\/bryce\/#breadcrumb\"},\"inLanguage\":\"es\",\"potentialAction\":[{\"@type\":\"ReadAction\",\"target\":[\"https:\/\/millerdivision.com\/es\/shop\/baby-millers-es\/bryce\/\"]}]},{\"@type\":\"ImageObject\",\"inLanguage\":\"es\",\"@id\":\"https:\/\/millerdivision.com\/es\/shop\/baby-millers-es\/bryce\/#primaryimage\",\"url\":\"https:\/\/millerdivision.com\/wp-content\/uploads\/2021\/11\/bryce-1.jpg\",\"contentUrl\":\"https:\/\/millerdivision.com\/wp-content\/uploads\/2021\/11\/bryce-1.jpg\",\"width\":1440,\"height\":1440},{\"@type\":\"BreadcrumbList\",\"@id\":\"https:\/\/millerdivision.com\/es\/shop\/baby-millers-es\/bryce\/#breadcrumb\",\"itemListElement\":[{\"@type\":\"ListItem\",\"position\":1,\"name\":\"Home\",\"item\":\"https:\/\/millerdivision.com\/es\/\"},{\"@type\":\"ListItem\",\"position\":2,\"name\":\"Tienda\",\"item\":\"https:\/\/millerdivision.com\/es\/tienda\/\"},{\"@type\":\"ListItem\",\"position\":3,\"name\":\"BRYCE\"}]},{\"@type\":\"WebSite\",\"@id\":\"https:\/\/millerdivision.com\/es\/#website\",\"url\":\"https:\/\/millerdivision.com\/es\/\",\"name\":\"Miller Division\",\"description\":\"Miller Skateboards | Shop now, ride forever\",\"potentialAction\":[{\"@type\":\"SearchAction\",\"target\":{\"@type\":\"EntryPoint\",\"urlTemplate\":\"https:\/\/millerdivision.com\/es\/?s={search_term_string}\"},\"query-input\":{\"@type\":\"PropertyValueSpecification\",\"valueRequired\":true,\"valueName\":\"search_term_string\"}}],\"inLanguage\":\"es\"}]}<\/script>\n<!-- \/ Yoast SEO plugin. -->","yoast_head_json":{"title":"BRYCE - Miller Division","robots":{"index":"index","follow":"follow","max-snippet":"max-snippet:-1","max-image-preview":"max-image-preview:large","max-video-preview":"max-video-preview:-1"},"canonical":"https:\/\/millerdivision.com\/es\/shop\/baby-millers-es\/bryce\/","og_locale":"es_ES","og_type":"article","og_title":"BRYCE - Miller Division","og_description":"\u00a1Nuestro cruiser de estilo retro de los a\u00f1os 70 y 80 sigue dando mucho juego! Ligero, resistente, duradero, r\u00e1pido y f\u00e1cil de manejar. \u00a1Ponle color a tu vida y disfruta del plastic skate como nunca antes! Rampas, carvings, cruising, slalom,\u2026 \u00a1Lo que quieras!","og_url":"https:\/\/millerdivision.com\/es\/shop\/baby-millers-es\/bryce\/","og_site_name":"Miller Division","article_modified_time":"2023-01-31T23:00:35+00:00","og_image":[{"width":1440,"height":1440,"url":"https:\/\/millerdivision.com\/wp-content\/uploads\/2021\/11\/bryce-1.jpg?_t=1672400353","type":"image\/jpeg"}],"twitter_card":"summary_large_image","schema":{"@context":"https:\/\/schema.org","@graph":[{"@type":"WebPage","@id":"https:\/\/millerdivision.com\/es\/shop\/baby-millers-es\/bryce\/","url":"https:\/\/millerdivision.com\/es\/shop\/baby-millers-es\/bryce\/","name":"BRYCE - Miller Division","isPartOf":{"@id":"https:\/\/millerdivision.com\/es\/#website"},"primaryImageOfPage":{"@id":"https:\/\/millerdivision.com\/es\/shop\/baby-millers-es\/bryce\/#primaryimage"},"image":{"@id":"https:\/\/millerdivision.com\/es\/shop\/baby-millers-es\/bryce\/#primaryimage"},"thumbnailUrl":"https:\/\/millerdivision.com\/wp-content\/uploads\/2021\/11\/bryce-1.jpg","datePublished":"2021-11-18T10:36:56+00:00","dateModified":"2023-01-31T23:00:35+00:00","breadcrumb":{"@id":"https:\/\/millerdivision.com\/es\/shop\/baby-millers-es\/bryce\/#breadcrumb"},"inLanguage":"es","potentialAction":[{"@type":"ReadAction","target":["https:\/\/millerdivision.com\/es\/shop\/baby-millers-es\/bryce\/"]}]},{"@type":"ImageObject","inLanguage":"es","@id":"https:\/\/millerdivision.com\/es\/shop\/baby-millers-es\/bryce\/#primaryimage","url":"https:\/\/millerdivision.com\/wp-content\/uploads\/2021\/11\/bryce-1.jpg","contentUrl":"https:\/\/millerdivision.com\/wp-content\/uploads\/2021\/11\/bryce-1.jpg","width":1440,"height":1440},{"@type":"BreadcrumbList","@id":"https:\/\/millerdivision.com\/es\/shop\/baby-millers-es\/bryce\/#breadcrumb","itemListElement":[{"@type":"ListItem","position":1,"name":"Home","item":"https:\/\/millerdivision.com\/es\/"},{"@type":"ListItem","position":2,"name":"Tienda","item":"https:\/\/millerdivision.com\/es\/tienda\/"},{"@type":"ListItem","position":3,"name":"BRYCE"}]},{"@type":"WebSite","@id":"https:\/\/millerdivision.com\/es\/#website","url":"https:\/\/millerdivision.com\/es\/","name":"Miller Division","description":"Miller Skateboards | Shop now, ride forever","potentialAction":[{"@type":"SearchAction","target":{"@type":"EntryPoint","urlTemplate":"https:\/\/millerdivision.com\/es\/?s={search_term_string}"},"query-input":{"@type":"PropertyValueSpecification","valueRequired":true,"valueName":"search_term_string"}}],"inLanguage":"es"}]}},"_links":{"self":[{"href":"https:\/\/millerdivision.com\/es\/wp-json\/wp\/v2\/product\/27981","targetHints":{"allow":["GET"]}}],"collection":[{"href":"https:\/\/millerdivision.com\/es\/wp-json\/wp\/v2\/product"}],"about":[{"href":"https:\/\/millerdivision.com\/es\/wp-json\/wp\/v2\/types\/product"}],"replies":[{"embeddable":true,"href":"https:\/\/millerdivision.com\/es\/wp-json\/wp\/v2\/comments?post=27981"}],"wp:featuredmedia":[{"embeddable":true,"href":"https:\/\/millerdivision.com\/es\/wp-json\/wp\/v2\/media\/27983"}],"wp:attachment":[{"href":"https:\/\/millerdivision.com\/es\/wp-json\/wp\/v2\/media?parent=27981"}],"wp:term":[{"taxonomy":"product_cat","embeddable":true,"href":"https:\/\/millerdivision.com\/es\/wp-json\/wp\/v2\/product_cat?post=27981"},{"taxonomy":"product_tag","embeddable":true,"href":"https:\/\/millerdivision.com\/es\/wp-json\/wp\/v2\/product_tag?post=27981"}],"curies":[{"name":"wp","href":"https:\/\/api.w.org\/{rel}","templated":true}]}}