{"id":27898,"date":"2021-11-17T12:46:51","date_gmt":"2021-11-17T11:46:51","guid":{"rendered":"http:\/\/millerdivision.com\/?post_type=product&#038;p=27898"},"modified":"2023-02-01T00:00:35","modified_gmt":"2023-01-31T23:00:35","slug":"fiji-29-x-85","status":"publish","type":"product","link":"https:\/\/millerdivision.com\/es\/shop\/cruisers-es\/fiji-29-x-85\/","title":{"rendered":"FIJI 29&#8243; X 8,5&#8243;"},"content":{"rendered":"<p id=\"tw-target-text\" class=\"tw-data-text tw-text-large tw-ta\" dir=\"ltr\" data-placeholder=\"Traducci\u00f3n\"><span class=\"Y2IQFc\" lang=\"es\">De las ex\u00f3ticas islas Fiji llega el nuevo \u00abFiji\u00bb A \u00abcruiser\u00bb: gracias a sus medidas perfectas (29 \u00abde largo y 8.5\u00bb de ancho), brinda comodidad a tus pies sin dejar de tener un tama\u00f1o razonable para llevar contigo a todas partes. Ruedas transparentes de 60 mm, 7 capas de arce canadiense e impresi\u00f3n digital en la empu\u00f1adura.<\/span><\/p>\n<table summary=\"Caracter\u00edsticas del Modelo The Camps\" cellspacing=\"0\" cellpadding=\"0\">\n<tbody>\n<tr>\n<th style=\"width: 133px;\"><span style=\"font-weight: 400;\">Largo<\/span><\/th>\n<td style=\"width: 265px;\">29\u00bb<\/td>\n<\/tr>\n<tr>\n<th style=\"width: 133px;\"><span style=\"font-weight: 400;\">Ancho<\/span><\/th>\n<td style=\"width: 265px;\">8,5&#8243;<\/td>\n<\/tr>\n<tr>\n<th style=\"width: 133px;\"><span style=\"font-weight: 400;\">Madera<\/span><\/th>\n<td style=\"width: 265px;\">7 x plies 100% canadian maple<\/td>\n<\/tr>\n<tr>\n<th style=\"width: 133px;\"><span style=\"font-weight: 400;\">Ejes<\/span><\/th>\n<td style=\"width: 265px;\">High Quality Steel 5&#8243;<\/td>\n<\/tr>\n<tr>\n<th style=\"width: 133px;\"><span style=\"font-weight: 400;\">Torniller\u00eda<\/span><\/th>\n<td style=\"width: 265px;\">Allen<\/td>\n<\/tr>\n<tr>\n<th style=\"width: 133px;\"><span style=\"font-weight: 400;\">Rodamientos<\/span><\/th>\n<td style=\"width: 265px;\">Abec 9 Chrome steel<\/td>\n<\/tr>\n<tr>\n<th style=\"width: 133px;\"><span style=\"font-weight: 400;\">Ruedas<\/span><\/th>\n<td style=\"width: 265px;\">Creek 60 mm \/ 80 a<\/td>\n<\/tr>\n<tr>\n<th style=\"width: 133px;\"><span style=\"font-weight: 400;\">Lija<\/span><\/th>\n<td style=\"width: 265px;\">High Performance<\/td>\n<\/tr>\n<tr>\n<th style=\"width: 133px;\"><span style=\"font-weight: 400;\">De eje a eje<\/span><\/th>\n<td style=\"width: 265px;\">14.2&#8243;<\/td>\n<\/tr>\n<\/tbody>\n<\/table>\n","protected":false},"excerpt":{"rendered":"<p>\u00a1Finalmente, los riders tienen lo que se merecen! \u00a1Primera clase! Vuela con este monopat\u00edn extra ancho, tanto en ejes como en la propia tabla. Ramps, Street, Cruising\u2026 \u00a1El Air Force One ya est\u00e1 aqu\u00ed!<\/p>\n","protected":false},"featured_media":27900,"comment_status":"closed","ping_status":"closed","template":"","meta":[],"product_cat":[122],"product_tag":[],"class_list":["post-27898","product","type-product","status-publish","has-post-thumbnail","hentry","product_cat-cruisers-es"],"acf":[],"yoast_head":"<!-- This site is optimized with the Yoast SEO plugin v27.1.1 - https:\/\/yoast.com\/product\/yoast-seo-wordpress\/ -->\n<title>FIJI 29&quot; X 8,5&quot; - Miller Division<\/title>\n<meta name=\"robots\" content=\"index, follow, max-snippet:-1, max-image-preview:large, max-video-preview:-1\" \/>\n<link rel=\"canonical\" href=\"https:\/\/millerdivision.com\/es\/shop\/cruisers-es\/fiji-29-x-85\/\" \/>\n<meta property=\"og:locale\" content=\"es_ES\" \/>\n<meta property=\"og:type\" content=\"article\" \/>\n<meta property=\"og:title\" content=\"FIJI 29&quot; X 8,5&quot; - Miller Division\" \/>\n<meta property=\"og:description\" content=\"\u00a1Finalmente, los riders tienen lo que se merecen! \u00a1Primera clase! Vuela con este monopat\u00edn extra ancho, tanto en ejes como en la propia tabla. Ramps, Street, Cruising\u2026 \u00a1El Air Force One ya est\u00e1 aqu\u00ed!\" \/>\n<meta property=\"og:url\" content=\"https:\/\/millerdivision.com\/es\/shop\/cruisers-es\/fiji-29-x-85\/\" \/>\n<meta property=\"og:site_name\" content=\"Miller Division\" \/>\n<meta property=\"article:modified_time\" content=\"2023-01-31T23:00:35+00:00\" \/>\n<meta property=\"og:image\" content=\"https:\/\/millerdivision.com\/wp-content\/uploads\/2021\/11\/fiji-1.jpg?_t=1672400344\" \/>\n\t<meta property=\"og:image:width\" content=\"1440\" \/>\n\t<meta property=\"og:image:height\" content=\"1440\" \/>\n\t<meta property=\"og:image:type\" content=\"image\/jpeg\" \/>\n<meta name=\"twitter:card\" content=\"summary_large_image\" \/>\n<script type=\"application\/ld+json\" class=\"yoast-schema-graph\">{\"@context\":\"https:\/\/schema.org\",\"@graph\":[{\"@type\":\"WebPage\",\"@id\":\"https:\/\/millerdivision.com\/es\/shop\/cruisers-es\/fiji-29-x-85\/\",\"url\":\"https:\/\/millerdivision.com\/es\/shop\/cruisers-es\/fiji-29-x-85\/\",\"name\":\"FIJI 29\\\" X 8,5\\\" - Miller Division\",\"isPartOf\":{\"@id\":\"https:\/\/millerdivision.com\/es\/#website\"},\"primaryImageOfPage\":{\"@id\":\"https:\/\/millerdivision.com\/es\/shop\/cruisers-es\/fiji-29-x-85\/#primaryimage\"},\"image\":{\"@id\":\"https:\/\/millerdivision.com\/es\/shop\/cruisers-es\/fiji-29-x-85\/#primaryimage\"},\"thumbnailUrl\":\"https:\/\/millerdivision.com\/wp-content\/uploads\/2021\/11\/fiji-1.jpg\",\"datePublished\":\"2021-11-17T11:46:51+00:00\",\"dateModified\":\"2023-01-31T23:00:35+00:00\",\"breadcrumb\":{\"@id\":\"https:\/\/millerdivision.com\/es\/shop\/cruisers-es\/fiji-29-x-85\/#breadcrumb\"},\"inLanguage\":\"es\",\"potentialAction\":[{\"@type\":\"ReadAction\",\"target\":[\"https:\/\/millerdivision.com\/es\/shop\/cruisers-es\/fiji-29-x-85\/\"]}]},{\"@type\":\"ImageObject\",\"inLanguage\":\"es\",\"@id\":\"https:\/\/millerdivision.com\/es\/shop\/cruisers-es\/fiji-29-x-85\/#primaryimage\",\"url\":\"https:\/\/millerdivision.com\/wp-content\/uploads\/2021\/11\/fiji-1.jpg\",\"contentUrl\":\"https:\/\/millerdivision.com\/wp-content\/uploads\/2021\/11\/fiji-1.jpg\",\"width\":1440,\"height\":1440},{\"@type\":\"BreadcrumbList\",\"@id\":\"https:\/\/millerdivision.com\/es\/shop\/cruisers-es\/fiji-29-x-85\/#breadcrumb\",\"itemListElement\":[{\"@type\":\"ListItem\",\"position\":1,\"name\":\"Home\",\"item\":\"https:\/\/millerdivision.com\/es\/\"},{\"@type\":\"ListItem\",\"position\":2,\"name\":\"Tienda\",\"item\":\"https:\/\/millerdivision.com\/es\/tienda\/\"},{\"@type\":\"ListItem\",\"position\":3,\"name\":\"FIJI 29&#8243; X 8,5&#8243;\"}]},{\"@type\":\"WebSite\",\"@id\":\"https:\/\/millerdivision.com\/es\/#website\",\"url\":\"https:\/\/millerdivision.com\/es\/\",\"name\":\"Miller Division\",\"description\":\"Miller Skateboards | Shop now, ride forever\",\"potentialAction\":[{\"@type\":\"SearchAction\",\"target\":{\"@type\":\"EntryPoint\",\"urlTemplate\":\"https:\/\/millerdivision.com\/es\/?s={search_term_string}\"},\"query-input\":{\"@type\":\"PropertyValueSpecification\",\"valueRequired\":true,\"valueName\":\"search_term_string\"}}],\"inLanguage\":\"es\"}]}<\/script>\n<!-- \/ Yoast SEO plugin. -->","yoast_head_json":{"title":"FIJI 29\" X 8,5\" - Miller Division","robots":{"index":"index","follow":"follow","max-snippet":"max-snippet:-1","max-image-preview":"max-image-preview:large","max-video-preview":"max-video-preview:-1"},"canonical":"https:\/\/millerdivision.com\/es\/shop\/cruisers-es\/fiji-29-x-85\/","og_locale":"es_ES","og_type":"article","og_title":"FIJI 29\" X 8,5\" - Miller Division","og_description":"\u00a1Finalmente, los riders tienen lo que se merecen! \u00a1Primera clase! Vuela con este monopat\u00edn extra ancho, tanto en ejes como en la propia tabla. Ramps, Street, Cruising\u2026 \u00a1El Air Force One ya est\u00e1 aqu\u00ed!","og_url":"https:\/\/millerdivision.com\/es\/shop\/cruisers-es\/fiji-29-x-85\/","og_site_name":"Miller Division","article_modified_time":"2023-01-31T23:00:35+00:00","og_image":[{"width":1440,"height":1440,"url":"https:\/\/millerdivision.com\/wp-content\/uploads\/2021\/11\/fiji-1.jpg?_t=1672400344","type":"image\/jpeg"}],"twitter_card":"summary_large_image","schema":{"@context":"https:\/\/schema.org","@graph":[{"@type":"WebPage","@id":"https:\/\/millerdivision.com\/es\/shop\/cruisers-es\/fiji-29-x-85\/","url":"https:\/\/millerdivision.com\/es\/shop\/cruisers-es\/fiji-29-x-85\/","name":"FIJI 29\" X 8,5\" - Miller Division","isPartOf":{"@id":"https:\/\/millerdivision.com\/es\/#website"},"primaryImageOfPage":{"@id":"https:\/\/millerdivision.com\/es\/shop\/cruisers-es\/fiji-29-x-85\/#primaryimage"},"image":{"@id":"https:\/\/millerdivision.com\/es\/shop\/cruisers-es\/fiji-29-x-85\/#primaryimage"},"thumbnailUrl":"https:\/\/millerdivision.com\/wp-content\/uploads\/2021\/11\/fiji-1.jpg","datePublished":"2021-11-17T11:46:51+00:00","dateModified":"2023-01-31T23:00:35+00:00","breadcrumb":{"@id":"https:\/\/millerdivision.com\/es\/shop\/cruisers-es\/fiji-29-x-85\/#breadcrumb"},"inLanguage":"es","potentialAction":[{"@type":"ReadAction","target":["https:\/\/millerdivision.com\/es\/shop\/cruisers-es\/fiji-29-x-85\/"]}]},{"@type":"ImageObject","inLanguage":"es","@id":"https:\/\/millerdivision.com\/es\/shop\/cruisers-es\/fiji-29-x-85\/#primaryimage","url":"https:\/\/millerdivision.com\/wp-content\/uploads\/2021\/11\/fiji-1.jpg","contentUrl":"https:\/\/millerdivision.com\/wp-content\/uploads\/2021\/11\/fiji-1.jpg","width":1440,"height":1440},{"@type":"BreadcrumbList","@id":"https:\/\/millerdivision.com\/es\/shop\/cruisers-es\/fiji-29-x-85\/#breadcrumb","itemListElement":[{"@type":"ListItem","position":1,"name":"Home","item":"https:\/\/millerdivision.com\/es\/"},{"@type":"ListItem","position":2,"name":"Tienda","item":"https:\/\/millerdivision.com\/es\/tienda\/"},{"@type":"ListItem","position":3,"name":"FIJI 29&#8243; X 8,5&#8243;"}]},{"@type":"WebSite","@id":"https:\/\/millerdivision.com\/es\/#website","url":"https:\/\/millerdivision.com\/es\/","name":"Miller Division","description":"Miller Skateboards | Shop now, ride forever","potentialAction":[{"@type":"SearchAction","target":{"@type":"EntryPoint","urlTemplate":"https:\/\/millerdivision.com\/es\/?s={search_term_string}"},"query-input":{"@type":"PropertyValueSpecification","valueRequired":true,"valueName":"search_term_string"}}],"inLanguage":"es"}]}},"_links":{"self":[{"href":"https:\/\/millerdivision.com\/es\/wp-json\/wp\/v2\/product\/27898","targetHints":{"allow":["GET"]}}],"collection":[{"href":"https:\/\/millerdivision.com\/es\/wp-json\/wp\/v2\/product"}],"about":[{"href":"https:\/\/millerdivision.com\/es\/wp-json\/wp\/v2\/types\/product"}],"replies":[{"embeddable":true,"href":"https:\/\/millerdivision.com\/es\/wp-json\/wp\/v2\/comments?post=27898"}],"wp:featuredmedia":[{"embeddable":true,"href":"https:\/\/millerdivision.com\/es\/wp-json\/wp\/v2\/media\/27900"}],"wp:attachment":[{"href":"https:\/\/millerdivision.com\/es\/wp-json\/wp\/v2\/media?parent=27898"}],"wp:term":[{"taxonomy":"product_cat","embeddable":true,"href":"https:\/\/millerdivision.com\/es\/wp-json\/wp\/v2\/product_cat?post=27898"},{"taxonomy":"product_tag","embeddable":true,"href":"https:\/\/millerdivision.com\/es\/wp-json\/wp\/v2\/product_tag?post=27898"}],"curies":[{"name":"wp","href":"https:\/\/api.w.org\/{rel}","templated":true}]}}