{"id":27884,"date":"2021-11-17T12:42:33","date_gmt":"2021-11-17T11:42:33","guid":{"rendered":"http:\/\/millerdivision.com\/?post_type=product&#038;p=27884"},"modified":"2023-02-01T00:00:35","modified_gmt":"2023-01-31T23:00:35","slug":"sunset-275-x-82","status":"publish","type":"product","link":"https:\/\/millerdivision.com\/es\/shop\/cruisers-es\/sunset-275-x-82\/","title":{"rendered":"SUNSET 27,5&#8243; X 8,2&#8243;"},"content":{"rendered":"<p id=\"tw-target-text\" class=\"tw-data-text tw-text-large tw-ta\" dir=\"ltr\" data-placeholder=\"Traducci\u00f3n\"><span class=\"Y2IQFc\" lang=\"es\">\u00a1No querr\u00e1s dejarlo ir! 27,5 pulgadas de largo para tener justo lo que necesitas y 8,2 pulgadas de ancho para que tu pie se mueva lo m\u00e1s c\u00f3modo posible. Sus problemas de espacio y estabilidad ya no ser\u00e1n un problema. Maniobrable y estable. \u00bfQu\u00e9 m\u00e1s se puede pedir en un crucero? M\u00e9telo en el maletero, ve a la playa y entre nadar y nadar &#8230; \u00a1Desl\u00edzate!<\/span><\/p>\n<table style=\"width: 92.3123%;\" summary=\"Caracter\u00edsticas del Modelo The Camps\" cellspacing=\"0\" cellpadding=\"0\">\n<tbody>\n<tr>\n<th style=\"width: 33.4988%;\"><span style=\"font-weight: 400;\">Largo<\/span><\/th>\n<td style=\"width: 80.1489%;\">27,5\u00bb<\/td>\n<\/tr>\n<tr>\n<th style=\"width: 33.4988%;\"><span style=\"font-weight: 400;\">Ancho<\/span><\/th>\n<td style=\"width: 80.1489%;\">8,2&#8243;<\/td>\n<\/tr>\n<tr>\n<th style=\"width: 33.4988%;\"><span style=\"font-weight: 400;\">Madera<\/span><\/th>\n<td style=\"width: 80.1489%;\">7 x plies 100% canadian maple<\/td>\n<\/tr>\n<tr>\n<th style=\"width: 33.4988%;\"><span style=\"font-weight: 400;\">Ejes<\/span><\/th>\n<td style=\"width: 80.1489%;\">High Quality Steel 5&#8243;<\/td>\n<\/tr>\n<tr>\n<th style=\"width: 33.4988%;\"><span style=\"font-weight: 400;\">De eje a eje<\/span><\/th>\n<td style=\"width: 80.1489%;\">14,2&#8243;<\/td>\n<\/tr>\n<tr>\n<th style=\"width: 33.4988%;\"><span style=\"font-weight: 400;\">Rodamientos<\/span><\/th>\n<td style=\"width: 80.1489%;\">Abec 9 Chrome steel<\/td>\n<\/tr>\n<tr>\n<th style=\"width: 33.4988%;\"><span style=\"font-weight: 400;\">Ruedas<\/span><\/th>\n<td style=\"width: 80.1489%;\">Creek 60 mm \/ 80 a<\/td>\n<\/tr>\n<tr>\n<th style=\"width: 33.4988%;\"><span style=\"font-weight: 400;\">Lija<\/span><\/th>\n<td style=\"width: 80.1489%;\">High Performance<\/td>\n<\/tr>\n<tr>\n<th style=\"width: 33.4988%;\"><span style=\"font-weight: 400;\">Forma<\/span><\/th>\n<td style=\"width: 80.1489%;\">C\u00f3ncavo medio<\/td>\n<\/tr>\n<\/tbody>\n<\/table>\n","protected":false},"excerpt":{"rendered":"<p>\u00a1No querr\u00e1s dejarlo ir! 27,5 pulgadas de largo para tener justo lo que necesitas y 8,2 pulgadas de ancho para que tu pie se mueva lo m\u00e1s c\u00f3modo posible. Sus problemas de espacio y estabilidad ya no ser\u00e1n un problema. Maniobrable y estable. \u00bfQu\u00e9 m\u00e1s se puede pedir en un crucero? M\u00e9telo en el maletero, [&hellip;]<\/p>\n","protected":false},"featured_media":27886,"comment_status":"closed","ping_status":"closed","template":"","meta":[],"product_cat":[122,131],"product_tag":[],"class_list":["post-27884","product","type-product","status-publish","has-post-thumbnail","hentry","product_cat-cruisers-es","product_cat-nuevos"],"acf":[],"yoast_head":"<!-- This site is optimized with the Yoast SEO plugin v27.1.1 - https:\/\/yoast.com\/product\/yoast-seo-wordpress\/ -->\n<title>SUNSET 27,5&quot; X 8,2&quot; - Miller Division<\/title>\n<meta name=\"robots\" content=\"index, follow, max-snippet:-1, max-image-preview:large, max-video-preview:-1\" \/>\n<link rel=\"canonical\" href=\"https:\/\/millerdivision.com\/es\/shop\/cruisers-es\/sunset-275-x-82\/\" \/>\n<meta property=\"og:locale\" content=\"es_ES\" \/>\n<meta property=\"og:type\" content=\"article\" \/>\n<meta property=\"og:title\" content=\"SUNSET 27,5&quot; X 8,2&quot; - Miller Division\" \/>\n<meta property=\"og:description\" content=\"\u00a1No querr\u00e1s dejarlo ir! 27,5 pulgadas de largo para tener justo lo que necesitas y 8,2 pulgadas de ancho para que tu pie se mueva lo m\u00e1s c\u00f3modo posible. Sus problemas de espacio y estabilidad ya no ser\u00e1n un problema. Maniobrable y estable. \u00bfQu\u00e9 m\u00e1s se puede pedir en un crucero? M\u00e9telo en el maletero, [&hellip;]\" \/>\n<meta property=\"og:url\" content=\"https:\/\/millerdivision.com\/es\/shop\/cruisers-es\/sunset-275-x-82\/\" \/>\n<meta property=\"og:site_name\" content=\"Miller Division\" \/>\n<meta property=\"article:modified_time\" content=\"2023-01-31T23:00:35+00:00\" \/>\n<meta property=\"og:image\" content=\"https:\/\/millerdivision.com\/wp-content\/uploads\/2021\/11\/sunset-1.jpg?_t=1672400341\" \/>\n\t<meta property=\"og:image:width\" content=\"1440\" \/>\n\t<meta property=\"og:image:height\" content=\"1440\" \/>\n\t<meta property=\"og:image:type\" content=\"image\/jpeg\" \/>\n<meta name=\"twitter:card\" content=\"summary_large_image\" \/>\n<meta name=\"twitter:label1\" content=\"Tiempo de lectura\" \/>\n\t<meta name=\"twitter:data1\" content=\"1 minuto\" \/>\n<script type=\"application\/ld+json\" class=\"yoast-schema-graph\">{\"@context\":\"https:\/\/schema.org\",\"@graph\":[{\"@type\":\"WebPage\",\"@id\":\"https:\/\/millerdivision.com\/es\/shop\/cruisers-es\/sunset-275-x-82\/\",\"url\":\"https:\/\/millerdivision.com\/es\/shop\/cruisers-es\/sunset-275-x-82\/\",\"name\":\"SUNSET 27,5\\\" X 8,2\\\" - Miller Division\",\"isPartOf\":{\"@id\":\"https:\/\/millerdivision.com\/es\/#website\"},\"primaryImageOfPage\":{\"@id\":\"https:\/\/millerdivision.com\/es\/shop\/cruisers-es\/sunset-275-x-82\/#primaryimage\"},\"image\":{\"@id\":\"https:\/\/millerdivision.com\/es\/shop\/cruisers-es\/sunset-275-x-82\/#primaryimage\"},\"thumbnailUrl\":\"https:\/\/millerdivision.com\/wp-content\/uploads\/2021\/11\/sunset-1.jpg\",\"datePublished\":\"2021-11-17T11:42:33+00:00\",\"dateModified\":\"2023-01-31T23:00:35+00:00\",\"breadcrumb\":{\"@id\":\"https:\/\/millerdivision.com\/es\/shop\/cruisers-es\/sunset-275-x-82\/#breadcrumb\"},\"inLanguage\":\"es\",\"potentialAction\":[{\"@type\":\"ReadAction\",\"target\":[\"https:\/\/millerdivision.com\/es\/shop\/cruisers-es\/sunset-275-x-82\/\"]}]},{\"@type\":\"ImageObject\",\"inLanguage\":\"es\",\"@id\":\"https:\/\/millerdivision.com\/es\/shop\/cruisers-es\/sunset-275-x-82\/#primaryimage\",\"url\":\"https:\/\/millerdivision.com\/wp-content\/uploads\/2021\/11\/sunset-1.jpg\",\"contentUrl\":\"https:\/\/millerdivision.com\/wp-content\/uploads\/2021\/11\/sunset-1.jpg\",\"width\":1440,\"height\":1440},{\"@type\":\"BreadcrumbList\",\"@id\":\"https:\/\/millerdivision.com\/es\/shop\/cruisers-es\/sunset-275-x-82\/#breadcrumb\",\"itemListElement\":[{\"@type\":\"ListItem\",\"position\":1,\"name\":\"Home\",\"item\":\"https:\/\/millerdivision.com\/es\/\"},{\"@type\":\"ListItem\",\"position\":2,\"name\":\"Tienda\",\"item\":\"https:\/\/millerdivision.com\/es\/tienda\/\"},{\"@type\":\"ListItem\",\"position\":3,\"name\":\"SUNSET 27,5&#8243; X 8,2&#8243;\"}]},{\"@type\":\"WebSite\",\"@id\":\"https:\/\/millerdivision.com\/es\/#website\",\"url\":\"https:\/\/millerdivision.com\/es\/\",\"name\":\"Miller Division\",\"description\":\"Miller Skateboards | Shop now, ride forever\",\"potentialAction\":[{\"@type\":\"SearchAction\",\"target\":{\"@type\":\"EntryPoint\",\"urlTemplate\":\"https:\/\/millerdivision.com\/es\/?s={search_term_string}\"},\"query-input\":{\"@type\":\"PropertyValueSpecification\",\"valueRequired\":true,\"valueName\":\"search_term_string\"}}],\"inLanguage\":\"es\"}]}<\/script>\n<!-- \/ Yoast SEO plugin. -->","yoast_head_json":{"title":"SUNSET 27,5\" X 8,2\" - Miller Division","robots":{"index":"index","follow":"follow","max-snippet":"max-snippet:-1","max-image-preview":"max-image-preview:large","max-video-preview":"max-video-preview:-1"},"canonical":"https:\/\/millerdivision.com\/es\/shop\/cruisers-es\/sunset-275-x-82\/","og_locale":"es_ES","og_type":"article","og_title":"SUNSET 27,5\" X 8,2\" - Miller Division","og_description":"\u00a1No querr\u00e1s dejarlo ir! 27,5 pulgadas de largo para tener justo lo que necesitas y 8,2 pulgadas de ancho para que tu pie se mueva lo m\u00e1s c\u00f3modo posible. Sus problemas de espacio y estabilidad ya no ser\u00e1n un problema. Maniobrable y estable. \u00bfQu\u00e9 m\u00e1s se puede pedir en un crucero? M\u00e9telo en el maletero, [&hellip;]","og_url":"https:\/\/millerdivision.com\/es\/shop\/cruisers-es\/sunset-275-x-82\/","og_site_name":"Miller Division","article_modified_time":"2023-01-31T23:00:35+00:00","og_image":[{"width":1440,"height":1440,"url":"https:\/\/millerdivision.com\/wp-content\/uploads\/2021\/11\/sunset-1.jpg?_t=1672400341","type":"image\/jpeg"}],"twitter_card":"summary_large_image","twitter_misc":{"Tiempo de lectura":"1 minuto"},"schema":{"@context":"https:\/\/schema.org","@graph":[{"@type":"WebPage","@id":"https:\/\/millerdivision.com\/es\/shop\/cruisers-es\/sunset-275-x-82\/","url":"https:\/\/millerdivision.com\/es\/shop\/cruisers-es\/sunset-275-x-82\/","name":"SUNSET 27,5\" X 8,2\" - Miller Division","isPartOf":{"@id":"https:\/\/millerdivision.com\/es\/#website"},"primaryImageOfPage":{"@id":"https:\/\/millerdivision.com\/es\/shop\/cruisers-es\/sunset-275-x-82\/#primaryimage"},"image":{"@id":"https:\/\/millerdivision.com\/es\/shop\/cruisers-es\/sunset-275-x-82\/#primaryimage"},"thumbnailUrl":"https:\/\/millerdivision.com\/wp-content\/uploads\/2021\/11\/sunset-1.jpg","datePublished":"2021-11-17T11:42:33+00:00","dateModified":"2023-01-31T23:00:35+00:00","breadcrumb":{"@id":"https:\/\/millerdivision.com\/es\/shop\/cruisers-es\/sunset-275-x-82\/#breadcrumb"},"inLanguage":"es","potentialAction":[{"@type":"ReadAction","target":["https:\/\/millerdivision.com\/es\/shop\/cruisers-es\/sunset-275-x-82\/"]}]},{"@type":"ImageObject","inLanguage":"es","@id":"https:\/\/millerdivision.com\/es\/shop\/cruisers-es\/sunset-275-x-82\/#primaryimage","url":"https:\/\/millerdivision.com\/wp-content\/uploads\/2021\/11\/sunset-1.jpg","contentUrl":"https:\/\/millerdivision.com\/wp-content\/uploads\/2021\/11\/sunset-1.jpg","width":1440,"height":1440},{"@type":"BreadcrumbList","@id":"https:\/\/millerdivision.com\/es\/shop\/cruisers-es\/sunset-275-x-82\/#breadcrumb","itemListElement":[{"@type":"ListItem","position":1,"name":"Home","item":"https:\/\/millerdivision.com\/es\/"},{"@type":"ListItem","position":2,"name":"Tienda","item":"https:\/\/millerdivision.com\/es\/tienda\/"},{"@type":"ListItem","position":3,"name":"SUNSET 27,5&#8243; X 8,2&#8243;"}]},{"@type":"WebSite","@id":"https:\/\/millerdivision.com\/es\/#website","url":"https:\/\/millerdivision.com\/es\/","name":"Miller Division","description":"Miller Skateboards | Shop now, ride forever","potentialAction":[{"@type":"SearchAction","target":{"@type":"EntryPoint","urlTemplate":"https:\/\/millerdivision.com\/es\/?s={search_term_string}"},"query-input":{"@type":"PropertyValueSpecification","valueRequired":true,"valueName":"search_term_string"}}],"inLanguage":"es"}]}},"_links":{"self":[{"href":"https:\/\/millerdivision.com\/es\/wp-json\/wp\/v2\/product\/27884","targetHints":{"allow":["GET"]}}],"collection":[{"href":"https:\/\/millerdivision.com\/es\/wp-json\/wp\/v2\/product"}],"about":[{"href":"https:\/\/millerdivision.com\/es\/wp-json\/wp\/v2\/types\/product"}],"replies":[{"embeddable":true,"href":"https:\/\/millerdivision.com\/es\/wp-json\/wp\/v2\/comments?post=27884"}],"wp:featuredmedia":[{"embeddable":true,"href":"https:\/\/millerdivision.com\/es\/wp-json\/wp\/v2\/media\/27886"}],"wp:attachment":[{"href":"https:\/\/millerdivision.com\/es\/wp-json\/wp\/v2\/media?parent=27884"}],"wp:term":[{"taxonomy":"product_cat","embeddable":true,"href":"https:\/\/millerdivision.com\/es\/wp-json\/wp\/v2\/product_cat?post=27884"},{"taxonomy":"product_tag","embeddable":true,"href":"https:\/\/millerdivision.com\/es\/wp-json\/wp\/v2\/product_tag?post=27884"}],"curies":[{"name":"wp","href":"https:\/\/api.w.org\/{rel}","templated":true}]}}