{"id":27779,"date":"2021-11-17T12:10:31","date_gmt":"2021-11-17T11:10:31","guid":{"rendered":"http:\/\/millerdivision.com\/?post_type=product&#038;p=27779"},"modified":"2025-09-14T17:53:35","modified_gmt":"2025-09-14T15:53:35","slug":"party-8-x-3175","status":"publish","type":"product","link":"https:\/\/millerdivision.com\/es\/shop\/skateboards-es\/complete-es\/miller-division-es\/party-8-x-3175\/","title":{"rendered":"PARTY 8&#8243; X 31,75&#8243;"},"content":{"rendered":"<p>\u00a1Un skateboard dise\u00f1ado para los riders m\u00e1s exigentes!, y construido con componentes de alta calidad, hace que este pat\u00edn sea pr\u00e1cticamente indestructible y es adecuado para todos los niveles, desde principiantes hasta profesionales. Un skateboard vers\u00e1til y perfecto para street, pool , park and vert. Tiene una construcci\u00f3n s\u00f3lida y est\u00e1 dise\u00f1ado para durar. \u00a1Este skateboard completo esta montado y preparado para que lo disfrutres desde el primer d\u00eda!<\/p>\n<table style=\"width: 77.52%; height: 184px;\" summary=\"Caracter\u00edsticas del Modelo Old is Cool\" cellspacing=\"0\" cellpadding=\"0\">\n<tbody>\n<tr style=\"height: 24px;\">\n<th style=\"width: 7.76662%; height: 24px;\">Largo<\/th>\n<td style=\"width: 203.758%; height: 24px;\">31.75\u00bb<\/td>\n<\/tr>\n<tr style=\"height: 24px;\">\n<th style=\"width: 7.76662%; height: 24px;\">Ancho<\/th>\n<td style=\"width: 203.758%; height: 24px;\">8&#8243;<\/td>\n<\/tr>\n<tr style=\"height: 24px;\">\n<th style=\"width: 7.76662%; height: 24px;\">Madera<\/th>\n<td style=\"width: 203.758%; height: 24px;\">7 l\u00e1minas 100% arce canadiense<\/td>\n<\/tr>\n<tr style=\"height: 24px;\">\n<th style=\"width: 7.76662%; height: 24px;\">Busing<\/th>\n<td style=\"width: 203.758%; height: 24px;\">92a<\/td>\n<\/tr>\n<tr style=\"height: 22px;\">\n<th style=\"width: 7.76662%; height: 22px;\">Ejes<\/th>\n<td style=\"width: 203.758%; height: 22px;\">Miller High Quality Steel<\/td>\n<\/tr>\n<tr style=\"height: 22px;\">\n<th style=\"width: 7.76662%; height: 22px;\">Rodamientos<\/th>\n<td style=\"width: 203.758%; height: 22px;\">Abec 7 Carbon Steel<\/td>\n<\/tr>\n<tr style=\"height: 22px;\">\n<th style=\"width: 7.76662%; height: 22px;\">Ruedas<\/th>\n<td style=\"width: 203.758%; height: 22px;\">Creek SHR urethane 53mm \/ 100a<\/td>\n<\/tr>\n<tr style=\"height: 22px;\">\n<th style=\"width: 7.76662%; height: 22px;\">Forma<\/th>\n<td style=\"width: 203.758%; height: 22px;\">C\u00f3ncavo medio<\/td>\n<\/tr>\n<\/tbody>\n<\/table>\n<p>&nbsp;<\/p>\n","protected":false},"excerpt":{"rendered":"<p>\u00a1Un skateboard dise\u00f1ado para los riders m\u00e1s exigentes!, y construido con componentes de alta calidad, hace que este pat\u00edn sea pr\u00e1cticamente indestructible y es adecuado para todos los niveles, desde principiantes hasta profesionales. Un skateboard vers\u00e1til y perfecto para street, pool , park and vert. Tiene una construcci\u00f3n s\u00f3lida y est\u00e1 dise\u00f1ado para durar. \u00a1Este skateboard completo esta montado y preparado para que lo disfrutres desde el primer d\u00eda!<\/p>\n","protected":false},"featured_media":27781,"comment_status":"closed","ping_status":"closed","template":"","meta":[],"product_cat":[114,187,131,113],"product_tag":[],"class_list":["post-27779","product","type-product","status-publish","has-post-thumbnail","hentry","product_cat-complete-es","product_cat-miller-division-es","product_cat-nuevos","product_cat-skateboards-es"],"acf":[],"yoast_head":"<!-- This site is optimized with the Yoast SEO plugin v27.1.1 - https:\/\/yoast.com\/product\/yoast-seo-wordpress\/ -->\n<title>PARTY 8&quot; X 31,75&quot; - Miller Division<\/title>\n<meta name=\"robots\" content=\"index, follow, max-snippet:-1, max-image-preview:large, max-video-preview:-1\" \/>\n<link rel=\"canonical\" href=\"https:\/\/millerdivision.com\/es\/shop\/skateboards-es\/complete-es\/miller-division-es\/party-8-x-3175\/\" \/>\n<meta property=\"og:locale\" content=\"es_ES\" \/>\n<meta property=\"og:type\" content=\"article\" \/>\n<meta property=\"og:title\" content=\"PARTY 8&quot; X 31,75&quot; - Miller Division\" \/>\n<meta property=\"og:description\" content=\"\u00a1Un skateboard dise\u00f1ado para los riders m\u00e1s exigentes!, y construido con componentes de alta calidad, hace que este pat\u00edn sea pr\u00e1cticamente indestructible y es adecuado para todos los niveles, desde principiantes hasta profesionales. Un skateboard vers\u00e1til y perfecto para street, pool , park and vert. Tiene una construcci\u00f3n s\u00f3lida y est\u00e1 dise\u00f1ado para durar. \u00a1Este skateboard completo esta montado y preparado para que lo disfrutres desde el primer d\u00eda!\" \/>\n<meta property=\"og:url\" content=\"https:\/\/millerdivision.com\/es\/shop\/skateboards-es\/complete-es\/miller-division-es\/party-8-x-3175\/\" \/>\n<meta property=\"og:site_name\" content=\"Miller Division\" \/>\n<meta property=\"article:modified_time\" content=\"2025-09-14T15:53:35+00:00\" \/>\n<meta property=\"og:image\" content=\"https:\/\/millerdivision.com\/wp-content\/uploads\/2021\/11\/party-1.jpg?_t=1672400340\" \/>\n\t<meta property=\"og:image:width\" content=\"1440\" \/>\n\t<meta property=\"og:image:height\" content=\"1440\" \/>\n\t<meta property=\"og:image:type\" content=\"image\/jpeg\" \/>\n<meta name=\"twitter:card\" content=\"summary_large_image\" \/>\n<meta name=\"twitter:label1\" content=\"Tiempo de lectura\" \/>\n\t<meta name=\"twitter:data1\" content=\"1 minuto\" \/>\n<script type=\"application\/ld+json\" class=\"yoast-schema-graph\">{\"@context\":\"https:\/\/schema.org\",\"@graph\":[{\"@type\":\"WebPage\",\"@id\":\"https:\/\/millerdivision.com\/es\/shop\/skateboards-es\/complete-es\/miller-division-es\/party-8-x-3175\/\",\"url\":\"https:\/\/millerdivision.com\/es\/shop\/skateboards-es\/complete-es\/miller-division-es\/party-8-x-3175\/\",\"name\":\"PARTY 8\\\" X 31,75\\\" - Miller Division\",\"isPartOf\":{\"@id\":\"https:\/\/millerdivision.com\/es\/#website\"},\"primaryImageOfPage\":{\"@id\":\"https:\/\/millerdivision.com\/es\/shop\/skateboards-es\/complete-es\/miller-division-es\/party-8-x-3175\/#primaryimage\"},\"image\":{\"@id\":\"https:\/\/millerdivision.com\/es\/shop\/skateboards-es\/complete-es\/miller-division-es\/party-8-x-3175\/#primaryimage\"},\"thumbnailUrl\":\"https:\/\/millerdivision.com\/wp-content\/uploads\/2021\/11\/party-1.jpg\",\"datePublished\":\"2021-11-17T11:10:31+00:00\",\"dateModified\":\"2025-09-14T15:53:35+00:00\",\"breadcrumb\":{\"@id\":\"https:\/\/millerdivision.com\/es\/shop\/skateboards-es\/complete-es\/miller-division-es\/party-8-x-3175\/#breadcrumb\"},\"inLanguage\":\"es\",\"potentialAction\":[{\"@type\":\"ReadAction\",\"target\":[\"https:\/\/millerdivision.com\/es\/shop\/skateboards-es\/complete-es\/miller-division-es\/party-8-x-3175\/\"]}]},{\"@type\":\"ImageObject\",\"inLanguage\":\"es\",\"@id\":\"https:\/\/millerdivision.com\/es\/shop\/skateboards-es\/complete-es\/miller-division-es\/party-8-x-3175\/#primaryimage\",\"url\":\"https:\/\/millerdivision.com\/wp-content\/uploads\/2021\/11\/party-1.jpg\",\"contentUrl\":\"https:\/\/millerdivision.com\/wp-content\/uploads\/2021\/11\/party-1.jpg\",\"width\":1440,\"height\":1440},{\"@type\":\"BreadcrumbList\",\"@id\":\"https:\/\/millerdivision.com\/es\/shop\/skateboards-es\/complete-es\/miller-division-es\/party-8-x-3175\/#breadcrumb\",\"itemListElement\":[{\"@type\":\"ListItem\",\"position\":1,\"name\":\"Home\",\"item\":\"https:\/\/millerdivision.com\/es\/\"},{\"@type\":\"ListItem\",\"position\":2,\"name\":\"Tienda\",\"item\":\"https:\/\/millerdivision.com\/es\/tienda\/\"},{\"@type\":\"ListItem\",\"position\":3,\"name\":\"PARTY 8&#8243; X 31,75&#8243;\"}]},{\"@type\":\"WebSite\",\"@id\":\"https:\/\/millerdivision.com\/es\/#website\",\"url\":\"https:\/\/millerdivision.com\/es\/\",\"name\":\"Miller Division\",\"description\":\"Miller Skateboards | Shop now, ride forever\",\"potentialAction\":[{\"@type\":\"SearchAction\",\"target\":{\"@type\":\"EntryPoint\",\"urlTemplate\":\"https:\/\/millerdivision.com\/es\/?s={search_term_string}\"},\"query-input\":{\"@type\":\"PropertyValueSpecification\",\"valueRequired\":true,\"valueName\":\"search_term_string\"}}],\"inLanguage\":\"es\"}]}<\/script>\n<!-- \/ Yoast SEO plugin. -->","yoast_head_json":{"title":"PARTY 8\" X 31,75\" - Miller Division","robots":{"index":"index","follow":"follow","max-snippet":"max-snippet:-1","max-image-preview":"max-image-preview:large","max-video-preview":"max-video-preview:-1"},"canonical":"https:\/\/millerdivision.com\/es\/shop\/skateboards-es\/complete-es\/miller-division-es\/party-8-x-3175\/","og_locale":"es_ES","og_type":"article","og_title":"PARTY 8\" X 31,75\" - Miller Division","og_description":"\u00a1Un skateboard dise\u00f1ado para los riders m\u00e1s exigentes!, y construido con componentes de alta calidad, hace que este pat\u00edn sea pr\u00e1cticamente indestructible y es adecuado para todos los niveles, desde principiantes hasta profesionales. Un skateboard vers\u00e1til y perfecto para street, pool , park and vert. Tiene una construcci\u00f3n s\u00f3lida y est\u00e1 dise\u00f1ado para durar. \u00a1Este skateboard completo esta montado y preparado para que lo disfrutres desde el primer d\u00eda!","og_url":"https:\/\/millerdivision.com\/es\/shop\/skateboards-es\/complete-es\/miller-division-es\/party-8-x-3175\/","og_site_name":"Miller Division","article_modified_time":"2025-09-14T15:53:35+00:00","og_image":[{"width":1440,"height":1440,"url":"https:\/\/millerdivision.com\/wp-content\/uploads\/2021\/11\/party-1.jpg?_t=1672400340","type":"image\/jpeg"}],"twitter_card":"summary_large_image","twitter_misc":{"Tiempo de lectura":"1 minuto"},"schema":{"@context":"https:\/\/schema.org","@graph":[{"@type":"WebPage","@id":"https:\/\/millerdivision.com\/es\/shop\/skateboards-es\/complete-es\/miller-division-es\/party-8-x-3175\/","url":"https:\/\/millerdivision.com\/es\/shop\/skateboards-es\/complete-es\/miller-division-es\/party-8-x-3175\/","name":"PARTY 8\" X 31,75\" - Miller Division","isPartOf":{"@id":"https:\/\/millerdivision.com\/es\/#website"},"primaryImageOfPage":{"@id":"https:\/\/millerdivision.com\/es\/shop\/skateboards-es\/complete-es\/miller-division-es\/party-8-x-3175\/#primaryimage"},"image":{"@id":"https:\/\/millerdivision.com\/es\/shop\/skateboards-es\/complete-es\/miller-division-es\/party-8-x-3175\/#primaryimage"},"thumbnailUrl":"https:\/\/millerdivision.com\/wp-content\/uploads\/2021\/11\/party-1.jpg","datePublished":"2021-11-17T11:10:31+00:00","dateModified":"2025-09-14T15:53:35+00:00","breadcrumb":{"@id":"https:\/\/millerdivision.com\/es\/shop\/skateboards-es\/complete-es\/miller-division-es\/party-8-x-3175\/#breadcrumb"},"inLanguage":"es","potentialAction":[{"@type":"ReadAction","target":["https:\/\/millerdivision.com\/es\/shop\/skateboards-es\/complete-es\/miller-division-es\/party-8-x-3175\/"]}]},{"@type":"ImageObject","inLanguage":"es","@id":"https:\/\/millerdivision.com\/es\/shop\/skateboards-es\/complete-es\/miller-division-es\/party-8-x-3175\/#primaryimage","url":"https:\/\/millerdivision.com\/wp-content\/uploads\/2021\/11\/party-1.jpg","contentUrl":"https:\/\/millerdivision.com\/wp-content\/uploads\/2021\/11\/party-1.jpg","width":1440,"height":1440},{"@type":"BreadcrumbList","@id":"https:\/\/millerdivision.com\/es\/shop\/skateboards-es\/complete-es\/miller-division-es\/party-8-x-3175\/#breadcrumb","itemListElement":[{"@type":"ListItem","position":1,"name":"Home","item":"https:\/\/millerdivision.com\/es\/"},{"@type":"ListItem","position":2,"name":"Tienda","item":"https:\/\/millerdivision.com\/es\/tienda\/"},{"@type":"ListItem","position":3,"name":"PARTY 8&#8243; X 31,75&#8243;"}]},{"@type":"WebSite","@id":"https:\/\/millerdivision.com\/es\/#website","url":"https:\/\/millerdivision.com\/es\/","name":"Miller Division","description":"Miller Skateboards | Shop now, ride forever","potentialAction":[{"@type":"SearchAction","target":{"@type":"EntryPoint","urlTemplate":"https:\/\/millerdivision.com\/es\/?s={search_term_string}"},"query-input":{"@type":"PropertyValueSpecification","valueRequired":true,"valueName":"search_term_string"}}],"inLanguage":"es"}]}},"_links":{"self":[{"href":"https:\/\/millerdivision.com\/es\/wp-json\/wp\/v2\/product\/27779","targetHints":{"allow":["GET"]}}],"collection":[{"href":"https:\/\/millerdivision.com\/es\/wp-json\/wp\/v2\/product"}],"about":[{"href":"https:\/\/millerdivision.com\/es\/wp-json\/wp\/v2\/types\/product"}],"replies":[{"embeddable":true,"href":"https:\/\/millerdivision.com\/es\/wp-json\/wp\/v2\/comments?post=27779"}],"wp:featuredmedia":[{"embeddable":true,"href":"https:\/\/millerdivision.com\/es\/wp-json\/wp\/v2\/media\/27781"}],"wp:attachment":[{"href":"https:\/\/millerdivision.com\/es\/wp-json\/wp\/v2\/media?parent=27779"}],"wp:term":[{"taxonomy":"product_cat","embeddable":true,"href":"https:\/\/millerdivision.com\/es\/wp-json\/wp\/v2\/product_cat?post=27779"},{"taxonomy":"product_tag","embeddable":true,"href":"https:\/\/millerdivision.com\/es\/wp-json\/wp\/v2\/product_tag?post=27779"}],"curies":[{"name":"wp","href":"https:\/\/api.w.org\/{rel}","templated":true}]}}