{"id":27582,"date":"2021-10-25T10:58:55","date_gmt":"2021-10-25T08:58:56","guid":{"rendered":"http:\/\/millerdivision.com\/?post_type=product&#038;p=27582"},"modified":"2021-11-25T13:46:09","modified_gmt":"2021-11-25T12:46:09","slug":"racer-black-special-edition","status":"publish","type":"product","link":"https:\/\/millerdivision.com\/es\/shop\/protecciones\/cascos\/racer-black-special-edition\/","title":{"rendered":"RACER BLACK &#8211; SPECIAL EDITION"},"content":{"rendered":"<p id=\"tw-target-text\" class=\"tw-data-text tw-text-large tw-ta\" dir=\"ltr\" data-placeholder=\"Traducci\u00f3n\"><span class=\"Y2IQFc\" lang=\"es\">MILLER DIVISION lanza una edici\u00f3n limitada de 3 modelos de cascos exclusivos. En esta edici\u00f3n especial le hemos dado mucha importancia a los peque\u00f1os detalles, haciendo de Racer Black, un casco superior en dise\u00f1o. Una colecci\u00f3n con apariencia cuidada y con stock limitado (no repondremos). Un casco elegante para los ciclistas m\u00e1s exigentes. <\/span><\/p>\n<p class=\"tw-data-text tw-text-large tw-ta\" dir=\"ltr\" data-placeholder=\"Traducci\u00f3n\"><span class=\"Y2IQFc\" lang=\"es\">Entre las caracter\u00edsticas t\u00e9cnicas m\u00e1s importantes se encuentran: <\/span><\/p>\n<p class=\"tw-data-text tw-text-large tw-ta\" dir=\"ltr\" data-placeholder=\"Traducci\u00f3n\"><span class=\"Y2IQFc\" lang=\"es\">-C\u00f3modo, por su suave acolchado en la barbilla y su ajuste de las correas en altura para una mejor fijaci\u00f3n, y su ruleta trasera para un ajuste perimetral total. <\/span><\/p>\n<p class=\"tw-data-text tw-text-large tw-ta\" dir=\"ltr\" data-placeholder=\"Traducci\u00f3n\"><span class=\"Y2IQFc\" lang=\"es\">-Seguro, por su dise\u00f1o de impacto m\u00faltiple, la resistencia de su interior EPS y la carcasa exterior m\u00e1s duradera (con doble certificaci\u00f3n de seguridad). <\/span><\/p>\n<p class=\"tw-data-text tw-text-large tw-ta\" dir=\"ltr\" data-placeholder=\"Traducci\u00f3n\"><span class=\"Y2IQFc\" lang=\"es\">-Ligero y extra ventilaci\u00f3n. <\/span><\/p>\n<p class=\"tw-data-text tw-text-large tw-ta\" dir=\"ltr\" data-placeholder=\"Traducci\u00f3n\"><span class=\"Y2IQFc\" lang=\"es\">-Almohadillas interiores regulables, extra\u00edbles y lavables.<\/span><\/p>\n","protected":false},"excerpt":{"rendered":"<p>Desde el skatepark hasta las colinas, la seguridad es nuestra principal preocupaci\u00f3n. Es por eso que, en Miller, hemos desarrollado un casco con doble certificado de seguridad. Una combinaci\u00f3n perfecta de protecci\u00f3n, forma y estilo. \u00a1No dejes que nada te impida patinar con seguridad!<\/p>\n<p>Doblemente certificado por la UNE-EN 1078 tanto para skateboards como para bicicletas Exterior ABS muy resistente, ventilaci\u00f3n extra y acabado mate. Construido con forro EPS en el interior. Sistema ajustable con una rueda que permite adaptarse al per\u00edmetro de tu cabeza. Acolchado interior, confort extra. Protecci\u00f3n anti rozaduras para el ment\u00f3n.<\/p>\n","protected":false},"featured_media":27606,"comment_status":"closed","ping_status":"closed","template":"","meta":[],"product_cat":[125,131,124],"product_tag":[],"class_list":["post-27582","product","type-product","status-publish","has-post-thumbnail","hentry","product_cat-cascos","product_cat-nuevos","product_cat-protecciones","pa_sizece-ea-ml-es","pa_sizece-8b-sm-es"],"acf":[],"yoast_head":"<!-- This site is optimized with the Yoast SEO plugin v27.1.1 - https:\/\/yoast.com\/product\/yoast-seo-wordpress\/ -->\n<title>RACER BLACK - SPECIAL EDITION - Miller Division<\/title>\n<meta name=\"robots\" content=\"index, follow, max-snippet:-1, max-image-preview:large, max-video-preview:-1\" \/>\n<link rel=\"canonical\" href=\"https:\/\/millerdivision.com\/es\/shop\/protecciones\/cascos\/racer-black-special-edition\/\" \/>\n<meta property=\"og:locale\" content=\"es_ES\" \/>\n<meta property=\"og:type\" content=\"article\" \/>\n<meta property=\"og:title\" content=\"RACER BLACK - SPECIAL EDITION - Miller Division\" \/>\n<meta property=\"og:description\" content=\"Desde el skatepark hasta las colinas, la seguridad es nuestra principal preocupaci\u00f3n. Es por eso que, en Miller, hemos desarrollado un casco con doble certificado de seguridad. Una combinaci\u00f3n perfecta de protecci\u00f3n, forma y estilo. \u00a1No dejes que nada te impida patinar con seguridad! Doblemente certificado por la UNE-EN 1078 tanto para skateboards como para bicicletas Exterior ABS muy resistente, ventilaci\u00f3n extra y acabado mate. Construido con forro EPS en el interior. Sistema ajustable con una rueda que permite adaptarse al per\u00edmetro de tu cabeza. Acolchado interior, confort extra. Protecci\u00f3n anti rozaduras para el ment\u00f3n.\" \/>\n<meta property=\"og:url\" content=\"https:\/\/millerdivision.com\/es\/shop\/protecciones\/cascos\/racer-black-special-edition\/\" \/>\n<meta property=\"og:site_name\" content=\"Miller Division\" \/>\n<meta property=\"article:modified_time\" content=\"2021-11-25T12:46:09+00:00\" \/>\n<meta property=\"og:image\" content=\"https:\/\/millerdivision.com\/wp-content\/uploads\/2021\/10\/razer-black-01.jpg\" \/>\n\t<meta property=\"og:image:width\" content=\"1440\" \/>\n\t<meta property=\"og:image:height\" content=\"1440\" \/>\n\t<meta property=\"og:image:type\" content=\"image\/jpeg\" \/>\n<meta name=\"twitter:card\" content=\"summary_large_image\" \/>\n<meta name=\"twitter:label1\" content=\"Tiempo de lectura\" \/>\n\t<meta name=\"twitter:data1\" content=\"1 minuto\" \/>\n<script type=\"application\/ld+json\" class=\"yoast-schema-graph\">{\"@context\":\"https:\/\/schema.org\",\"@graph\":[{\"@type\":\"WebPage\",\"@id\":\"https:\/\/millerdivision.com\/es\/shop\/protecciones\/cascos\/racer-black-special-edition\/\",\"url\":\"https:\/\/millerdivision.com\/es\/shop\/protecciones\/cascos\/racer-black-special-edition\/\",\"name\":\"RACER BLACK - SPECIAL EDITION - Miller Division\",\"isPartOf\":{\"@id\":\"https:\/\/millerdivision.com\/es\/#website\"},\"primaryImageOfPage\":{\"@id\":\"https:\/\/millerdivision.com\/es\/shop\/protecciones\/cascos\/racer-black-special-edition\/#primaryimage\"},\"image\":{\"@id\":\"https:\/\/millerdivision.com\/es\/shop\/protecciones\/cascos\/racer-black-special-edition\/#primaryimage\"},\"thumbnailUrl\":\"https:\/\/millerdivision.com\/wp-content\/uploads\/2021\/10\/razer-black-01.jpg\",\"datePublished\":\"2021-10-25T08:58:56+00:00\",\"dateModified\":\"2021-11-25T12:46:09+00:00\",\"breadcrumb\":{\"@id\":\"https:\/\/millerdivision.com\/es\/shop\/protecciones\/cascos\/racer-black-special-edition\/#breadcrumb\"},\"inLanguage\":\"es\",\"potentialAction\":[{\"@type\":\"ReadAction\",\"target\":[\"https:\/\/millerdivision.com\/es\/shop\/protecciones\/cascos\/racer-black-special-edition\/\"]}]},{\"@type\":\"ImageObject\",\"inLanguage\":\"es\",\"@id\":\"https:\/\/millerdivision.com\/es\/shop\/protecciones\/cascos\/racer-black-special-edition\/#primaryimage\",\"url\":\"https:\/\/millerdivision.com\/wp-content\/uploads\/2021\/10\/razer-black-01.jpg\",\"contentUrl\":\"https:\/\/millerdivision.com\/wp-content\/uploads\/2021\/10\/razer-black-01.jpg\",\"width\":1440,\"height\":1440},{\"@type\":\"BreadcrumbList\",\"@id\":\"https:\/\/millerdivision.com\/es\/shop\/protecciones\/cascos\/racer-black-special-edition\/#breadcrumb\",\"itemListElement\":[{\"@type\":\"ListItem\",\"position\":1,\"name\":\"Home\",\"item\":\"https:\/\/millerdivision.com\/es\/\"},{\"@type\":\"ListItem\",\"position\":2,\"name\":\"Tienda\",\"item\":\"https:\/\/millerdivision.com\/es\/tienda\/\"},{\"@type\":\"ListItem\",\"position\":3,\"name\":\"RACER BLACK &#8211; SPECIAL EDITION\"}]},{\"@type\":\"WebSite\",\"@id\":\"https:\/\/millerdivision.com\/es\/#website\",\"url\":\"https:\/\/millerdivision.com\/es\/\",\"name\":\"Miller Division\",\"description\":\"Miller Skateboards | Shop now, ride forever\",\"potentialAction\":[{\"@type\":\"SearchAction\",\"target\":{\"@type\":\"EntryPoint\",\"urlTemplate\":\"https:\/\/millerdivision.com\/es\/?s={search_term_string}\"},\"query-input\":{\"@type\":\"PropertyValueSpecification\",\"valueRequired\":true,\"valueName\":\"search_term_string\"}}],\"inLanguage\":\"es\"}]}<\/script>\n<!-- \/ Yoast SEO plugin. -->","yoast_head_json":{"title":"RACER BLACK - SPECIAL EDITION - Miller Division","robots":{"index":"index","follow":"follow","max-snippet":"max-snippet:-1","max-image-preview":"max-image-preview:large","max-video-preview":"max-video-preview:-1"},"canonical":"https:\/\/millerdivision.com\/es\/shop\/protecciones\/cascos\/racer-black-special-edition\/","og_locale":"es_ES","og_type":"article","og_title":"RACER BLACK - SPECIAL EDITION - Miller Division","og_description":"Desde el skatepark hasta las colinas, la seguridad es nuestra principal preocupaci\u00f3n. Es por eso que, en Miller, hemos desarrollado un casco con doble certificado de seguridad. Una combinaci\u00f3n perfecta de protecci\u00f3n, forma y estilo. \u00a1No dejes que nada te impida patinar con seguridad! Doblemente certificado por la UNE-EN 1078 tanto para skateboards como para bicicletas Exterior ABS muy resistente, ventilaci\u00f3n extra y acabado mate. Construido con forro EPS en el interior. Sistema ajustable con una rueda que permite adaptarse al per\u00edmetro de tu cabeza. Acolchado interior, confort extra. Protecci\u00f3n anti rozaduras para el ment\u00f3n.","og_url":"https:\/\/millerdivision.com\/es\/shop\/protecciones\/cascos\/racer-black-special-edition\/","og_site_name":"Miller Division","article_modified_time":"2021-11-25T12:46:09+00:00","og_image":[{"width":1440,"height":1440,"url":"https:\/\/millerdivision.com\/wp-content\/uploads\/2021\/10\/razer-black-01.jpg","type":"image\/jpeg"}],"twitter_card":"summary_large_image","twitter_misc":{"Tiempo de lectura":"1 minuto"},"schema":{"@context":"https:\/\/schema.org","@graph":[{"@type":"WebPage","@id":"https:\/\/millerdivision.com\/es\/shop\/protecciones\/cascos\/racer-black-special-edition\/","url":"https:\/\/millerdivision.com\/es\/shop\/protecciones\/cascos\/racer-black-special-edition\/","name":"RACER BLACK - SPECIAL EDITION - Miller Division","isPartOf":{"@id":"https:\/\/millerdivision.com\/es\/#website"},"primaryImageOfPage":{"@id":"https:\/\/millerdivision.com\/es\/shop\/protecciones\/cascos\/racer-black-special-edition\/#primaryimage"},"image":{"@id":"https:\/\/millerdivision.com\/es\/shop\/protecciones\/cascos\/racer-black-special-edition\/#primaryimage"},"thumbnailUrl":"https:\/\/millerdivision.com\/wp-content\/uploads\/2021\/10\/razer-black-01.jpg","datePublished":"2021-10-25T08:58:56+00:00","dateModified":"2021-11-25T12:46:09+00:00","breadcrumb":{"@id":"https:\/\/millerdivision.com\/es\/shop\/protecciones\/cascos\/racer-black-special-edition\/#breadcrumb"},"inLanguage":"es","potentialAction":[{"@type":"ReadAction","target":["https:\/\/millerdivision.com\/es\/shop\/protecciones\/cascos\/racer-black-special-edition\/"]}]},{"@type":"ImageObject","inLanguage":"es","@id":"https:\/\/millerdivision.com\/es\/shop\/protecciones\/cascos\/racer-black-special-edition\/#primaryimage","url":"https:\/\/millerdivision.com\/wp-content\/uploads\/2021\/10\/razer-black-01.jpg","contentUrl":"https:\/\/millerdivision.com\/wp-content\/uploads\/2021\/10\/razer-black-01.jpg","width":1440,"height":1440},{"@type":"BreadcrumbList","@id":"https:\/\/millerdivision.com\/es\/shop\/protecciones\/cascos\/racer-black-special-edition\/#breadcrumb","itemListElement":[{"@type":"ListItem","position":1,"name":"Home","item":"https:\/\/millerdivision.com\/es\/"},{"@type":"ListItem","position":2,"name":"Tienda","item":"https:\/\/millerdivision.com\/es\/tienda\/"},{"@type":"ListItem","position":3,"name":"RACER BLACK &#8211; SPECIAL EDITION"}]},{"@type":"WebSite","@id":"https:\/\/millerdivision.com\/es\/#website","url":"https:\/\/millerdivision.com\/es\/","name":"Miller Division","description":"Miller Skateboards | Shop now, ride forever","potentialAction":[{"@type":"SearchAction","target":{"@type":"EntryPoint","urlTemplate":"https:\/\/millerdivision.com\/es\/?s={search_term_string}"},"query-input":{"@type":"PropertyValueSpecification","valueRequired":true,"valueName":"search_term_string"}}],"inLanguage":"es"}]}},"_links":{"self":[{"href":"https:\/\/millerdivision.com\/es\/wp-json\/wp\/v2\/product\/27582","targetHints":{"allow":["GET"]}}],"collection":[{"href":"https:\/\/millerdivision.com\/es\/wp-json\/wp\/v2\/product"}],"about":[{"href":"https:\/\/millerdivision.com\/es\/wp-json\/wp\/v2\/types\/product"}],"replies":[{"embeddable":true,"href":"https:\/\/millerdivision.com\/es\/wp-json\/wp\/v2\/comments?post=27582"}],"wp:featuredmedia":[{"embeddable":true,"href":"https:\/\/millerdivision.com\/es\/wp-json\/wp\/v2\/media\/27606"}],"wp:attachment":[{"href":"https:\/\/millerdivision.com\/es\/wp-json\/wp\/v2\/media?parent=27582"}],"wp:term":[{"taxonomy":"product_cat","embeddable":true,"href":"https:\/\/millerdivision.com\/es\/wp-json\/wp\/v2\/product_cat?post=27582"},{"taxonomy":"product_tag","embeddable":true,"href":"https:\/\/millerdivision.com\/es\/wp-json\/wp\/v2\/product_tag?post=27582"}],"curies":[{"name":"wp","href":"https:\/\/api.w.org\/{rel}","templated":true}]}}