{"id":26179,"date":"2016-11-14T14:07:12","date_gmt":"2016-11-14T13:07:12","guid":{"rendered":"http:\/\/millerdivision.com\/shop\/sin%20categor\u00eda\/mundaka\/"},"modified":"2023-03-14T12:33:35","modified_gmt":"2023-03-14T11:33:35","slug":"mundaka","status":"publish","type":"product","link":"https:\/\/millerdivision.com\/es\/shop\/surfskates-es\/miller-division-es-2\/mundaka\/","title":{"rendered":"30&#8243; x 9.8&#8243; MUNDAKA"},"content":{"rendered":"<p>Un modelo inspirado en una de las mejores izquierdas del mundo con fondo de arena ubicado en el norte de Espa\u00f1a. Carvea, bombea y supera cualquier obst\u00e1culo que se cruce en tu camino. Uno de los m\u00e1s populares de la gama y apto para todo tipo de rider.<\/p>\n<table style=\"width: 60.4961%; height: 240px;\" summary=\"Caracter\u00edsticas del Modelo Old is Cool\" width=\"700\" cellspacing=\"0\" cellpadding=\"0\">\n<tbody>\n<tr style=\"height: 24px;\">\n<th style=\"width: 15.6083%; height: 24px;\">Largo<\/th>\n<td style=\"width: 100.968%; height: 24px;\">30\u00bb<\/td>\n<\/tr>\n<tr style=\"height: 24px;\">\n<th style=\"width: 15.6083%; height: 24px;\">Ancho<\/th>\n<td style=\"width: 100.968%; height: 24px;\">9.8\u00bb<\/td>\n<\/tr>\n<tr style=\"height: 24px;\">\n<th style=\"width: 15.6083%; height: 24px;\">De eje a eje<\/th>\n<td style=\"width: 100.968%; height: 24px;\">16.8&#8243;<\/td>\n<\/tr>\n<tr style=\"height: 24px;\">\n<th style=\"width: 15.6083%; height: 24px;\">Madera<\/th>\n<td style=\"width: 100.968%; height: 24px;\">7 l\u00e1minas 100% arce canadiense<\/td>\n<\/tr>\n<tr style=\"height: 24px;\">\n<th style=\"width: 15.6083%; height: 24px;\">Ejes delanteros<\/th>\n<td style=\"width: 100.968%; height: 24px;\">Miller special system 356 premium Aluminum, press casting 160 mm (6.5&#8243;)<\/td>\n<\/tr>\n<tr style=\"height: 24px;\">\n<th style=\"width: 15.6083%; height: 24px;\">Ejes traseros<\/th>\n<td style=\"width: 100.968%; height: 24px;\">Miller standard skateboard extra high. 356 premium. Aluminum press casting 160 mm (6.5&#8243;)<\/td>\n<\/tr>\n<tr style=\"height: 24px;\">\n<th style=\"width: 15.6083%; height: 24px;\">Torniller\u00eda<\/th>\n<td style=\"width: 100.968%; height: 24px;\">1.25&#8243; Allen screw<\/td>\n<\/tr>\n<tr style=\"height: 24px;\">\n<th style=\"width: 15.6083%; height: 24px;\">Rodamientos<\/th>\n<td style=\"width: 100.968%; height: 24px;\">Abec 9 with nylon cage rubber shield<\/td>\n<\/tr>\n<tr style=\"height: 24px;\">\n<th style=\"width: 15.6083%; height: 24px;\">Ruedas<\/th>\n<td style=\"width: 100.968%; height: 24px;\">Creek 70mm 78a<\/td>\n<\/tr>\n<tr style=\"height: 24px;\">\n<th style=\"width: 15.6083%; height: 24px;\">Lija<\/th>\n<td style=\"width: 100.968%; height: 24px;\">High Performance<\/td>\n<\/tr>\n<\/tbody>\n<\/table>\n<p>&nbsp;<\/p>\n","protected":false},"excerpt":{"rendered":"<p>Un modelo inspirado en una de las mejores izquierdas del mundo con fondo de arena ubicado en el norte de Espa\u00f1a. Carvea, bombea y supera cualquier obst\u00e1culo que se cruce en tu camino. Uno de los m\u00e1s populares de la gama y apto para todo tipo de rider.<\/p>\n","protected":false},"featured_media":26187,"comment_status":"closed","ping_status":"closed","template":"","meta":[],"product_cat":[188,117],"product_tag":[],"class_list":["post-26179","product","type-product","status-publish","has-post-thumbnail","hentry","product_cat-miller-division-es-2","product_cat-surfskates-es"],"acf":[],"yoast_head":"<!-- This site is optimized with the Yoast SEO plugin v27.1.1 - https:\/\/yoast.com\/product\/yoast-seo-wordpress\/ -->\n<title>30&quot; x 9.8&quot; MUNDAKA - Miller Division<\/title>\n<meta name=\"robots\" content=\"index, follow, max-snippet:-1, max-image-preview:large, max-video-preview:-1\" \/>\n<link rel=\"canonical\" href=\"https:\/\/millerdivision.com\/es\/shop\/surfskates-es\/miller-division-es-2\/mundaka\/\" \/>\n<meta property=\"og:locale\" content=\"es_ES\" \/>\n<meta property=\"og:type\" content=\"article\" \/>\n<meta property=\"og:title\" content=\"30&quot; x 9.8&quot; MUNDAKA - Miller Division\" \/>\n<meta property=\"og:description\" content=\"Un modelo inspirado en una de las mejores izquierdas del mundo con fondo de arena ubicado en el norte de Espa\u00f1a. Carvea, bombea y supera cualquier obst\u00e1culo que se cruce en tu camino. Uno de los m\u00e1s populares de la gama y apto para todo tipo de rider.\" \/>\n<meta property=\"og:url\" content=\"https:\/\/millerdivision.com\/es\/shop\/surfskates-es\/miller-division-es-2\/mundaka\/\" \/>\n<meta property=\"og:site_name\" content=\"Miller Division\" \/>\n<meta property=\"article:modified_time\" content=\"2023-03-14T11:33:35+00:00\" \/>\n<meta property=\"og:image\" content=\"https:\/\/millerdivision.com\/wp-content\/uploads\/2016\/11\/miller-fotosproducto-mundaka-graphic-r.jpg?_t=1672400345\" \/>\n\t<meta property=\"og:image:width\" content=\"1000\" \/>\n\t<meta property=\"og:image:height\" content=\"1000\" \/>\n\t<meta property=\"og:image:type\" content=\"image\/jpeg\" \/>\n<meta name=\"twitter:card\" content=\"summary_large_image\" \/>\n<meta name=\"twitter:label1\" content=\"Tiempo de lectura\" \/>\n\t<meta name=\"twitter:data1\" content=\"1 minuto\" \/>\n<script type=\"application\/ld+json\" class=\"yoast-schema-graph\">{\"@context\":\"https:\/\/schema.org\",\"@graph\":[{\"@type\":\"WebPage\",\"@id\":\"https:\/\/millerdivision.com\/es\/shop\/surfskates-es\/miller-division-es-2\/mundaka\/\",\"url\":\"https:\/\/millerdivision.com\/es\/shop\/surfskates-es\/miller-division-es-2\/mundaka\/\",\"name\":\"30\\\" x 9.8\\\" MUNDAKA - Miller Division\",\"isPartOf\":{\"@id\":\"https:\/\/millerdivision.com\/es\/#website\"},\"primaryImageOfPage\":{\"@id\":\"https:\/\/millerdivision.com\/es\/shop\/surfskates-es\/miller-division-es-2\/mundaka\/#primaryimage\"},\"image\":{\"@id\":\"https:\/\/millerdivision.com\/es\/shop\/surfskates-es\/miller-division-es-2\/mundaka\/#primaryimage\"},\"thumbnailUrl\":\"https:\/\/millerdivision.com\/wp-content\/uploads\/2016\/11\/miller-fotosproducto-mundaka-graphic-r.jpg\",\"datePublished\":\"2016-11-14T13:07:12+00:00\",\"dateModified\":\"2023-03-14T11:33:35+00:00\",\"breadcrumb\":{\"@id\":\"https:\/\/millerdivision.com\/es\/shop\/surfskates-es\/miller-division-es-2\/mundaka\/#breadcrumb\"},\"inLanguage\":\"es\",\"potentialAction\":[{\"@type\":\"ReadAction\",\"target\":[\"https:\/\/millerdivision.com\/es\/shop\/surfskates-es\/miller-division-es-2\/mundaka\/\"]}]},{\"@type\":\"ImageObject\",\"inLanguage\":\"es\",\"@id\":\"https:\/\/millerdivision.com\/es\/shop\/surfskates-es\/miller-division-es-2\/mundaka\/#primaryimage\",\"url\":\"https:\/\/millerdivision.com\/wp-content\/uploads\/2016\/11\/miller-fotosproducto-mundaka-graphic-r.jpg\",\"contentUrl\":\"https:\/\/millerdivision.com\/wp-content\/uploads\/2016\/11\/miller-fotosproducto-mundaka-graphic-r.jpg\",\"width\":1000,\"height\":1000},{\"@type\":\"BreadcrumbList\",\"@id\":\"https:\/\/millerdivision.com\/es\/shop\/surfskates-es\/miller-division-es-2\/mundaka\/#breadcrumb\",\"itemListElement\":[{\"@type\":\"ListItem\",\"position\":1,\"name\":\"Home\",\"item\":\"https:\/\/millerdivision.com\/es\/\"},{\"@type\":\"ListItem\",\"position\":2,\"name\":\"Tienda\",\"item\":\"https:\/\/millerdivision.com\/es\/tienda\/\"},{\"@type\":\"ListItem\",\"position\":3,\"name\":\"30&#8243; x 9.8&#8243; MUNDAKA\"}]},{\"@type\":\"WebSite\",\"@id\":\"https:\/\/millerdivision.com\/es\/#website\",\"url\":\"https:\/\/millerdivision.com\/es\/\",\"name\":\"Miller Division\",\"description\":\"Miller Skateboards | Shop now, ride forever\",\"potentialAction\":[{\"@type\":\"SearchAction\",\"target\":{\"@type\":\"EntryPoint\",\"urlTemplate\":\"https:\/\/millerdivision.com\/es\/?s={search_term_string}\"},\"query-input\":{\"@type\":\"PropertyValueSpecification\",\"valueRequired\":true,\"valueName\":\"search_term_string\"}}],\"inLanguage\":\"es\"}]}<\/script>\n<!-- \/ Yoast SEO plugin. -->","yoast_head_json":{"title":"30\" x 9.8\" MUNDAKA - Miller Division","robots":{"index":"index","follow":"follow","max-snippet":"max-snippet:-1","max-image-preview":"max-image-preview:large","max-video-preview":"max-video-preview:-1"},"canonical":"https:\/\/millerdivision.com\/es\/shop\/surfskates-es\/miller-division-es-2\/mundaka\/","og_locale":"es_ES","og_type":"article","og_title":"30\" x 9.8\" MUNDAKA - Miller Division","og_description":"Un modelo inspirado en una de las mejores izquierdas del mundo con fondo de arena ubicado en el norte de Espa\u00f1a. Carvea, bombea y supera cualquier obst\u00e1culo que se cruce en tu camino. Uno de los m\u00e1s populares de la gama y apto para todo tipo de rider.","og_url":"https:\/\/millerdivision.com\/es\/shop\/surfskates-es\/miller-division-es-2\/mundaka\/","og_site_name":"Miller Division","article_modified_time":"2023-03-14T11:33:35+00:00","og_image":[{"width":1000,"height":1000,"url":"https:\/\/millerdivision.com\/wp-content\/uploads\/2016\/11\/miller-fotosproducto-mundaka-graphic-r.jpg?_t=1672400345","type":"image\/jpeg"}],"twitter_card":"summary_large_image","twitter_misc":{"Tiempo de lectura":"1 minuto"},"schema":{"@context":"https:\/\/schema.org","@graph":[{"@type":"WebPage","@id":"https:\/\/millerdivision.com\/es\/shop\/surfskates-es\/miller-division-es-2\/mundaka\/","url":"https:\/\/millerdivision.com\/es\/shop\/surfskates-es\/miller-division-es-2\/mundaka\/","name":"30\" x 9.8\" MUNDAKA - Miller Division","isPartOf":{"@id":"https:\/\/millerdivision.com\/es\/#website"},"primaryImageOfPage":{"@id":"https:\/\/millerdivision.com\/es\/shop\/surfskates-es\/miller-division-es-2\/mundaka\/#primaryimage"},"image":{"@id":"https:\/\/millerdivision.com\/es\/shop\/surfskates-es\/miller-division-es-2\/mundaka\/#primaryimage"},"thumbnailUrl":"https:\/\/millerdivision.com\/wp-content\/uploads\/2016\/11\/miller-fotosproducto-mundaka-graphic-r.jpg","datePublished":"2016-11-14T13:07:12+00:00","dateModified":"2023-03-14T11:33:35+00:00","breadcrumb":{"@id":"https:\/\/millerdivision.com\/es\/shop\/surfskates-es\/miller-division-es-2\/mundaka\/#breadcrumb"},"inLanguage":"es","potentialAction":[{"@type":"ReadAction","target":["https:\/\/millerdivision.com\/es\/shop\/surfskates-es\/miller-division-es-2\/mundaka\/"]}]},{"@type":"ImageObject","inLanguage":"es","@id":"https:\/\/millerdivision.com\/es\/shop\/surfskates-es\/miller-division-es-2\/mundaka\/#primaryimage","url":"https:\/\/millerdivision.com\/wp-content\/uploads\/2016\/11\/miller-fotosproducto-mundaka-graphic-r.jpg","contentUrl":"https:\/\/millerdivision.com\/wp-content\/uploads\/2016\/11\/miller-fotosproducto-mundaka-graphic-r.jpg","width":1000,"height":1000},{"@type":"BreadcrumbList","@id":"https:\/\/millerdivision.com\/es\/shop\/surfskates-es\/miller-division-es-2\/mundaka\/#breadcrumb","itemListElement":[{"@type":"ListItem","position":1,"name":"Home","item":"https:\/\/millerdivision.com\/es\/"},{"@type":"ListItem","position":2,"name":"Tienda","item":"https:\/\/millerdivision.com\/es\/tienda\/"},{"@type":"ListItem","position":3,"name":"30&#8243; x 9.8&#8243; MUNDAKA"}]},{"@type":"WebSite","@id":"https:\/\/millerdivision.com\/es\/#website","url":"https:\/\/millerdivision.com\/es\/","name":"Miller Division","description":"Miller Skateboards | Shop now, ride forever","potentialAction":[{"@type":"SearchAction","target":{"@type":"EntryPoint","urlTemplate":"https:\/\/millerdivision.com\/es\/?s={search_term_string}"},"query-input":{"@type":"PropertyValueSpecification","valueRequired":true,"valueName":"search_term_string"}}],"inLanguage":"es"}]}},"_links":{"self":[{"href":"https:\/\/millerdivision.com\/es\/wp-json\/wp\/v2\/product\/26179","targetHints":{"allow":["GET"]}}],"collection":[{"href":"https:\/\/millerdivision.com\/es\/wp-json\/wp\/v2\/product"}],"about":[{"href":"https:\/\/millerdivision.com\/es\/wp-json\/wp\/v2\/types\/product"}],"replies":[{"embeddable":true,"href":"https:\/\/millerdivision.com\/es\/wp-json\/wp\/v2\/comments?post=26179"}],"wp:featuredmedia":[{"embeddable":true,"href":"https:\/\/millerdivision.com\/es\/wp-json\/wp\/v2\/media\/26187"}],"wp:attachment":[{"href":"https:\/\/millerdivision.com\/es\/wp-json\/wp\/v2\/media?parent=26179"}],"wp:term":[{"taxonomy":"product_cat","embeddable":true,"href":"https:\/\/millerdivision.com\/es\/wp-json\/wp\/v2\/product_cat?post=26179"},{"taxonomy":"product_tag","embeddable":true,"href":"https:\/\/millerdivision.com\/es\/wp-json\/wp\/v2\/product_tag?post=26179"}],"curies":[{"name":"wp","href":"https:\/\/api.w.org\/{rel}","templated":true}]}}