{"id":26157,"date":"2016-11-14T14:33:56","date_gmt":"2016-11-14T13:33:56","guid":{"rendered":"http:\/\/millerdivision.com\/shop\/sin%20categor\u00eda\/rider-pack\/"},"modified":"2022-03-03T16:47:42","modified_gmt":"2022-03-03T15:47:42","slug":"rider-pack","status":"publish","type":"product","link":"https:\/\/millerdivision.com\/es\/shop\/protecciones\/protecciones-rodillas-y-codos\/rider-pack\/","title":{"rendered":"RIDER PACK"},"content":{"rendered":"<p>Combinaci\u00f3n perfecta de kit con rodillera, codera y mu\u00f1equera. Gran protecci\u00f3n, durabilidad y alta calidad,construido anat\u00f3micamente para un mejor ajuste. Hilo industrial, con refuerzos en costuras en los puntos de mayor tensi\u00f3n. Especialmente dise\u00f1ado para deportes sobre ruedas ( skateboard, roller, bike&#8230;)<\/p>\n<ul>\n<li>Dise\u00f1ado ergon\u00f3micamente para mayor comodidad<\/li>\n<li>Construido anat\u00f3micamente para un mejor ajuste<\/li>\n<li>Rodilleras y coderas compactas con espuma EVA contorneada de alta densidad<\/li>\n<li>Caps de polietileno resistentes a los impactos fijadas de forma segura con remaches reforzados<\/li>\n<li>Cierre de neopreno y velcro para facilitar la entrada<\/li>\n<li>Tallas disponibles: S, M, L y Ni\u00f1os (XS)<\/li>\n<\/ul>\n<p>&nbsp;<\/p>\n<p>&nbsp;<\/p>\n","protected":false},"excerpt":{"rendered":"<p>Combinaci\u00f3n perfecta de kit con rodillera, codera y mu\u00f1equera. Gran protecci\u00f3n, durabilidad y alta calidad,construido anat\u00f3micamente para un mejor ajuste. Hilo industrial, con refuerzos en costuras en los puntos de mayor tensi\u00f3n. Especialmente dise\u00f1ado para deportes sobre ruedas ( skateboard, roller, bike&#8230;).<\/p>\n<div class=\"textoEditor resumen\">\n<p>&nbsp;<\/p>\n<\/div>\n","protected":false},"featured_media":26158,"comment_status":"closed","ping_status":"closed","template":"","meta":[],"product_cat":[124,127,117,115],"product_tag":[],"class_list":["post-26157","product","type-product","status-publish","has-post-thumbnail","hentry","product_cat-protecciones","product_cat-protecciones-rodillas-y-codos","product_cat-surfskates-es","product_cat-tablas-es","pa_size-ad-l-es","pa_size-da-m-es","pa_size-20-s-es","pa_size-b0-xskids-es"],"acf":[],"yoast_head":"<!-- This site is optimized with the Yoast SEO plugin v27.1.1 - https:\/\/yoast.com\/product\/yoast-seo-wordpress\/ -->\n<title>RIDER PACK - Miller Division<\/title>\n<meta name=\"robots\" content=\"index, follow, max-snippet:-1, max-image-preview:large, max-video-preview:-1\" \/>\n<link rel=\"canonical\" href=\"https:\/\/millerdivision.com\/es\/shop\/protecciones\/protecciones-rodillas-y-codos\/rider-pack\/\" \/>\n<meta property=\"og:locale\" content=\"es_ES\" \/>\n<meta property=\"og:type\" content=\"article\" \/>\n<meta property=\"og:title\" content=\"RIDER PACK - Miller Division\" \/>\n<meta property=\"og:description\" content=\"Combinaci\u00f3n perfecta de kit con rodillera, codera y mu\u00f1equera. Gran protecci\u00f3n, durabilidad y alta calidad,construido anat\u00f3micamente para un mejor ajuste. Hilo industrial, con refuerzos en costuras en los puntos de mayor tensi\u00f3n. Especialmente dise\u00f1ado para deportes sobre ruedas ( skateboard, roller, bike...).  &nbsp;\" \/>\n<meta property=\"og:url\" content=\"https:\/\/millerdivision.com\/es\/shop\/protecciones\/protecciones-rodillas-y-codos\/rider-pack\/\" \/>\n<meta property=\"og:site_name\" content=\"Miller Division\" \/>\n<meta property=\"article:modified_time\" content=\"2022-03-03T15:47:42+00:00\" \/>\n<meta property=\"og:image\" content=\"https:\/\/millerdivision.com\/wp-content\/uploads\/2016\/11\/p-6-6-0-660-rider-pack.jpg\" \/>\n\t<meta property=\"og:image:width\" content=\"770\" \/>\n\t<meta property=\"og:image:height\" content=\"1024\" \/>\n\t<meta property=\"og:image:type\" content=\"image\/jpeg\" \/>\n<meta name=\"twitter:card\" content=\"summary_large_image\" \/>\n<meta name=\"twitter:label1\" content=\"Tiempo de lectura\" \/>\n\t<meta name=\"twitter:data1\" content=\"1 minuto\" \/>\n<script type=\"application\/ld+json\" class=\"yoast-schema-graph\">{\"@context\":\"https:\/\/schema.org\",\"@graph\":[{\"@type\":\"WebPage\",\"@id\":\"https:\/\/millerdivision.com\/es\/shop\/protecciones\/protecciones-rodillas-y-codos\/rider-pack\/\",\"url\":\"https:\/\/millerdivision.com\/es\/shop\/protecciones\/protecciones-rodillas-y-codos\/rider-pack\/\",\"name\":\"RIDER PACK - Miller Division\",\"isPartOf\":{\"@id\":\"https:\/\/millerdivision.com\/es\/#website\"},\"primaryImageOfPage\":{\"@id\":\"https:\/\/millerdivision.com\/es\/shop\/protecciones\/protecciones-rodillas-y-codos\/rider-pack\/#primaryimage\"},\"image\":{\"@id\":\"https:\/\/millerdivision.com\/es\/shop\/protecciones\/protecciones-rodillas-y-codos\/rider-pack\/#primaryimage\"},\"thumbnailUrl\":\"https:\/\/millerdivision.com\/wp-content\/uploads\/2016\/11\/p-6-6-0-660-rider-pack.jpg\",\"datePublished\":\"2016-11-14T13:33:56+00:00\",\"dateModified\":\"2022-03-03T15:47:42+00:00\",\"breadcrumb\":{\"@id\":\"https:\/\/millerdivision.com\/es\/shop\/protecciones\/protecciones-rodillas-y-codos\/rider-pack\/#breadcrumb\"},\"inLanguage\":\"es\",\"potentialAction\":[{\"@type\":\"ReadAction\",\"target\":[\"https:\/\/millerdivision.com\/es\/shop\/protecciones\/protecciones-rodillas-y-codos\/rider-pack\/\"]}]},{\"@type\":\"ImageObject\",\"inLanguage\":\"es\",\"@id\":\"https:\/\/millerdivision.com\/es\/shop\/protecciones\/protecciones-rodillas-y-codos\/rider-pack\/#primaryimage\",\"url\":\"https:\/\/millerdivision.com\/wp-content\/uploads\/2016\/11\/p-6-6-0-660-rider-pack.jpg\",\"contentUrl\":\"https:\/\/millerdivision.com\/wp-content\/uploads\/2016\/11\/p-6-6-0-660-rider-pack.jpg\",\"width\":770,\"height\":1024},{\"@type\":\"BreadcrumbList\",\"@id\":\"https:\/\/millerdivision.com\/es\/shop\/protecciones\/protecciones-rodillas-y-codos\/rider-pack\/#breadcrumb\",\"itemListElement\":[{\"@type\":\"ListItem\",\"position\":1,\"name\":\"Home\",\"item\":\"https:\/\/millerdivision.com\/es\/\"},{\"@type\":\"ListItem\",\"position\":2,\"name\":\"Tienda\",\"item\":\"https:\/\/millerdivision.com\/es\/tienda\/\"},{\"@type\":\"ListItem\",\"position\":3,\"name\":\"RIDER PACK\"}]},{\"@type\":\"WebSite\",\"@id\":\"https:\/\/millerdivision.com\/es\/#website\",\"url\":\"https:\/\/millerdivision.com\/es\/\",\"name\":\"Miller Division\",\"description\":\"Miller Skateboards | Shop now, ride forever\",\"potentialAction\":[{\"@type\":\"SearchAction\",\"target\":{\"@type\":\"EntryPoint\",\"urlTemplate\":\"https:\/\/millerdivision.com\/es\/?s={search_term_string}\"},\"query-input\":{\"@type\":\"PropertyValueSpecification\",\"valueRequired\":true,\"valueName\":\"search_term_string\"}}],\"inLanguage\":\"es\"}]}<\/script>\n<!-- \/ Yoast SEO plugin. -->","yoast_head_json":{"title":"RIDER PACK - Miller Division","robots":{"index":"index","follow":"follow","max-snippet":"max-snippet:-1","max-image-preview":"max-image-preview:large","max-video-preview":"max-video-preview:-1"},"canonical":"https:\/\/millerdivision.com\/es\/shop\/protecciones\/protecciones-rodillas-y-codos\/rider-pack\/","og_locale":"es_ES","og_type":"article","og_title":"RIDER PACK - Miller Division","og_description":"Combinaci\u00f3n perfecta de kit con rodillera, codera y mu\u00f1equera. Gran protecci\u00f3n, durabilidad y alta calidad,construido anat\u00f3micamente para un mejor ajuste. Hilo industrial, con refuerzos en costuras en los puntos de mayor tensi\u00f3n. Especialmente dise\u00f1ado para deportes sobre ruedas ( skateboard, roller, bike...).  &nbsp;","og_url":"https:\/\/millerdivision.com\/es\/shop\/protecciones\/protecciones-rodillas-y-codos\/rider-pack\/","og_site_name":"Miller Division","article_modified_time":"2022-03-03T15:47:42+00:00","og_image":[{"width":770,"height":1024,"url":"https:\/\/millerdivision.com\/wp-content\/uploads\/2016\/11\/p-6-6-0-660-rider-pack.jpg","type":"image\/jpeg"}],"twitter_card":"summary_large_image","twitter_misc":{"Tiempo de lectura":"1 minuto"},"schema":{"@context":"https:\/\/schema.org","@graph":[{"@type":"WebPage","@id":"https:\/\/millerdivision.com\/es\/shop\/protecciones\/protecciones-rodillas-y-codos\/rider-pack\/","url":"https:\/\/millerdivision.com\/es\/shop\/protecciones\/protecciones-rodillas-y-codos\/rider-pack\/","name":"RIDER PACK - Miller Division","isPartOf":{"@id":"https:\/\/millerdivision.com\/es\/#website"},"primaryImageOfPage":{"@id":"https:\/\/millerdivision.com\/es\/shop\/protecciones\/protecciones-rodillas-y-codos\/rider-pack\/#primaryimage"},"image":{"@id":"https:\/\/millerdivision.com\/es\/shop\/protecciones\/protecciones-rodillas-y-codos\/rider-pack\/#primaryimage"},"thumbnailUrl":"https:\/\/millerdivision.com\/wp-content\/uploads\/2016\/11\/p-6-6-0-660-rider-pack.jpg","datePublished":"2016-11-14T13:33:56+00:00","dateModified":"2022-03-03T15:47:42+00:00","breadcrumb":{"@id":"https:\/\/millerdivision.com\/es\/shop\/protecciones\/protecciones-rodillas-y-codos\/rider-pack\/#breadcrumb"},"inLanguage":"es","potentialAction":[{"@type":"ReadAction","target":["https:\/\/millerdivision.com\/es\/shop\/protecciones\/protecciones-rodillas-y-codos\/rider-pack\/"]}]},{"@type":"ImageObject","inLanguage":"es","@id":"https:\/\/millerdivision.com\/es\/shop\/protecciones\/protecciones-rodillas-y-codos\/rider-pack\/#primaryimage","url":"https:\/\/millerdivision.com\/wp-content\/uploads\/2016\/11\/p-6-6-0-660-rider-pack.jpg","contentUrl":"https:\/\/millerdivision.com\/wp-content\/uploads\/2016\/11\/p-6-6-0-660-rider-pack.jpg","width":770,"height":1024},{"@type":"BreadcrumbList","@id":"https:\/\/millerdivision.com\/es\/shop\/protecciones\/protecciones-rodillas-y-codos\/rider-pack\/#breadcrumb","itemListElement":[{"@type":"ListItem","position":1,"name":"Home","item":"https:\/\/millerdivision.com\/es\/"},{"@type":"ListItem","position":2,"name":"Tienda","item":"https:\/\/millerdivision.com\/es\/tienda\/"},{"@type":"ListItem","position":3,"name":"RIDER PACK"}]},{"@type":"WebSite","@id":"https:\/\/millerdivision.com\/es\/#website","url":"https:\/\/millerdivision.com\/es\/","name":"Miller Division","description":"Miller Skateboards | Shop now, ride forever","potentialAction":[{"@type":"SearchAction","target":{"@type":"EntryPoint","urlTemplate":"https:\/\/millerdivision.com\/es\/?s={search_term_string}"},"query-input":{"@type":"PropertyValueSpecification","valueRequired":true,"valueName":"search_term_string"}}],"inLanguage":"es"}]}},"_links":{"self":[{"href":"https:\/\/millerdivision.com\/es\/wp-json\/wp\/v2\/product\/26157","targetHints":{"allow":["GET"]}}],"collection":[{"href":"https:\/\/millerdivision.com\/es\/wp-json\/wp\/v2\/product"}],"about":[{"href":"https:\/\/millerdivision.com\/es\/wp-json\/wp\/v2\/types\/product"}],"replies":[{"embeddable":true,"href":"https:\/\/millerdivision.com\/es\/wp-json\/wp\/v2\/comments?post=26157"}],"wp:featuredmedia":[{"embeddable":true,"href":"https:\/\/millerdivision.com\/es\/wp-json\/wp\/v2\/media\/26158"}],"wp:attachment":[{"href":"https:\/\/millerdivision.com\/es\/wp-json\/wp\/v2\/media?parent=26157"}],"wp:term":[{"taxonomy":"product_cat","embeddable":true,"href":"https:\/\/millerdivision.com\/es\/wp-json\/wp\/v2\/product_cat?post=26157"},{"taxonomy":"product_tag","embeddable":true,"href":"https:\/\/millerdivision.com\/es\/wp-json\/wp\/v2\/product_tag?post=26157"}],"curies":[{"name":"wp","href":"https:\/\/api.w.org\/{rel}","templated":true}]}}