{"id":26151,"date":"2016-11-14T14:39:24","date_gmt":"2016-11-14T13:39:24","guid":{"rendered":"http:\/\/millerdivision.com\/shop\/sin%20categor\u00eda\/freeride-advantage\/"},"modified":"2020-09-22T15:10:14","modified_gmt":"2020-09-22T13:10:14","slug":"freeride-advantage","status":"publish","type":"product","link":"https:\/\/millerdivision.com\/es\/shop\/protecciones\/guantes\/freeride-advantage\/","title":{"rendered":"FREERIDE ADVANTAGE LEATHER"},"content":{"rendered":"<p>Protege tus manos cuando patines. Fabricado en piel de cabra que le da suavidad y resistencia. Con pucks en las palmas, est\u00e1 especialmente dise\u00f1ado para freeride y slide. Advertencia: No est\u00e1n dise\u00f1ados para calle o rampa.<\/p>\n<ul>\n<li>Cuero de cabra de alta calidad<\/li>\n<li>Disco de PU de alta densidad<\/li>\n<li>Doble capa de refuerzo en los dedos.<\/li>\n<li>Cuero micro perforado en la parte trasera<\/li>\n<li>Ultra-transpirable<\/li>\n<li>Slim-fit<\/li>\n<li>Espuma anti-impacto de 3 mm en la palma<\/li>\n<li>cierre de velcro<\/li>\n<li>Muy flexible, seguro y c\u00f3modo.<\/li>\n<\/ul>\n","protected":false},"excerpt":{"rendered":"<div class=\"textoEditor resumen\">\n<p>Protege tus manos cuando patines. Fabricado en piel de cabra que le da suavidad y resistencia. Con pucks en las palmas, est\u00e1 especialmente dise\u00f1ado para freeride y slide. Advertencia: No est\u00e1n dise\u00f1ados para calle o rampa.<\/p>\n<\/div>\n","protected":false},"featured_media":26153,"comment_status":"closed","ping_status":"closed","template":"","meta":[],"product_cat":[126,124],"product_tag":[],"class_list":["post-26151","product","type-product","status-publish","has-post-thumbnail","hentry","product_cat-guantes","product_cat-protecciones","pa_size-ad-l-es","pa_size-da-m-es"],"acf":[],"yoast_head":"<!-- This site is optimized with the Yoast SEO plugin v27.1.1 - https:\/\/yoast.com\/product\/yoast-seo-wordpress\/ -->\n<title>FREERIDE ADVANTAGE LEATHER - Miller Division<\/title>\n<meta name=\"robots\" content=\"index, follow, max-snippet:-1, max-image-preview:large, max-video-preview:-1\" \/>\n<link rel=\"canonical\" href=\"https:\/\/millerdivision.com\/es\/shop\/protecciones\/guantes\/freeride-advantage\/\" \/>\n<meta property=\"og:locale\" content=\"es_ES\" \/>\n<meta property=\"og:type\" content=\"article\" \/>\n<meta property=\"og:title\" content=\"FREERIDE ADVANTAGE LEATHER - Miller Division\" \/>\n<meta property=\"og:description\" content=\"Protege tus manos cuando patines. Fabricado en piel de cabra que le da suavidad y resistencia. Con pucks en las palmas, est\u00e1 especialmente dise\u00f1ado para freeride y slide. Advertencia: No est\u00e1n dise\u00f1ados para calle o rampa.\" \/>\n<meta property=\"og:url\" content=\"https:\/\/millerdivision.com\/es\/shop\/protecciones\/guantes\/freeride-advantage\/\" \/>\n<meta property=\"og:site_name\" content=\"Miller Division\" \/>\n<meta property=\"article:modified_time\" content=\"2020-09-22T13:10:14+00:00\" \/>\n<meta property=\"og:image\" content=\"https:\/\/millerdivision.com\/wp-content\/uploads\/2016\/11\/guantes-miller-0000-guantes-cuero.jpg\" \/>\n\t<meta property=\"og:image:width\" content=\"1200\" \/>\n\t<meta property=\"og:image:height\" content=\"1200\" \/>\n\t<meta property=\"og:image:type\" content=\"image\/jpeg\" \/>\n<meta name=\"twitter:card\" content=\"summary_large_image\" \/>\n<script type=\"application\/ld+json\" class=\"yoast-schema-graph\">{\"@context\":\"https:\/\/schema.org\",\"@graph\":[{\"@type\":\"WebPage\",\"@id\":\"https:\/\/millerdivision.com\/es\/shop\/protecciones\/guantes\/freeride-advantage\/\",\"url\":\"https:\/\/millerdivision.com\/es\/shop\/protecciones\/guantes\/freeride-advantage\/\",\"name\":\"FREERIDE ADVANTAGE LEATHER - Miller Division\",\"isPartOf\":{\"@id\":\"https:\/\/millerdivision.com\/es\/#website\"},\"primaryImageOfPage\":{\"@id\":\"https:\/\/millerdivision.com\/es\/shop\/protecciones\/guantes\/freeride-advantage\/#primaryimage\"},\"image\":{\"@id\":\"https:\/\/millerdivision.com\/es\/shop\/protecciones\/guantes\/freeride-advantage\/#primaryimage\"},\"thumbnailUrl\":\"https:\/\/millerdivision.com\/wp-content\/uploads\/2016\/11\/guantes-miller-0000-guantes-cuero.jpg\",\"datePublished\":\"2016-11-14T13:39:24+00:00\",\"dateModified\":\"2020-09-22T13:10:14+00:00\",\"breadcrumb\":{\"@id\":\"https:\/\/millerdivision.com\/es\/shop\/protecciones\/guantes\/freeride-advantage\/#breadcrumb\"},\"inLanguage\":\"es\",\"potentialAction\":[{\"@type\":\"ReadAction\",\"target\":[\"https:\/\/millerdivision.com\/es\/shop\/protecciones\/guantes\/freeride-advantage\/\"]}]},{\"@type\":\"ImageObject\",\"inLanguage\":\"es\",\"@id\":\"https:\/\/millerdivision.com\/es\/shop\/protecciones\/guantes\/freeride-advantage\/#primaryimage\",\"url\":\"https:\/\/millerdivision.com\/wp-content\/uploads\/2016\/11\/guantes-miller-0000-guantes-cuero.jpg\",\"contentUrl\":\"https:\/\/millerdivision.com\/wp-content\/uploads\/2016\/11\/guantes-miller-0000-guantes-cuero.jpg\",\"width\":1200,\"height\":1200},{\"@type\":\"BreadcrumbList\",\"@id\":\"https:\/\/millerdivision.com\/es\/shop\/protecciones\/guantes\/freeride-advantage\/#breadcrumb\",\"itemListElement\":[{\"@type\":\"ListItem\",\"position\":1,\"name\":\"Home\",\"item\":\"https:\/\/millerdivision.com\/es\/\"},{\"@type\":\"ListItem\",\"position\":2,\"name\":\"Tienda\",\"item\":\"https:\/\/millerdivision.com\/es\/tienda\/\"},{\"@type\":\"ListItem\",\"position\":3,\"name\":\"FREERIDE ADVANTAGE LEATHER\"}]},{\"@type\":\"WebSite\",\"@id\":\"https:\/\/millerdivision.com\/es\/#website\",\"url\":\"https:\/\/millerdivision.com\/es\/\",\"name\":\"Miller Division\",\"description\":\"Miller Skateboards | Shop now, ride forever\",\"potentialAction\":[{\"@type\":\"SearchAction\",\"target\":{\"@type\":\"EntryPoint\",\"urlTemplate\":\"https:\/\/millerdivision.com\/es\/?s={search_term_string}\"},\"query-input\":{\"@type\":\"PropertyValueSpecification\",\"valueRequired\":true,\"valueName\":\"search_term_string\"}}],\"inLanguage\":\"es\"}]}<\/script>\n<!-- \/ Yoast SEO plugin. -->","yoast_head_json":{"title":"FREERIDE ADVANTAGE LEATHER - Miller Division","robots":{"index":"index","follow":"follow","max-snippet":"max-snippet:-1","max-image-preview":"max-image-preview:large","max-video-preview":"max-video-preview:-1"},"canonical":"https:\/\/millerdivision.com\/es\/shop\/protecciones\/guantes\/freeride-advantage\/","og_locale":"es_ES","og_type":"article","og_title":"FREERIDE ADVANTAGE LEATHER - Miller Division","og_description":"Protege tus manos cuando patines. Fabricado en piel de cabra que le da suavidad y resistencia. Con pucks en las palmas, est\u00e1 especialmente dise\u00f1ado para freeride y slide. Advertencia: No est\u00e1n dise\u00f1ados para calle o rampa.","og_url":"https:\/\/millerdivision.com\/es\/shop\/protecciones\/guantes\/freeride-advantage\/","og_site_name":"Miller Division","article_modified_time":"2020-09-22T13:10:14+00:00","og_image":[{"width":1200,"height":1200,"url":"https:\/\/millerdivision.com\/wp-content\/uploads\/2016\/11\/guantes-miller-0000-guantes-cuero.jpg","type":"image\/jpeg"}],"twitter_card":"summary_large_image","schema":{"@context":"https:\/\/schema.org","@graph":[{"@type":"WebPage","@id":"https:\/\/millerdivision.com\/es\/shop\/protecciones\/guantes\/freeride-advantage\/","url":"https:\/\/millerdivision.com\/es\/shop\/protecciones\/guantes\/freeride-advantage\/","name":"FREERIDE ADVANTAGE LEATHER - Miller Division","isPartOf":{"@id":"https:\/\/millerdivision.com\/es\/#website"},"primaryImageOfPage":{"@id":"https:\/\/millerdivision.com\/es\/shop\/protecciones\/guantes\/freeride-advantage\/#primaryimage"},"image":{"@id":"https:\/\/millerdivision.com\/es\/shop\/protecciones\/guantes\/freeride-advantage\/#primaryimage"},"thumbnailUrl":"https:\/\/millerdivision.com\/wp-content\/uploads\/2016\/11\/guantes-miller-0000-guantes-cuero.jpg","datePublished":"2016-11-14T13:39:24+00:00","dateModified":"2020-09-22T13:10:14+00:00","breadcrumb":{"@id":"https:\/\/millerdivision.com\/es\/shop\/protecciones\/guantes\/freeride-advantage\/#breadcrumb"},"inLanguage":"es","potentialAction":[{"@type":"ReadAction","target":["https:\/\/millerdivision.com\/es\/shop\/protecciones\/guantes\/freeride-advantage\/"]}]},{"@type":"ImageObject","inLanguage":"es","@id":"https:\/\/millerdivision.com\/es\/shop\/protecciones\/guantes\/freeride-advantage\/#primaryimage","url":"https:\/\/millerdivision.com\/wp-content\/uploads\/2016\/11\/guantes-miller-0000-guantes-cuero.jpg","contentUrl":"https:\/\/millerdivision.com\/wp-content\/uploads\/2016\/11\/guantes-miller-0000-guantes-cuero.jpg","width":1200,"height":1200},{"@type":"BreadcrumbList","@id":"https:\/\/millerdivision.com\/es\/shop\/protecciones\/guantes\/freeride-advantage\/#breadcrumb","itemListElement":[{"@type":"ListItem","position":1,"name":"Home","item":"https:\/\/millerdivision.com\/es\/"},{"@type":"ListItem","position":2,"name":"Tienda","item":"https:\/\/millerdivision.com\/es\/tienda\/"},{"@type":"ListItem","position":3,"name":"FREERIDE ADVANTAGE LEATHER"}]},{"@type":"WebSite","@id":"https:\/\/millerdivision.com\/es\/#website","url":"https:\/\/millerdivision.com\/es\/","name":"Miller Division","description":"Miller Skateboards | Shop now, ride forever","potentialAction":[{"@type":"SearchAction","target":{"@type":"EntryPoint","urlTemplate":"https:\/\/millerdivision.com\/es\/?s={search_term_string}"},"query-input":{"@type":"PropertyValueSpecification","valueRequired":true,"valueName":"search_term_string"}}],"inLanguage":"es"}]}},"_links":{"self":[{"href":"https:\/\/millerdivision.com\/es\/wp-json\/wp\/v2\/product\/26151","targetHints":{"allow":["GET"]}}],"collection":[{"href":"https:\/\/millerdivision.com\/es\/wp-json\/wp\/v2\/product"}],"about":[{"href":"https:\/\/millerdivision.com\/es\/wp-json\/wp\/v2\/types\/product"}],"replies":[{"embeddable":true,"href":"https:\/\/millerdivision.com\/es\/wp-json\/wp\/v2\/comments?post=26151"}],"wp:featuredmedia":[{"embeddable":true,"href":"https:\/\/millerdivision.com\/es\/wp-json\/wp\/v2\/media\/26153"}],"wp:attachment":[{"href":"https:\/\/millerdivision.com\/es\/wp-json\/wp\/v2\/media?parent=26151"}],"wp:term":[{"taxonomy":"product_cat","embeddable":true,"href":"https:\/\/millerdivision.com\/es\/wp-json\/wp\/v2\/product_cat?post=26151"},{"taxonomy":"product_tag","embeddable":true,"href":"https:\/\/millerdivision.com\/es\/wp-json\/wp\/v2\/product_tag?post=26151"}],"curies":[{"name":"wp","href":"https:\/\/api.w.org\/{rel}","templated":true}]}}