{"id":26089,"date":"2016-11-17T13:15:36","date_gmt":"2016-11-17T12:15:36","guid":{"rendered":"http:\/\/millerdivision.com\/shop\/sin%20categor\u00eda\/endless-summer\/"},"modified":"2023-12-05T10:16:48","modified_gmt":"2023-12-05T09:16:48","slug":"endless-summer","status":"publish","type":"product","link":"https:\/\/millerdivision.com\/es\/shop\/mochilas\/endless-summer\/","title":{"rendered":"ENDLESS SUMMER 17L &#8211; 30x12x43cm"},"content":{"rendered":"<p>Simple y vers\u00e1til. As\u00ed son las mochilas Miller. Con un estilo casual y muy vers\u00e1til. Espacio para port\u00e1til y bolsillo exterior con capacidad extra.<\/p>\n<p>Composicion:<\/p>\n<ul>\n<li>Tejido exterior: 900D polyester<\/li>\n<li>Recubrimiento PU: 300 gr\/m2<\/li>\n<li>Forro:: 100% polyester<\/li>\n<\/ul>\n","protected":false},"excerpt":{"rendered":"<p>Simple y vers\u00e1til. As\u00ed son las mochilas Miller. Con un estilo casual y muy vers\u00e1til. Espacio para port\u00e1til y bolsillo exterior con capacidad extra.<\/p>\n<div class=\"textoEditor resumen\">\n<p>&nbsp;<\/p>\n<\/div>\n","protected":false},"featured_media":27227,"comment_status":"closed","ping_status":"closed","template":"","meta":[],"product_cat":[128],"product_tag":[],"class_list":["post-26089","product","type-product","status-publish","has-post-thumbnail","hentry","product_cat-mochilas"],"acf":[],"yoast_head":"<!-- This site is optimized with the Yoast SEO plugin v27.1.1 - https:\/\/yoast.com\/product\/yoast-seo-wordpress\/ -->\n<title>ENDLESS SUMMER 17L - 30x12x43cm - Miller Division<\/title>\n<meta name=\"robots\" content=\"index, follow, max-snippet:-1, max-image-preview:large, max-video-preview:-1\" \/>\n<link rel=\"canonical\" href=\"https:\/\/millerdivision.com\/es\/shop\/mochilas\/endless-summer\/\" \/>\n<meta property=\"og:locale\" content=\"es_ES\" \/>\n<meta property=\"og:type\" content=\"article\" \/>\n<meta property=\"og:title\" content=\"ENDLESS SUMMER 17L - 30x12x43cm - Miller Division\" \/>\n<meta property=\"og:description\" content=\"Simple y vers\u00e1til. As\u00ed son las mochilas Miller. Con un estilo casual y muy vers\u00e1til. Espacio para port\u00e1til y bolsillo exterior con capacidad extra.  &nbsp;\" \/>\n<meta property=\"og:url\" content=\"https:\/\/millerdivision.com\/es\/shop\/mochilas\/endless-summer\/\" \/>\n<meta property=\"og:site_name\" content=\"Miller Division\" \/>\n<meta property=\"article:modified_time\" content=\"2023-12-05T09:16:48+00:00\" \/>\n<meta property=\"og:image\" content=\"https:\/\/millerdivision.com\/wp-content\/uploads\/2016\/11\/7-frontal.jpg\" \/>\n\t<meta property=\"og:image:width\" content=\"1440\" \/>\n\t<meta property=\"og:image:height\" content=\"1440\" \/>\n\t<meta property=\"og:image:type\" content=\"image\/jpeg\" \/>\n<meta name=\"twitter:card\" content=\"summary_large_image\" \/>\n<script type=\"application\/ld+json\" class=\"yoast-schema-graph\">{\"@context\":\"https:\/\/schema.org\",\"@graph\":[{\"@type\":\"WebPage\",\"@id\":\"https:\/\/millerdivision.com\/es\/shop\/mochilas\/endless-summer\/\",\"url\":\"https:\/\/millerdivision.com\/es\/shop\/mochilas\/endless-summer\/\",\"name\":\"ENDLESS SUMMER 17L - 30x12x43cm - Miller Division\",\"isPartOf\":{\"@id\":\"https:\/\/millerdivision.com\/es\/#website\"},\"primaryImageOfPage\":{\"@id\":\"https:\/\/millerdivision.com\/es\/shop\/mochilas\/endless-summer\/#primaryimage\"},\"image\":{\"@id\":\"https:\/\/millerdivision.com\/es\/shop\/mochilas\/endless-summer\/#primaryimage\"},\"thumbnailUrl\":\"https:\/\/millerdivision.com\/wp-content\/uploads\/2016\/11\/7-frontal.jpg\",\"datePublished\":\"2016-11-17T12:15:36+00:00\",\"dateModified\":\"2023-12-05T09:16:48+00:00\",\"breadcrumb\":{\"@id\":\"https:\/\/millerdivision.com\/es\/shop\/mochilas\/endless-summer\/#breadcrumb\"},\"inLanguage\":\"es\",\"potentialAction\":[{\"@type\":\"ReadAction\",\"target\":[\"https:\/\/millerdivision.com\/es\/shop\/mochilas\/endless-summer\/\"]}]},{\"@type\":\"ImageObject\",\"inLanguage\":\"es\",\"@id\":\"https:\/\/millerdivision.com\/es\/shop\/mochilas\/endless-summer\/#primaryimage\",\"url\":\"https:\/\/millerdivision.com\/wp-content\/uploads\/2016\/11\/7-frontal.jpg\",\"contentUrl\":\"https:\/\/millerdivision.com\/wp-content\/uploads\/2016\/11\/7-frontal.jpg\",\"width\":1440,\"height\":1440},{\"@type\":\"BreadcrumbList\",\"@id\":\"https:\/\/millerdivision.com\/es\/shop\/mochilas\/endless-summer\/#breadcrumb\",\"itemListElement\":[{\"@type\":\"ListItem\",\"position\":1,\"name\":\"Home\",\"item\":\"https:\/\/millerdivision.com\/es\/\"},{\"@type\":\"ListItem\",\"position\":2,\"name\":\"Tienda\",\"item\":\"https:\/\/millerdivision.com\/es\/tienda\/\"},{\"@type\":\"ListItem\",\"position\":3,\"name\":\"ENDLESS SUMMER 17L &#8211; 30x12x43cm\"}]},{\"@type\":\"WebSite\",\"@id\":\"https:\/\/millerdivision.com\/es\/#website\",\"url\":\"https:\/\/millerdivision.com\/es\/\",\"name\":\"Miller Division\",\"description\":\"Miller Skateboards | Shop now, ride forever\",\"potentialAction\":[{\"@type\":\"SearchAction\",\"target\":{\"@type\":\"EntryPoint\",\"urlTemplate\":\"https:\/\/millerdivision.com\/es\/?s={search_term_string}\"},\"query-input\":{\"@type\":\"PropertyValueSpecification\",\"valueRequired\":true,\"valueName\":\"search_term_string\"}}],\"inLanguage\":\"es\"}]}<\/script>\n<!-- \/ Yoast SEO plugin. -->","yoast_head_json":{"title":"ENDLESS SUMMER 17L - 30x12x43cm - Miller Division","robots":{"index":"index","follow":"follow","max-snippet":"max-snippet:-1","max-image-preview":"max-image-preview:large","max-video-preview":"max-video-preview:-1"},"canonical":"https:\/\/millerdivision.com\/es\/shop\/mochilas\/endless-summer\/","og_locale":"es_ES","og_type":"article","og_title":"ENDLESS SUMMER 17L - 30x12x43cm - Miller Division","og_description":"Simple y vers\u00e1til. As\u00ed son las mochilas Miller. Con un estilo casual y muy vers\u00e1til. Espacio para port\u00e1til y bolsillo exterior con capacidad extra.  &nbsp;","og_url":"https:\/\/millerdivision.com\/es\/shop\/mochilas\/endless-summer\/","og_site_name":"Miller Division","article_modified_time":"2023-12-05T09:16:48+00:00","og_image":[{"width":1440,"height":1440,"url":"https:\/\/millerdivision.com\/wp-content\/uploads\/2016\/11\/7-frontal.jpg","type":"image\/jpeg"}],"twitter_card":"summary_large_image","schema":{"@context":"https:\/\/schema.org","@graph":[{"@type":"WebPage","@id":"https:\/\/millerdivision.com\/es\/shop\/mochilas\/endless-summer\/","url":"https:\/\/millerdivision.com\/es\/shop\/mochilas\/endless-summer\/","name":"ENDLESS SUMMER 17L - 30x12x43cm - Miller Division","isPartOf":{"@id":"https:\/\/millerdivision.com\/es\/#website"},"primaryImageOfPage":{"@id":"https:\/\/millerdivision.com\/es\/shop\/mochilas\/endless-summer\/#primaryimage"},"image":{"@id":"https:\/\/millerdivision.com\/es\/shop\/mochilas\/endless-summer\/#primaryimage"},"thumbnailUrl":"https:\/\/millerdivision.com\/wp-content\/uploads\/2016\/11\/7-frontal.jpg","datePublished":"2016-11-17T12:15:36+00:00","dateModified":"2023-12-05T09:16:48+00:00","breadcrumb":{"@id":"https:\/\/millerdivision.com\/es\/shop\/mochilas\/endless-summer\/#breadcrumb"},"inLanguage":"es","potentialAction":[{"@type":"ReadAction","target":["https:\/\/millerdivision.com\/es\/shop\/mochilas\/endless-summer\/"]}]},{"@type":"ImageObject","inLanguage":"es","@id":"https:\/\/millerdivision.com\/es\/shop\/mochilas\/endless-summer\/#primaryimage","url":"https:\/\/millerdivision.com\/wp-content\/uploads\/2016\/11\/7-frontal.jpg","contentUrl":"https:\/\/millerdivision.com\/wp-content\/uploads\/2016\/11\/7-frontal.jpg","width":1440,"height":1440},{"@type":"BreadcrumbList","@id":"https:\/\/millerdivision.com\/es\/shop\/mochilas\/endless-summer\/#breadcrumb","itemListElement":[{"@type":"ListItem","position":1,"name":"Home","item":"https:\/\/millerdivision.com\/es\/"},{"@type":"ListItem","position":2,"name":"Tienda","item":"https:\/\/millerdivision.com\/es\/tienda\/"},{"@type":"ListItem","position":3,"name":"ENDLESS SUMMER 17L &#8211; 30x12x43cm"}]},{"@type":"WebSite","@id":"https:\/\/millerdivision.com\/es\/#website","url":"https:\/\/millerdivision.com\/es\/","name":"Miller Division","description":"Miller Skateboards | Shop now, ride forever","potentialAction":[{"@type":"SearchAction","target":{"@type":"EntryPoint","urlTemplate":"https:\/\/millerdivision.com\/es\/?s={search_term_string}"},"query-input":{"@type":"PropertyValueSpecification","valueRequired":true,"valueName":"search_term_string"}}],"inLanguage":"es"}]}},"_links":{"self":[{"href":"https:\/\/millerdivision.com\/es\/wp-json\/wp\/v2\/product\/26089","targetHints":{"allow":["GET"]}}],"collection":[{"href":"https:\/\/millerdivision.com\/es\/wp-json\/wp\/v2\/product"}],"about":[{"href":"https:\/\/millerdivision.com\/es\/wp-json\/wp\/v2\/types\/product"}],"replies":[{"embeddable":true,"href":"https:\/\/millerdivision.com\/es\/wp-json\/wp\/v2\/comments?post=26089"}],"wp:featuredmedia":[{"embeddable":true,"href":"https:\/\/millerdivision.com\/es\/wp-json\/wp\/v2\/media\/27227"}],"wp:attachment":[{"href":"https:\/\/millerdivision.com\/es\/wp-json\/wp\/v2\/media?parent=26089"}],"wp:term":[{"taxonomy":"product_cat","embeddable":true,"href":"https:\/\/millerdivision.com\/es\/wp-json\/wp\/v2\/product_cat?post=26089"},{"taxonomy":"product_tag","embeddable":true,"href":"https:\/\/millerdivision.com\/es\/wp-json\/wp\/v2\/product_tag?post=26089"}],"curies":[{"name":"wp","href":"https:\/\/api.w.org\/{rel}","templated":true}]}}