{"id":26078,"date":"2017-02-28T18:48:38","date_gmt":"2017-02-28T17:48:38","guid":{"rendered":"http:\/\/millerdivision.com\/shop\/sin%20categor\u00eda\/wheels-fins\/"},"modified":"2021-12-10T14:27:22","modified_gmt":"2021-12-10T13:27:22","slug":"wheels-fins","status":"publish","type":"product","link":"https:\/\/millerdivision.com\/es\/shop\/sin categor\u00eda\/wheels-fins\/","title":{"rendered":"32&#8243; x 10&#8243; WHEELS AND FINS"},"content":{"rendered":"<p>Surfear en el asfalto nunca fue tan f\u00e1cil. El surfskate Wheels and Fins, esta dise\u00f1ado para riders que busquen la m\u00e1xima estabilidad, gracias a su 32&#8243;x10&#8243; y extra tail, pero sin comprometer su maniobrabilidad. Perfecto para grandes riders!<\/p>\n<table style=\"width: 46.2875%; height: 192px;\" summary=\"Caracter\u00edsticas del Modelo Old is Cool\" cellspacing=\"0\" cellpadding=\"0\">\n<tbody>\n<tr style=\"height: 24px;\">\n<th style=\"width: 17.8932%; height: 24px;\">Largo<\/th>\n<td style=\"width: 89.207%; height: 24px;\">32\u00bb<\/td>\n<\/tr>\n<tr style=\"height: 24px;\">\n<th style=\"width: 17.8932%; height: 24px;\">Ancho<\/th>\n<td style=\"width: 89.207%; height: 24px;\">10&#8243;<\/td>\n<\/tr>\n<tr style=\"height: 24px;\">\n<th style=\"width: 17.8932%; height: 24px;\">Madera<\/th>\n<td style=\"width: 89.207%; height: 24px;\">\u00a07 l\u00e1minas 100% arce canadiense<\/td>\n<\/tr>\n<tr style=\"height: 24px;\">\n<th style=\"width: 17.8932%; height: 24px;\">Ejes<\/th>\n<td style=\"width: 89.207%; height: 24px;\">New XRKP II special system 356 premium Aluminum, press casting 180 mm (6.5&#8243;)<\/td>\n<\/tr>\n<tr style=\"height: 24px;\">\n<th style=\"width: 17.8932%; height: 24px;\">Torniller\u00eda<\/th>\n<td style=\"width: 89.207%; height: 24px;\">Allen<\/td>\n<\/tr>\n<tr style=\"height: 24px;\">\n<th style=\"width: 17.8932%; height: 24px;\">Rodamientos<\/th>\n<td style=\"width: 89.207%; height: 24px;\">Abec 9 Chrome steel<\/td>\n<\/tr>\n<tr style=\"height: 24px;\">\n<th style=\"width: 17.8932%; height: 24px;\">Ruedas<\/th>\n<td style=\"width: 89.207%; height: 24px;\">Creek 65mm \/ 80a<\/td>\n<\/tr>\n<tr style=\"height: 24px;\">\n<th style=\"width: 17.8932%; height: 24px;\">Lija<\/th>\n<td style=\"width: 89.207%; height: 24px;\">High Performance<\/td>\n<\/tr>\n<\/tbody>\n<\/table>\n<p>&nbsp;<\/p>\n","protected":false},"excerpt":{"rendered":"<p>Surfear en el asfalto nunca fue tan f\u00e1cil. El surfskate Wheels and Fins, esta dise\u00f1ado para riders que busquen la m\u00e1xima estabilidad, gracias a su 32&#8243;x10&#8243; y extra tail, pero sin comprometer su maniobrabilidad. Perfecto para grandes riders!<\/p>\n","protected":false},"featured_media":26079,"comment_status":"closed","ping_status":"closed","template":"","meta":[],"product_cat":[],"product_tag":[],"class_list":["post-26078","product","type-product","status-publish","has-post-thumbnail","hentry"],"acf":[],"yoast_head":"<!-- This site is optimized with the Yoast SEO plugin v27.1.1 - https:\/\/yoast.com\/product\/yoast-seo-wordpress\/ -->\n<title>32&quot; x 10&quot; WHEELS AND FINS - Miller Division<\/title>\n<meta name=\"robots\" content=\"index, follow, max-snippet:-1, max-image-preview:large, max-video-preview:-1\" \/>\n<link rel=\"canonical\" href=\"https:\/\/millerdivision.com\/es\/shop\/sin%20categor\u00eda\/wheels-fins\/\" \/>\n<meta property=\"og:locale\" content=\"es_ES\" \/>\n<meta property=\"og:type\" content=\"article\" \/>\n<meta property=\"og:title\" content=\"32&quot; x 10&quot; WHEELS AND FINS - Miller Division\" \/>\n<meta property=\"og:description\" content=\"Surfear en el asfalto nunca fue tan f\u00e1cil. El surfskate Wheels and Fins, esta dise\u00f1ado para riders que busquen la m\u00e1xima estabilidad, gracias a su 32&quot;x10&quot; y extra tail, pero sin comprometer su maniobrabilidad. Perfecto para grandes riders!\" \/>\n<meta property=\"og:url\" content=\"https:\/\/millerdivision.com\/es\/shop\/sin categor\u00eda\/wheels-fins\/\" \/>\n<meta property=\"og:site_name\" content=\"Miller Division\" \/>\n<meta property=\"article:modified_time\" content=\"2021-12-10T13:27:22+00:00\" \/>\n<meta property=\"og:image\" content=\"https:\/\/millerdivision.com\/wp-content\/uploads\/2017\/02\/p-4-1-4-414-wheels-fins.jpg\" \/>\n\t<meta property=\"og:image:width\" content=\"800\" \/>\n\t<meta property=\"og:image:height\" content=\"800\" \/>\n\t<meta property=\"og:image:type\" content=\"image\/jpeg\" \/>\n<meta name=\"twitter:card\" content=\"summary_large_image\" \/>\n<script type=\"application\/ld+json\" class=\"yoast-schema-graph\">{\"@context\":\"https:\/\/schema.org\",\"@graph\":[{\"@type\":\"WebPage\",\"@id\":\"https:\/\/millerdivision.com\/es\/shop\/sin categor\u00eda\/wheels-fins\/\",\"url\":\"https:\/\/millerdivision.com\/es\/shop\/sin categor\u00eda\/wheels-fins\/\",\"name\":\"32\\\" x 10\\\" WHEELS AND FINS - Miller Division\",\"isPartOf\":{\"@id\":\"https:\/\/millerdivision.com\/es\/#website\"},\"primaryImageOfPage\":{\"@id\":\"https:\/\/millerdivision.com\/es\/shop\/sin categor\u00eda\/wheels-fins\/#primaryimage\"},\"image\":{\"@id\":\"https:\/\/millerdivision.com\/es\/shop\/sin categor\u00eda\/wheels-fins\/#primaryimage\"},\"thumbnailUrl\":\"https:\/\/millerdivision.com\/wp-content\/uploads\/2017\/02\/p-4-1-4-414-wheels-fins.jpg\",\"datePublished\":\"2017-02-28T17:48:38+00:00\",\"dateModified\":\"2021-12-10T13:27:22+00:00\",\"breadcrumb\":{\"@id\":\"https:\/\/millerdivision.com\/es\/shop\/sin categor\u00eda\/wheels-fins\/#breadcrumb\"},\"inLanguage\":\"es\",\"potentialAction\":[{\"@type\":\"ReadAction\",\"target\":[\"https:\/\/millerdivision.com\/es\/shop\/sin categor\u00eda\/wheels-fins\/\"]}]},{\"@type\":\"ImageObject\",\"inLanguage\":\"es\",\"@id\":\"https:\/\/millerdivision.com\/es\/shop\/sin categor\u00eda\/wheels-fins\/#primaryimage\",\"url\":\"https:\/\/millerdivision.com\/wp-content\/uploads\/2017\/02\/p-4-1-4-414-wheels-fins.jpg\",\"contentUrl\":\"https:\/\/millerdivision.com\/wp-content\/uploads\/2017\/02\/p-4-1-4-414-wheels-fins.jpg\",\"width\":800,\"height\":800},{\"@type\":\"BreadcrumbList\",\"@id\":\"https:\/\/millerdivision.com\/es\/shop\/sin categor\u00eda\/wheels-fins\/#breadcrumb\",\"itemListElement\":[{\"@type\":\"ListItem\",\"position\":1,\"name\":\"Home\",\"item\":\"https:\/\/millerdivision.com\/es\/\"},{\"@type\":\"ListItem\",\"position\":2,\"name\":\"Tienda\",\"item\":\"https:\/\/millerdivision.com\/es\/tienda\/\"},{\"@type\":\"ListItem\",\"position\":3,\"name\":\"32&#8243; x 10&#8243; WHEELS AND FINS\"}]},{\"@type\":\"WebSite\",\"@id\":\"https:\/\/millerdivision.com\/es\/#website\",\"url\":\"https:\/\/millerdivision.com\/es\/\",\"name\":\"Miller Division\",\"description\":\"Miller Skateboards | Shop now, ride forever\",\"potentialAction\":[{\"@type\":\"SearchAction\",\"target\":{\"@type\":\"EntryPoint\",\"urlTemplate\":\"https:\/\/millerdivision.com\/es\/?s={search_term_string}\"},\"query-input\":{\"@type\":\"PropertyValueSpecification\",\"valueRequired\":true,\"valueName\":\"search_term_string\"}}],\"inLanguage\":\"es\"}]}<\/script>\n<!-- \/ Yoast SEO plugin. -->","yoast_head_json":{"title":"32\" x 10\" WHEELS AND FINS - Miller Division","robots":{"index":"index","follow":"follow","max-snippet":"max-snippet:-1","max-image-preview":"max-image-preview:large","max-video-preview":"max-video-preview:-1"},"canonical":"https:\/\/millerdivision.com\/es\/shop\/sin categor\u00eda\/wheels-fins\/","og_locale":"es_ES","og_type":"article","og_title":"32\" x 10\" WHEELS AND FINS - Miller Division","og_description":"Surfear en el asfalto nunca fue tan f\u00e1cil. El surfskate Wheels and Fins, esta dise\u00f1ado para riders que busquen la m\u00e1xima estabilidad, gracias a su 32\"x10\" y extra tail, pero sin comprometer su maniobrabilidad. Perfecto para grandes riders!","og_url":"https:\/\/millerdivision.com\/es\/shop\/sin categor\u00eda\/wheels-fins\/","og_site_name":"Miller Division","article_modified_time":"2021-12-10T13:27:22+00:00","og_image":[{"width":800,"height":800,"url":"https:\/\/millerdivision.com\/wp-content\/uploads\/2017\/02\/p-4-1-4-414-wheels-fins.jpg","type":"image\/jpeg"}],"twitter_card":"summary_large_image","schema":{"@context":"https:\/\/schema.org","@graph":[{"@type":"WebPage","@id":"https:\/\/millerdivision.com\/es\/shop\/sin categor\u00eda\/wheels-fins\/","url":"https:\/\/millerdivision.com\/es\/shop\/sin categor\u00eda\/wheels-fins\/","name":"32\" x 10\" WHEELS AND FINS - Miller Division","isPartOf":{"@id":"https:\/\/millerdivision.com\/es\/#website"},"primaryImageOfPage":{"@id":"https:\/\/millerdivision.com\/es\/shop\/sin categor\u00eda\/wheels-fins\/#primaryimage"},"image":{"@id":"https:\/\/millerdivision.com\/es\/shop\/sin categor\u00eda\/wheels-fins\/#primaryimage"},"thumbnailUrl":"https:\/\/millerdivision.com\/wp-content\/uploads\/2017\/02\/p-4-1-4-414-wheels-fins.jpg","datePublished":"2017-02-28T17:48:38+00:00","dateModified":"2021-12-10T13:27:22+00:00","breadcrumb":{"@id":"https:\/\/millerdivision.com\/es\/shop\/sin categor\u00eda\/wheels-fins\/#breadcrumb"},"inLanguage":"es","potentialAction":[{"@type":"ReadAction","target":["https:\/\/millerdivision.com\/es\/shop\/sin categor\u00eda\/wheels-fins\/"]}]},{"@type":"ImageObject","inLanguage":"es","@id":"https:\/\/millerdivision.com\/es\/shop\/sin categor\u00eda\/wheels-fins\/#primaryimage","url":"https:\/\/millerdivision.com\/wp-content\/uploads\/2017\/02\/p-4-1-4-414-wheels-fins.jpg","contentUrl":"https:\/\/millerdivision.com\/wp-content\/uploads\/2017\/02\/p-4-1-4-414-wheels-fins.jpg","width":800,"height":800},{"@type":"BreadcrumbList","@id":"https:\/\/millerdivision.com\/es\/shop\/sin categor\u00eda\/wheels-fins\/#breadcrumb","itemListElement":[{"@type":"ListItem","position":1,"name":"Home","item":"https:\/\/millerdivision.com\/es\/"},{"@type":"ListItem","position":2,"name":"Tienda","item":"https:\/\/millerdivision.com\/es\/tienda\/"},{"@type":"ListItem","position":3,"name":"32&#8243; x 10&#8243; WHEELS AND FINS"}]},{"@type":"WebSite","@id":"https:\/\/millerdivision.com\/es\/#website","url":"https:\/\/millerdivision.com\/es\/","name":"Miller Division","description":"Miller Skateboards | Shop now, ride forever","potentialAction":[{"@type":"SearchAction","target":{"@type":"EntryPoint","urlTemplate":"https:\/\/millerdivision.com\/es\/?s={search_term_string}"},"query-input":{"@type":"PropertyValueSpecification","valueRequired":true,"valueName":"search_term_string"}}],"inLanguage":"es"}]}},"_links":{"self":[{"href":"https:\/\/millerdivision.com\/es\/wp-json\/wp\/v2\/product\/26078","targetHints":{"allow":["GET"]}}],"collection":[{"href":"https:\/\/millerdivision.com\/es\/wp-json\/wp\/v2\/product"}],"about":[{"href":"https:\/\/millerdivision.com\/es\/wp-json\/wp\/v2\/types\/product"}],"replies":[{"embeddable":true,"href":"https:\/\/millerdivision.com\/es\/wp-json\/wp\/v2\/comments?post=26078"}],"wp:featuredmedia":[{"embeddable":true,"href":"https:\/\/millerdivision.com\/es\/wp-json\/wp\/v2\/media\/26079"}],"wp:attachment":[{"href":"https:\/\/millerdivision.com\/es\/wp-json\/wp\/v2\/media?parent=26078"}],"wp:term":[{"taxonomy":"product_cat","embeddable":true,"href":"https:\/\/millerdivision.com\/es\/wp-json\/wp\/v2\/product_cat?post=26078"},{"taxonomy":"product_tag","embeddable":true,"href":"https:\/\/millerdivision.com\/es\/wp-json\/wp\/v2\/product_tag?post=26078"}],"curies":[{"name":"wp","href":"https:\/\/api.w.org\/{rel}","templated":true}]}}