{"id":26047,"date":"2017-04-26T17:56:37","date_gmt":"2017-04-26T15:56:37","guid":{"rendered":"http:\/\/millerdivision.com\/shop\/sin%20categor\u00eda\/pro-helmet-ce-fluor-orange\/"},"modified":"2022-07-06T20:55:28","modified_gmt":"2022-07-06T18:55:28","slug":"pro-helmet-ce-fluor-orange","status":"publish","type":"product","link":"https:\/\/millerdivision.com\/es\/shop\/protecciones\/cascos\/pro-helmet-ce-fluor-orange\/","title":{"rendered":"PRO-HELMET II ORANGE FLUOR"},"content":{"rendered":"<p>Desde el skatepark hasta las colinas, la seguridad es nuestra principal preocupaci\u00f3n. Es por eso que, en Miller, hemos desarrollado un casco con doble certificado de seguridad. Una combinaci\u00f3n perfecta de protecci\u00f3n, forma y estilo. \u00a1No dejes que nada te impida patinar con seguridad!<\/p>\n<p>Doblemente certificado por la UNE-EN 1078 tanto para skateboards como para bicicletas Exterior ABS muy resistente, ventilaci\u00f3n extra y acabado mate. Construido con forro EPS en el interior. Sistema ajustable con una rueda que permite adaptarse al per\u00edmetro de tu cabeza. Acolchado interior, confort extra. Protecci\u00f3n anti rozaduras para el ment\u00f3n.<\/p>\n","protected":false},"excerpt":{"rendered":"<p>Desde el skatepark hasta las colinas, la seguridad es nuestra principal preocupaci\u00f3n. Es por eso que, en Miller, hemos desarrollado un casco con doble certificado de seguridad. Una combinaci\u00f3n perfecta de protecci\u00f3n, forma y estilo. \u00a1No dejes que nada te impida patinar con seguridad!<\/p>\n<p>Doblemente certificado por la UNE-EN 1078 tanto para skateboards como para bicicletas Exterior ABS muy resistente, ventilaci\u00f3n extra y acabado mate. Construido con forro EPS en el interior. Sistema ajustable con una rueda que permite adaptarse al per\u00edmetro de tu cabeza. Acolchado interior, confort extra. Protecci\u00f3n anti rozaduras para el ment\u00f3n.<\/p>\n","protected":false},"featured_media":26049,"comment_status":"closed","ping_status":"closed","template":"","meta":[],"product_cat":[125,124],"product_tag":[],"class_list":["post-26047","product","type-product","status-publish","has-post-thumbnail","hentry","product_cat-cascos","product_cat-protecciones","pa_sizece-ea-ml-es","pa_sizece-8b-sm-es"],"acf":[],"yoast_head":"<!-- This site is optimized with the Yoast SEO plugin v27.1.1 - https:\/\/yoast.com\/product\/yoast-seo-wordpress\/ -->\n<title>PRO-HELMET II ORANGE FLUOR - Miller Division<\/title>\n<meta name=\"robots\" content=\"index, follow, max-snippet:-1, max-image-preview:large, max-video-preview:-1\" \/>\n<link rel=\"canonical\" href=\"https:\/\/millerdivision.com\/es\/shop\/protecciones\/cascos\/pro-helmet-ce-fluor-orange\/\" \/>\n<meta property=\"og:locale\" content=\"es_ES\" \/>\n<meta property=\"og:type\" content=\"article\" \/>\n<meta property=\"og:title\" content=\"PRO-HELMET II ORANGE FLUOR - Miller Division\" \/>\n<meta property=\"og:description\" content=\"Desde el skatepark hasta las colinas, la seguridad es nuestra principal preocupaci\u00f3n. Es por eso que, en Miller, hemos desarrollado un casco con doble certificado de seguridad. Una combinaci\u00f3n perfecta de protecci\u00f3n, forma y estilo. \u00a1No dejes que nada te impida patinar con seguridad! Doblemente certificado por la UNE-EN 1078 tanto para skateboards como para bicicletas Exterior ABS muy resistente, ventilaci\u00f3n extra y acabado mate. Construido con forro EPS en el interior. Sistema ajustable con una rueda que permite adaptarse al per\u00edmetro de tu cabeza. Acolchado interior, confort extra. Protecci\u00f3n anti rozaduras para el ment\u00f3n.\" \/>\n<meta property=\"og:url\" content=\"https:\/\/millerdivision.com\/es\/shop\/protecciones\/cascos\/pro-helmet-ce-fluor-orange\/\" \/>\n<meta property=\"og:site_name\" content=\"Miller Division\" \/>\n<meta property=\"article:modified_time\" content=\"2022-07-06T18:55:28+00:00\" \/>\n<meta property=\"og:image\" content=\"https:\/\/millerdivision.com\/wp-content\/uploads\/2017\/04\/p-4-7-3-473-pro-helmet-ce-fluor-orange.jpg\" \/>\n\t<meta property=\"og:image:width\" content=\"1288\" \/>\n\t<meta property=\"og:image:height\" content=\"1500\" \/>\n\t<meta property=\"og:image:type\" content=\"image\/jpeg\" \/>\n<meta name=\"twitter:card\" content=\"summary_large_image\" \/>\n<meta name=\"twitter:label1\" content=\"Tiempo de lectura\" \/>\n\t<meta name=\"twitter:data1\" content=\"1 minuto\" \/>\n<script type=\"application\/ld+json\" class=\"yoast-schema-graph\">{\"@context\":\"https:\/\/schema.org\",\"@graph\":[{\"@type\":\"WebPage\",\"@id\":\"https:\/\/millerdivision.com\/es\/shop\/protecciones\/cascos\/pro-helmet-ce-fluor-orange\/\",\"url\":\"https:\/\/millerdivision.com\/es\/shop\/protecciones\/cascos\/pro-helmet-ce-fluor-orange\/\",\"name\":\"PRO-HELMET II ORANGE FLUOR - Miller Division\",\"isPartOf\":{\"@id\":\"https:\/\/millerdivision.com\/es\/#website\"},\"primaryImageOfPage\":{\"@id\":\"https:\/\/millerdivision.com\/es\/shop\/protecciones\/cascos\/pro-helmet-ce-fluor-orange\/#primaryimage\"},\"image\":{\"@id\":\"https:\/\/millerdivision.com\/es\/shop\/protecciones\/cascos\/pro-helmet-ce-fluor-orange\/#primaryimage\"},\"thumbnailUrl\":\"https:\/\/millerdivision.com\/wp-content\/uploads\/2017\/04\/p-4-7-3-473-pro-helmet-ce-fluor-orange.jpg\",\"datePublished\":\"2017-04-26T15:56:37+00:00\",\"dateModified\":\"2022-07-06T18:55:28+00:00\",\"breadcrumb\":{\"@id\":\"https:\/\/millerdivision.com\/es\/shop\/protecciones\/cascos\/pro-helmet-ce-fluor-orange\/#breadcrumb\"},\"inLanguage\":\"es\",\"potentialAction\":[{\"@type\":\"ReadAction\",\"target\":[\"https:\/\/millerdivision.com\/es\/shop\/protecciones\/cascos\/pro-helmet-ce-fluor-orange\/\"]}]},{\"@type\":\"ImageObject\",\"inLanguage\":\"es\",\"@id\":\"https:\/\/millerdivision.com\/es\/shop\/protecciones\/cascos\/pro-helmet-ce-fluor-orange\/#primaryimage\",\"url\":\"https:\/\/millerdivision.com\/wp-content\/uploads\/2017\/04\/p-4-7-3-473-pro-helmet-ce-fluor-orange.jpg\",\"contentUrl\":\"https:\/\/millerdivision.com\/wp-content\/uploads\/2017\/04\/p-4-7-3-473-pro-helmet-ce-fluor-orange.jpg\",\"width\":1288,\"height\":1500},{\"@type\":\"BreadcrumbList\",\"@id\":\"https:\/\/millerdivision.com\/es\/shop\/protecciones\/cascos\/pro-helmet-ce-fluor-orange\/#breadcrumb\",\"itemListElement\":[{\"@type\":\"ListItem\",\"position\":1,\"name\":\"Home\",\"item\":\"https:\/\/millerdivision.com\/es\/\"},{\"@type\":\"ListItem\",\"position\":2,\"name\":\"Tienda\",\"item\":\"https:\/\/millerdivision.com\/es\/tienda\/\"},{\"@type\":\"ListItem\",\"position\":3,\"name\":\"PRO-HELMET II ORANGE FLUOR\"}]},{\"@type\":\"WebSite\",\"@id\":\"https:\/\/millerdivision.com\/es\/#website\",\"url\":\"https:\/\/millerdivision.com\/es\/\",\"name\":\"Miller Division\",\"description\":\"Miller Skateboards | Shop now, ride forever\",\"potentialAction\":[{\"@type\":\"SearchAction\",\"target\":{\"@type\":\"EntryPoint\",\"urlTemplate\":\"https:\/\/millerdivision.com\/es\/?s={search_term_string}\"},\"query-input\":{\"@type\":\"PropertyValueSpecification\",\"valueRequired\":true,\"valueName\":\"search_term_string\"}}],\"inLanguage\":\"es\"}]}<\/script>\n<!-- \/ Yoast SEO plugin. -->","yoast_head_json":{"title":"PRO-HELMET II ORANGE FLUOR - Miller Division","robots":{"index":"index","follow":"follow","max-snippet":"max-snippet:-1","max-image-preview":"max-image-preview:large","max-video-preview":"max-video-preview:-1"},"canonical":"https:\/\/millerdivision.com\/es\/shop\/protecciones\/cascos\/pro-helmet-ce-fluor-orange\/","og_locale":"es_ES","og_type":"article","og_title":"PRO-HELMET II ORANGE FLUOR - Miller Division","og_description":"Desde el skatepark hasta las colinas, la seguridad es nuestra principal preocupaci\u00f3n. Es por eso que, en Miller, hemos desarrollado un casco con doble certificado de seguridad. Una combinaci\u00f3n perfecta de protecci\u00f3n, forma y estilo. \u00a1No dejes que nada te impida patinar con seguridad! Doblemente certificado por la UNE-EN 1078 tanto para skateboards como para bicicletas Exterior ABS muy resistente, ventilaci\u00f3n extra y acabado mate. Construido con forro EPS en el interior. Sistema ajustable con una rueda que permite adaptarse al per\u00edmetro de tu cabeza. Acolchado interior, confort extra. Protecci\u00f3n anti rozaduras para el ment\u00f3n.","og_url":"https:\/\/millerdivision.com\/es\/shop\/protecciones\/cascos\/pro-helmet-ce-fluor-orange\/","og_site_name":"Miller Division","article_modified_time":"2022-07-06T18:55:28+00:00","og_image":[{"width":1288,"height":1500,"url":"https:\/\/millerdivision.com\/wp-content\/uploads\/2017\/04\/p-4-7-3-473-pro-helmet-ce-fluor-orange.jpg","type":"image\/jpeg"}],"twitter_card":"summary_large_image","twitter_misc":{"Tiempo de lectura":"1 minuto"},"schema":{"@context":"https:\/\/schema.org","@graph":[{"@type":"WebPage","@id":"https:\/\/millerdivision.com\/es\/shop\/protecciones\/cascos\/pro-helmet-ce-fluor-orange\/","url":"https:\/\/millerdivision.com\/es\/shop\/protecciones\/cascos\/pro-helmet-ce-fluor-orange\/","name":"PRO-HELMET II ORANGE FLUOR - Miller Division","isPartOf":{"@id":"https:\/\/millerdivision.com\/es\/#website"},"primaryImageOfPage":{"@id":"https:\/\/millerdivision.com\/es\/shop\/protecciones\/cascos\/pro-helmet-ce-fluor-orange\/#primaryimage"},"image":{"@id":"https:\/\/millerdivision.com\/es\/shop\/protecciones\/cascos\/pro-helmet-ce-fluor-orange\/#primaryimage"},"thumbnailUrl":"https:\/\/millerdivision.com\/wp-content\/uploads\/2017\/04\/p-4-7-3-473-pro-helmet-ce-fluor-orange.jpg","datePublished":"2017-04-26T15:56:37+00:00","dateModified":"2022-07-06T18:55:28+00:00","breadcrumb":{"@id":"https:\/\/millerdivision.com\/es\/shop\/protecciones\/cascos\/pro-helmet-ce-fluor-orange\/#breadcrumb"},"inLanguage":"es","potentialAction":[{"@type":"ReadAction","target":["https:\/\/millerdivision.com\/es\/shop\/protecciones\/cascos\/pro-helmet-ce-fluor-orange\/"]}]},{"@type":"ImageObject","inLanguage":"es","@id":"https:\/\/millerdivision.com\/es\/shop\/protecciones\/cascos\/pro-helmet-ce-fluor-orange\/#primaryimage","url":"https:\/\/millerdivision.com\/wp-content\/uploads\/2017\/04\/p-4-7-3-473-pro-helmet-ce-fluor-orange.jpg","contentUrl":"https:\/\/millerdivision.com\/wp-content\/uploads\/2017\/04\/p-4-7-3-473-pro-helmet-ce-fluor-orange.jpg","width":1288,"height":1500},{"@type":"BreadcrumbList","@id":"https:\/\/millerdivision.com\/es\/shop\/protecciones\/cascos\/pro-helmet-ce-fluor-orange\/#breadcrumb","itemListElement":[{"@type":"ListItem","position":1,"name":"Home","item":"https:\/\/millerdivision.com\/es\/"},{"@type":"ListItem","position":2,"name":"Tienda","item":"https:\/\/millerdivision.com\/es\/tienda\/"},{"@type":"ListItem","position":3,"name":"PRO-HELMET II ORANGE FLUOR"}]},{"@type":"WebSite","@id":"https:\/\/millerdivision.com\/es\/#website","url":"https:\/\/millerdivision.com\/es\/","name":"Miller Division","description":"Miller Skateboards | Shop now, ride forever","potentialAction":[{"@type":"SearchAction","target":{"@type":"EntryPoint","urlTemplate":"https:\/\/millerdivision.com\/es\/?s={search_term_string}"},"query-input":{"@type":"PropertyValueSpecification","valueRequired":true,"valueName":"search_term_string"}}],"inLanguage":"es"}]}},"_links":{"self":[{"href":"https:\/\/millerdivision.com\/es\/wp-json\/wp\/v2\/product\/26047","targetHints":{"allow":["GET"]}}],"collection":[{"href":"https:\/\/millerdivision.com\/es\/wp-json\/wp\/v2\/product"}],"about":[{"href":"https:\/\/millerdivision.com\/es\/wp-json\/wp\/v2\/types\/product"}],"replies":[{"embeddable":true,"href":"https:\/\/millerdivision.com\/es\/wp-json\/wp\/v2\/comments?post=26047"}],"wp:featuredmedia":[{"embeddable":true,"href":"https:\/\/millerdivision.com\/es\/wp-json\/wp\/v2\/media\/26049"}],"wp:attachment":[{"href":"https:\/\/millerdivision.com\/es\/wp-json\/wp\/v2\/media?parent=26047"}],"wp:term":[{"taxonomy":"product_cat","embeddable":true,"href":"https:\/\/millerdivision.com\/es\/wp-json\/wp\/v2\/product_cat?post=26047"},{"taxonomy":"product_tag","embeddable":true,"href":"https:\/\/millerdivision.com\/es\/wp-json\/wp\/v2\/product_tag?post=26047"}],"curies":[{"name":"wp","href":"https:\/\/api.w.org\/{rel}","templated":true}]}}