{"id":25995,"date":"2018-06-21T16:49:12","date_gmt":"2018-06-21T14:49:12","guid":{"rendered":"http:\/\/millerdivision.com\/shop\/sin%20categor\u00eda\/team\/"},"modified":"2026-01-11T14:02:21","modified_gmt":"2026-01-11T13:02:21","slug":"team","status":"publish","type":"product","link":"https:\/\/millerdivision.com\/es\/shop\/skateboards-es\/complete-es\/miller-division-es\/team\/","title":{"rendered":"31.75&#8243; x 8&#8243; TEAM"},"content":{"rendered":"<p>\u00a1Un skateboard dise\u00f1ado para los riders m\u00e1s exigentes!, y construido con componentes de alta calidad, hace que este pat\u00edn sea pr\u00e1cticamente indestructible y es adecuado para todos los niveles, desde principiantes hasta profesionales. Un skateboard vers\u00e1til y perfecto para street, pool , park and vert. Tiene una construcci\u00f3n s\u00f3lida y est\u00e1 dise\u00f1ado para durar. \u00a1Este skateboard completo esta montado y preparado para que lo disfrutres desde el primer d\u00eda!<\/p>\n<p>Double kick. Busing 92a<\/p>\n<table style=\"width: 28.6406%;\" summary=\"Caracter\u00edsticas del Modelo Old is Cool\" cellspacing=\"0\" cellpadding=\"0\">\n<tbody>\n<tr style=\"height: 24px;\">\n<th style=\"width: 7.76662%; height: 24px;\">Largo<\/th>\n<td style=\"width: 39.7006%; height: 24px;\">31.75\u00bb<\/td>\n<\/tr>\n<tr style=\"height: 24px;\">\n<th style=\"width: 7.76662%; height: 24px;\">Ancho<\/th>\n<td style=\"width: 39.7006%; height: 24px;\">8&#8243;<\/td>\n<\/tr>\n<tr style=\"height: 24px;\">\n<th style=\"width: 7.76662%; height: 24px;\">Madera<\/th>\n<td style=\"width: 39.7006%; height: 24px;\">7 x plies 100% Canadian Maple<\/td>\n<\/tr>\n<tr style=\"height: 24px;\">\n<th style=\"width: 7.76662%; height: 24px;\">De eje a eje<\/th>\n<td style=\"width: 39.7006%; height: 24px;\">14.32&#8243;<\/td>\n<\/tr>\n<tr>\n<th style=\"width: 7.76662%;\">Ejes<\/th>\n<td style=\"width: 39.7006%;\">Miller High Quality Steel<\/td>\n<\/tr>\n<tr>\n<th style=\"width: 7.76662%;\">Rodamientos<\/th>\n<td style=\"width: 39.7006%;\">Abec 7 Carbon Steel<\/td>\n<\/tr>\n<tr>\n<th style=\"width: 7.76662%;\">Ruedas<\/th>\n<td style=\"width: 39.7006%;\">Creek SHR urethane 54mm \/ 99a<\/td>\n<\/tr>\n<tr>\n<th style=\"width: 7.76662%;\">Torniller\u00eda<\/th>\n<td style=\"width: 39.7006%;\">Allen head bolts<\/td>\n<\/tr>\n<\/tbody>\n<\/table>\n<p>&nbsp;<\/p>\n","protected":false},"excerpt":{"rendered":"<p>\u00a1Un skateboard dise\u00f1ado para los riders m\u00e1s exigentes!, y construido con componentes de alta calidad, hace que este pat\u00edn sea pr\u00e1cticamente indestructible y es adecuado para todos los niveles, desde principiantes hasta profesionales. Un skateboard vers\u00e1til y perfecto para street, pool , park and vert. Tiene una construcci\u00f3n s\u00f3lida y est\u00e1 dise\u00f1ado para durar. \u00a1Este skateboard completo esta montado y preparado para que lo disfrutres desde el primer d\u00eda!<\/p>\n","protected":false},"featured_media":25999,"comment_status":"closed","ping_status":"closed","template":"","meta":[],"product_cat":[114,187,113],"product_tag":[],"class_list":["post-25995","product","type-product","status-publish","has-post-thumbnail","hentry","product_cat-complete-es","product_cat-miller-division-es","product_cat-skateboards-es"],"acf":[],"yoast_head":"<!-- This site is optimized with the Yoast SEO plugin v27.1.1 - https:\/\/yoast.com\/product\/yoast-seo-wordpress\/ -->\n<title>31.75&quot; x 8&quot; TEAM - Miller Division<\/title>\n<meta name=\"robots\" content=\"index, follow, max-snippet:-1, max-image-preview:large, max-video-preview:-1\" \/>\n<link rel=\"canonical\" href=\"https:\/\/millerdivision.com\/es\/shop\/skateboards-es\/complete-es\/miller-division-es\/team\/\" \/>\n<meta property=\"og:locale\" content=\"es_ES\" \/>\n<meta property=\"og:type\" content=\"article\" \/>\n<meta property=\"og:title\" content=\"31.75&quot; x 8&quot; TEAM - Miller Division\" \/>\n<meta property=\"og:description\" content=\"\u00a1Un skateboard dise\u00f1ado para los riders m\u00e1s exigentes!, y construido con componentes de alta calidad, hace que este pat\u00edn sea pr\u00e1cticamente indestructible y es adecuado para todos los niveles, desde principiantes hasta profesionales. Un skateboard vers\u00e1til y perfecto para street, pool , park and vert. Tiene una construcci\u00f3n s\u00f3lida y est\u00e1 dise\u00f1ado para durar. \u00a1Este skateboard completo esta montado y preparado para que lo disfrutres desde el primer d\u00eda!\" \/>\n<meta property=\"og:url\" content=\"https:\/\/millerdivision.com\/es\/shop\/skateboards-es\/complete-es\/miller-division-es\/team\/\" \/>\n<meta property=\"og:site_name\" content=\"Miller Division\" \/>\n<meta property=\"article:modified_time\" content=\"2026-01-11T13:02:21+00:00\" \/>\n<meta property=\"og:image\" content=\"https:\/\/millerdivision.com\/wp-content\/uploads\/2018\/06\/team-doslados-web-2-copia-r.jpg?_t=1672400347\" \/>\n\t<meta property=\"og:image:width\" content=\"1000\" \/>\n\t<meta property=\"og:image:height\" content=\"1000\" \/>\n\t<meta property=\"og:image:type\" content=\"image\/jpeg\" \/>\n<meta name=\"twitter:card\" content=\"summary_large_image\" \/>\n<meta name=\"twitter:label1\" content=\"Tiempo de lectura\" \/>\n\t<meta name=\"twitter:data1\" content=\"1 minuto\" \/>\n<script type=\"application\/ld+json\" class=\"yoast-schema-graph\">{\"@context\":\"https:\/\/schema.org\",\"@graph\":[{\"@type\":\"WebPage\",\"@id\":\"https:\/\/millerdivision.com\/es\/shop\/skateboards-es\/complete-es\/miller-division-es\/team\/\",\"url\":\"https:\/\/millerdivision.com\/es\/shop\/skateboards-es\/complete-es\/miller-division-es\/team\/\",\"name\":\"31.75\\\" x 8\\\" TEAM - Miller Division\",\"isPartOf\":{\"@id\":\"https:\/\/millerdivision.com\/es\/#website\"},\"primaryImageOfPage\":{\"@id\":\"https:\/\/millerdivision.com\/es\/shop\/skateboards-es\/complete-es\/miller-division-es\/team\/#primaryimage\"},\"image\":{\"@id\":\"https:\/\/millerdivision.com\/es\/shop\/skateboards-es\/complete-es\/miller-division-es\/team\/#primaryimage\"},\"thumbnailUrl\":\"https:\/\/millerdivision.com\/wp-content\/uploads\/2018\/06\/team-doslados-web-2-copia-r.jpg\",\"datePublished\":\"2018-06-21T14:49:12+00:00\",\"dateModified\":\"2026-01-11T13:02:21+00:00\",\"breadcrumb\":{\"@id\":\"https:\/\/millerdivision.com\/es\/shop\/skateboards-es\/complete-es\/miller-division-es\/team\/#breadcrumb\"},\"inLanguage\":\"es\",\"potentialAction\":[{\"@type\":\"ReadAction\",\"target\":[\"https:\/\/millerdivision.com\/es\/shop\/skateboards-es\/complete-es\/miller-division-es\/team\/\"]}]},{\"@type\":\"ImageObject\",\"inLanguage\":\"es\",\"@id\":\"https:\/\/millerdivision.com\/es\/shop\/skateboards-es\/complete-es\/miller-division-es\/team\/#primaryimage\",\"url\":\"https:\/\/millerdivision.com\/wp-content\/uploads\/2018\/06\/team-doslados-web-2-copia-r.jpg\",\"contentUrl\":\"https:\/\/millerdivision.com\/wp-content\/uploads\/2018\/06\/team-doslados-web-2-copia-r.jpg\",\"width\":1000,\"height\":1000},{\"@type\":\"BreadcrumbList\",\"@id\":\"https:\/\/millerdivision.com\/es\/shop\/skateboards-es\/complete-es\/miller-division-es\/team\/#breadcrumb\",\"itemListElement\":[{\"@type\":\"ListItem\",\"position\":1,\"name\":\"Home\",\"item\":\"https:\/\/millerdivision.com\/es\/\"},{\"@type\":\"ListItem\",\"position\":2,\"name\":\"Tienda\",\"item\":\"https:\/\/millerdivision.com\/es\/tienda\/\"},{\"@type\":\"ListItem\",\"position\":3,\"name\":\"31.75&#8243; x 8&#8243; TEAM\"}]},{\"@type\":\"WebSite\",\"@id\":\"https:\/\/millerdivision.com\/es\/#website\",\"url\":\"https:\/\/millerdivision.com\/es\/\",\"name\":\"Miller Division\",\"description\":\"Miller Skateboards | Shop now, ride forever\",\"potentialAction\":[{\"@type\":\"SearchAction\",\"target\":{\"@type\":\"EntryPoint\",\"urlTemplate\":\"https:\/\/millerdivision.com\/es\/?s={search_term_string}\"},\"query-input\":{\"@type\":\"PropertyValueSpecification\",\"valueRequired\":true,\"valueName\":\"search_term_string\"}}],\"inLanguage\":\"es\"}]}<\/script>\n<!-- \/ Yoast SEO plugin. -->","yoast_head_json":{"title":"31.75\" x 8\" TEAM - Miller Division","robots":{"index":"index","follow":"follow","max-snippet":"max-snippet:-1","max-image-preview":"max-image-preview:large","max-video-preview":"max-video-preview:-1"},"canonical":"https:\/\/millerdivision.com\/es\/shop\/skateboards-es\/complete-es\/miller-division-es\/team\/","og_locale":"es_ES","og_type":"article","og_title":"31.75\" x 8\" TEAM - Miller Division","og_description":"\u00a1Un skateboard dise\u00f1ado para los riders m\u00e1s exigentes!, y construido con componentes de alta calidad, hace que este pat\u00edn sea pr\u00e1cticamente indestructible y es adecuado para todos los niveles, desde principiantes hasta profesionales. Un skateboard vers\u00e1til y perfecto para street, pool , park and vert. Tiene una construcci\u00f3n s\u00f3lida y est\u00e1 dise\u00f1ado para durar. \u00a1Este skateboard completo esta montado y preparado para que lo disfrutres desde el primer d\u00eda!","og_url":"https:\/\/millerdivision.com\/es\/shop\/skateboards-es\/complete-es\/miller-division-es\/team\/","og_site_name":"Miller Division","article_modified_time":"2026-01-11T13:02:21+00:00","og_image":[{"width":1000,"height":1000,"url":"https:\/\/millerdivision.com\/wp-content\/uploads\/2018\/06\/team-doslados-web-2-copia-r.jpg?_t=1672400347","type":"image\/jpeg"}],"twitter_card":"summary_large_image","twitter_misc":{"Tiempo de lectura":"1 minuto"},"schema":{"@context":"https:\/\/schema.org","@graph":[{"@type":"WebPage","@id":"https:\/\/millerdivision.com\/es\/shop\/skateboards-es\/complete-es\/miller-division-es\/team\/","url":"https:\/\/millerdivision.com\/es\/shop\/skateboards-es\/complete-es\/miller-division-es\/team\/","name":"31.75\" x 8\" TEAM - Miller Division","isPartOf":{"@id":"https:\/\/millerdivision.com\/es\/#website"},"primaryImageOfPage":{"@id":"https:\/\/millerdivision.com\/es\/shop\/skateboards-es\/complete-es\/miller-division-es\/team\/#primaryimage"},"image":{"@id":"https:\/\/millerdivision.com\/es\/shop\/skateboards-es\/complete-es\/miller-division-es\/team\/#primaryimage"},"thumbnailUrl":"https:\/\/millerdivision.com\/wp-content\/uploads\/2018\/06\/team-doslados-web-2-copia-r.jpg","datePublished":"2018-06-21T14:49:12+00:00","dateModified":"2026-01-11T13:02:21+00:00","breadcrumb":{"@id":"https:\/\/millerdivision.com\/es\/shop\/skateboards-es\/complete-es\/miller-division-es\/team\/#breadcrumb"},"inLanguage":"es","potentialAction":[{"@type":"ReadAction","target":["https:\/\/millerdivision.com\/es\/shop\/skateboards-es\/complete-es\/miller-division-es\/team\/"]}]},{"@type":"ImageObject","inLanguage":"es","@id":"https:\/\/millerdivision.com\/es\/shop\/skateboards-es\/complete-es\/miller-division-es\/team\/#primaryimage","url":"https:\/\/millerdivision.com\/wp-content\/uploads\/2018\/06\/team-doslados-web-2-copia-r.jpg","contentUrl":"https:\/\/millerdivision.com\/wp-content\/uploads\/2018\/06\/team-doslados-web-2-copia-r.jpg","width":1000,"height":1000},{"@type":"BreadcrumbList","@id":"https:\/\/millerdivision.com\/es\/shop\/skateboards-es\/complete-es\/miller-division-es\/team\/#breadcrumb","itemListElement":[{"@type":"ListItem","position":1,"name":"Home","item":"https:\/\/millerdivision.com\/es\/"},{"@type":"ListItem","position":2,"name":"Tienda","item":"https:\/\/millerdivision.com\/es\/tienda\/"},{"@type":"ListItem","position":3,"name":"31.75&#8243; x 8&#8243; TEAM"}]},{"@type":"WebSite","@id":"https:\/\/millerdivision.com\/es\/#website","url":"https:\/\/millerdivision.com\/es\/","name":"Miller Division","description":"Miller Skateboards | Shop now, ride forever","potentialAction":[{"@type":"SearchAction","target":{"@type":"EntryPoint","urlTemplate":"https:\/\/millerdivision.com\/es\/?s={search_term_string}"},"query-input":{"@type":"PropertyValueSpecification","valueRequired":true,"valueName":"search_term_string"}}],"inLanguage":"es"}]}},"_links":{"self":[{"href":"https:\/\/millerdivision.com\/es\/wp-json\/wp\/v2\/product\/25995","targetHints":{"allow":["GET"]}}],"collection":[{"href":"https:\/\/millerdivision.com\/es\/wp-json\/wp\/v2\/product"}],"about":[{"href":"https:\/\/millerdivision.com\/es\/wp-json\/wp\/v2\/types\/product"}],"replies":[{"embeddable":true,"href":"https:\/\/millerdivision.com\/es\/wp-json\/wp\/v2\/comments?post=25995"}],"wp:featuredmedia":[{"embeddable":true,"href":"https:\/\/millerdivision.com\/es\/wp-json\/wp\/v2\/media\/25999"}],"wp:attachment":[{"href":"https:\/\/millerdivision.com\/es\/wp-json\/wp\/v2\/media?parent=25995"}],"wp:term":[{"taxonomy":"product_cat","embeddable":true,"href":"https:\/\/millerdivision.com\/es\/wp-json\/wp\/v2\/product_cat?post=25995"},{"taxonomy":"product_tag","embeddable":true,"href":"https:\/\/millerdivision.com\/es\/wp-json\/wp\/v2\/product_tag?post=25995"}],"curies":[{"name":"wp","href":"https:\/\/api.w.org\/{rel}","templated":true}]}}