{"id":25949,"date":"2018-10-02T18:50:30","date_gmt":"2018-10-02T16:50:30","guid":{"rendered":"http:\/\/millerdivision.com\/shop\/sin%20categor\u00eda\/zion\/"},"modified":"2025-07-17T09:19:07","modified_gmt":"2025-07-17T07:19:07","slug":"zion","status":"publish","type":"product","link":"https:\/\/millerdivision.com\/es\/shop\/mochilas\/zion\/","title":{"rendered":"ZION 22L &#8211; 30x14x46cm"},"content":{"rendered":"<p>Con el modelo Zion, no habr\u00e1 d\u00eda que se te resista. Espacio para tu port\u00e1til y un compartimento para tus gafas. La mochila que te acompa\u00f1ar\u00e1 en cualquier situaci\u00f3n.<\/p>\n<p>Composici\u00f3n:<\/p>\n<ul>\n<li>Tejido exterior: 900D polyester<\/li>\n<li>Recubrimiento PU: 300 gr\/m2<\/li>\n<li>Forro: 100% polyester<\/li>\n<\/ul>\n","protected":false},"excerpt":{"rendered":"<p>Con el modelo Zion, no habr\u00e1 d\u00eda que se te resista. Espacio para tu port\u00e1til y un compartimento para tus gafas. La mochila que te acompa\u00f1ar\u00e1 en cualquier situaci\u00f3n.<\/p>\n","protected":false},"featured_media":27205,"comment_status":"closed","ping_status":"closed","template":"","meta":[],"product_cat":[128],"product_tag":[],"class_list":["post-25949","product","type-product","status-publish","has-post-thumbnail","hentry","product_cat-mochilas"],"acf":[],"yoast_head":"<!-- This site is optimized with the Yoast SEO plugin v27.1.1 - https:\/\/yoast.com\/product\/yoast-seo-wordpress\/ -->\n<title>ZION 22L - 30x14x46cm - Miller Division<\/title>\n<meta name=\"robots\" content=\"index, follow, max-snippet:-1, max-image-preview:large, max-video-preview:-1\" \/>\n<link rel=\"canonical\" href=\"https:\/\/millerdivision.com\/es\/shop\/mochilas\/zion\/\" \/>\n<meta property=\"og:locale\" content=\"es_ES\" \/>\n<meta property=\"og:type\" content=\"article\" \/>\n<meta property=\"og:title\" content=\"ZION 22L - 30x14x46cm - Miller Division\" \/>\n<meta property=\"og:description\" content=\"Con el modelo Zion, no habr\u00e1 d\u00eda que se te resista. Espacio para tu port\u00e1til y un compartimento para tus gafas. La mochila que te acompa\u00f1ar\u00e1 en cualquier situaci\u00f3n.\" \/>\n<meta property=\"og:url\" content=\"https:\/\/millerdivision.com\/es\/shop\/mochilas\/zion\/\" \/>\n<meta property=\"og:site_name\" content=\"Miller Division\" \/>\n<meta property=\"article:modified_time\" content=\"2025-07-17T07:19:07+00:00\" \/>\n<meta property=\"og:image\" content=\"https:\/\/millerdivision.com\/wp-content\/uploads\/2018\/10\/1-frontal-1.jpg\" \/>\n\t<meta property=\"og:image:width\" content=\"1440\" \/>\n\t<meta property=\"og:image:height\" content=\"1440\" \/>\n\t<meta property=\"og:image:type\" content=\"image\/jpeg\" \/>\n<meta name=\"twitter:card\" content=\"summary_large_image\" \/>\n<script type=\"application\/ld+json\" class=\"yoast-schema-graph\">{\"@context\":\"https:\/\/schema.org\",\"@graph\":[{\"@type\":\"WebPage\",\"@id\":\"https:\/\/millerdivision.com\/es\/shop\/mochilas\/zion\/\",\"url\":\"https:\/\/millerdivision.com\/es\/shop\/mochilas\/zion\/\",\"name\":\"ZION 22L - 30x14x46cm - Miller Division\",\"isPartOf\":{\"@id\":\"https:\/\/millerdivision.com\/es\/#website\"},\"primaryImageOfPage\":{\"@id\":\"https:\/\/millerdivision.com\/es\/shop\/mochilas\/zion\/#primaryimage\"},\"image\":{\"@id\":\"https:\/\/millerdivision.com\/es\/shop\/mochilas\/zion\/#primaryimage\"},\"thumbnailUrl\":\"https:\/\/millerdivision.com\/wp-content\/uploads\/2018\/10\/1-frontal-1.jpg\",\"datePublished\":\"2018-10-02T16:50:30+00:00\",\"dateModified\":\"2025-07-17T07:19:07+00:00\",\"breadcrumb\":{\"@id\":\"https:\/\/millerdivision.com\/es\/shop\/mochilas\/zion\/#breadcrumb\"},\"inLanguage\":\"es\",\"potentialAction\":[{\"@type\":\"ReadAction\",\"target\":[\"https:\/\/millerdivision.com\/es\/shop\/mochilas\/zion\/\"]}]},{\"@type\":\"ImageObject\",\"inLanguage\":\"es\",\"@id\":\"https:\/\/millerdivision.com\/es\/shop\/mochilas\/zion\/#primaryimage\",\"url\":\"https:\/\/millerdivision.com\/wp-content\/uploads\/2018\/10\/1-frontal-1.jpg\",\"contentUrl\":\"https:\/\/millerdivision.com\/wp-content\/uploads\/2018\/10\/1-frontal-1.jpg\",\"width\":1440,\"height\":1440},{\"@type\":\"BreadcrumbList\",\"@id\":\"https:\/\/millerdivision.com\/es\/shop\/mochilas\/zion\/#breadcrumb\",\"itemListElement\":[{\"@type\":\"ListItem\",\"position\":1,\"name\":\"Home\",\"item\":\"https:\/\/millerdivision.com\/es\/\"},{\"@type\":\"ListItem\",\"position\":2,\"name\":\"Tienda\",\"item\":\"https:\/\/millerdivision.com\/es\/tienda\/\"},{\"@type\":\"ListItem\",\"position\":3,\"name\":\"ZION 22L &#8211; 30x14x46cm\"}]},{\"@type\":\"WebSite\",\"@id\":\"https:\/\/millerdivision.com\/es\/#website\",\"url\":\"https:\/\/millerdivision.com\/es\/\",\"name\":\"Miller Division\",\"description\":\"Miller Skateboards | Shop now, ride forever\",\"potentialAction\":[{\"@type\":\"SearchAction\",\"target\":{\"@type\":\"EntryPoint\",\"urlTemplate\":\"https:\/\/millerdivision.com\/es\/?s={search_term_string}\"},\"query-input\":{\"@type\":\"PropertyValueSpecification\",\"valueRequired\":true,\"valueName\":\"search_term_string\"}}],\"inLanguage\":\"es\"}]}<\/script>\n<!-- \/ Yoast SEO plugin. -->","yoast_head_json":{"title":"ZION 22L - 30x14x46cm - Miller Division","robots":{"index":"index","follow":"follow","max-snippet":"max-snippet:-1","max-image-preview":"max-image-preview:large","max-video-preview":"max-video-preview:-1"},"canonical":"https:\/\/millerdivision.com\/es\/shop\/mochilas\/zion\/","og_locale":"es_ES","og_type":"article","og_title":"ZION 22L - 30x14x46cm - Miller Division","og_description":"Con el modelo Zion, no habr\u00e1 d\u00eda que se te resista. Espacio para tu port\u00e1til y un compartimento para tus gafas. La mochila que te acompa\u00f1ar\u00e1 en cualquier situaci\u00f3n.","og_url":"https:\/\/millerdivision.com\/es\/shop\/mochilas\/zion\/","og_site_name":"Miller Division","article_modified_time":"2025-07-17T07:19:07+00:00","og_image":[{"width":1440,"height":1440,"url":"https:\/\/millerdivision.com\/wp-content\/uploads\/2018\/10\/1-frontal-1.jpg","type":"image\/jpeg"}],"twitter_card":"summary_large_image","schema":{"@context":"https:\/\/schema.org","@graph":[{"@type":"WebPage","@id":"https:\/\/millerdivision.com\/es\/shop\/mochilas\/zion\/","url":"https:\/\/millerdivision.com\/es\/shop\/mochilas\/zion\/","name":"ZION 22L - 30x14x46cm - Miller Division","isPartOf":{"@id":"https:\/\/millerdivision.com\/es\/#website"},"primaryImageOfPage":{"@id":"https:\/\/millerdivision.com\/es\/shop\/mochilas\/zion\/#primaryimage"},"image":{"@id":"https:\/\/millerdivision.com\/es\/shop\/mochilas\/zion\/#primaryimage"},"thumbnailUrl":"https:\/\/millerdivision.com\/wp-content\/uploads\/2018\/10\/1-frontal-1.jpg","datePublished":"2018-10-02T16:50:30+00:00","dateModified":"2025-07-17T07:19:07+00:00","breadcrumb":{"@id":"https:\/\/millerdivision.com\/es\/shop\/mochilas\/zion\/#breadcrumb"},"inLanguage":"es","potentialAction":[{"@type":"ReadAction","target":["https:\/\/millerdivision.com\/es\/shop\/mochilas\/zion\/"]}]},{"@type":"ImageObject","inLanguage":"es","@id":"https:\/\/millerdivision.com\/es\/shop\/mochilas\/zion\/#primaryimage","url":"https:\/\/millerdivision.com\/wp-content\/uploads\/2018\/10\/1-frontal-1.jpg","contentUrl":"https:\/\/millerdivision.com\/wp-content\/uploads\/2018\/10\/1-frontal-1.jpg","width":1440,"height":1440},{"@type":"BreadcrumbList","@id":"https:\/\/millerdivision.com\/es\/shop\/mochilas\/zion\/#breadcrumb","itemListElement":[{"@type":"ListItem","position":1,"name":"Home","item":"https:\/\/millerdivision.com\/es\/"},{"@type":"ListItem","position":2,"name":"Tienda","item":"https:\/\/millerdivision.com\/es\/tienda\/"},{"@type":"ListItem","position":3,"name":"ZION 22L &#8211; 30x14x46cm"}]},{"@type":"WebSite","@id":"https:\/\/millerdivision.com\/es\/#website","url":"https:\/\/millerdivision.com\/es\/","name":"Miller Division","description":"Miller Skateboards | Shop now, ride forever","potentialAction":[{"@type":"SearchAction","target":{"@type":"EntryPoint","urlTemplate":"https:\/\/millerdivision.com\/es\/?s={search_term_string}"},"query-input":{"@type":"PropertyValueSpecification","valueRequired":true,"valueName":"search_term_string"}}],"inLanguage":"es"}]}},"_links":{"self":[{"href":"https:\/\/millerdivision.com\/es\/wp-json\/wp\/v2\/product\/25949","targetHints":{"allow":["GET"]}}],"collection":[{"href":"https:\/\/millerdivision.com\/es\/wp-json\/wp\/v2\/product"}],"about":[{"href":"https:\/\/millerdivision.com\/es\/wp-json\/wp\/v2\/types\/product"}],"replies":[{"embeddable":true,"href":"https:\/\/millerdivision.com\/es\/wp-json\/wp\/v2\/comments?post=25949"}],"wp:featuredmedia":[{"embeddable":true,"href":"https:\/\/millerdivision.com\/es\/wp-json\/wp\/v2\/media\/27205"}],"wp:attachment":[{"href":"https:\/\/millerdivision.com\/es\/wp-json\/wp\/v2\/media?parent=25949"}],"wp:term":[{"taxonomy":"product_cat","embeddable":true,"href":"https:\/\/millerdivision.com\/es\/wp-json\/wp\/v2\/product_cat?post=25949"},{"taxonomy":"product_tag","embeddable":true,"href":"https:\/\/millerdivision.com\/es\/wp-json\/wp\/v2\/product_tag?post=25949"}],"curies":[{"name":"wp","href":"https:\/\/api.w.org\/{rel}","templated":true}]}}