{"id":25923,"date":"2018-10-22T16:52:50","date_gmt":"2018-10-22T14:52:50","guid":{"rendered":"http:\/\/millerdivision.com\/shop\/sin%20categor\u00eda\/daypack\/"},"modified":"2020-12-30T15:13:43","modified_gmt":"2020-12-30T14:13:43","slug":"daypack","status":"publish","type":"product","link":"https:\/\/millerdivision.com\/es\/shop\/mochilas\/daypack\/","title":{"rendered":"DAYPACK 25L &#8211; 32x18x48cm"},"content":{"rendered":"<p>En Miller sabemos que cada d\u00eda es una aventura: la ciudad, la playa o la monta\u00f1a, surfear o caminar por las calles, en la escuela o en el trabajo\u2026 Siempre de un lugar a otro\u2026 En constante movimiento\u2026<\/p>\n<p>La nueva Colecci\u00f3n de Mochilas Miller desarrolla un concepto de mochila inspirado en el estilo retro montain, la naturaleza, los colores atemporales y las formas sencillas; vers\u00e1til y funcional, justo lo que necesitas, con un toque de estilo y cuidando hasta el m\u00e1s m\u00ednimo detalle incluyendo straps para llevar el skateboard.<\/p>\n<p>Composici\u00f3n:<\/p>\n<ul>\n<li>Tejido exterior:: 900D polyester<\/li>\n<li>Recubrimiento: 300 gr\/m2<\/li>\n<li>Forro:: 100% polyester<\/li>\n<\/ul>\n","protected":false},"excerpt":{"rendered":"<p>En Miller sabemos que cada d\u00eda es una aventura: la ciudad, la playa o la monta\u00f1a, surfear o caminar por las calles, en la escuela o en el trabajo\u2026 Siempre de un lugar a otro\u2026 En constante movimiento\u2026<\/p>\n<p>La nueva Colecci\u00f3n de Mochilas Miller desarrolla un concepto de mochila inspirado en el estilo retro montain, la naturaleza, los colores atemporales y las formas sencillas; vers\u00e1til y funcional, justo lo que necesitas, con un toque de estilo y cuidando hasta el m\u00e1s m\u00ednimo detalle incluyendo straps para llevar el skateboard.<\/p>\n","protected":false},"featured_media":27199,"comment_status":"closed","ping_status":"closed","template":"","meta":[],"product_cat":[128],"product_tag":[],"class_list":["post-25923","product","type-product","status-publish","has-post-thumbnail","hentry","product_cat-mochilas"],"acf":[],"yoast_head":"<!-- This site is optimized with the Yoast SEO plugin v27.1.1 - https:\/\/yoast.com\/product\/yoast-seo-wordpress\/ -->\n<title>DAYPACK 25L - 32x18x48cm - Miller Division<\/title>\n<meta name=\"robots\" content=\"index, follow, max-snippet:-1, max-image-preview:large, max-video-preview:-1\" \/>\n<link rel=\"canonical\" href=\"https:\/\/millerdivision.com\/es\/shop\/mochilas\/daypack\/\" \/>\n<meta property=\"og:locale\" content=\"es_ES\" \/>\n<meta property=\"og:type\" content=\"article\" \/>\n<meta property=\"og:title\" content=\"DAYPACK 25L - 32x18x48cm - Miller Division\" \/>\n<meta property=\"og:description\" content=\"En Miller sabemos que cada d\u00eda es una aventura: la ciudad, la playa o la monta\u00f1a, surfear o caminar por las calles, en la escuela o en el trabajo\u2026 Siempre de un lugar a otro\u2026 En constante movimiento\u2026 La nueva Colecci\u00f3n de Mochilas Miller desarrolla un concepto de mochila inspirado en el estilo retro montain, la naturaleza, los colores atemporales y las formas sencillas; vers\u00e1til y funcional, justo lo que necesitas, con un toque de estilo y cuidando hasta el m\u00e1s m\u00ednimo detalle incluyendo straps para llevar el skateboard.\" \/>\n<meta property=\"og:url\" content=\"https:\/\/millerdivision.com\/es\/shop\/mochilas\/daypack\/\" \/>\n<meta property=\"og:site_name\" content=\"Miller Division\" \/>\n<meta property=\"article:modified_time\" content=\"2020-12-30T14:13:43+00:00\" \/>\n<meta property=\"og:image\" content=\"https:\/\/millerdivision.com\/wp-content\/uploads\/2018\/10\/3-frontal-1.jpg\" \/>\n\t<meta property=\"og:image:width\" content=\"1440\" \/>\n\t<meta property=\"og:image:height\" content=\"1440\" \/>\n\t<meta property=\"og:image:type\" content=\"image\/jpeg\" \/>\n<meta name=\"twitter:card\" content=\"summary_large_image\" \/>\n<meta name=\"twitter:label1\" content=\"Tiempo de lectura\" \/>\n\t<meta name=\"twitter:data1\" content=\"1 minuto\" \/>\n<script type=\"application\/ld+json\" class=\"yoast-schema-graph\">{\"@context\":\"https:\/\/schema.org\",\"@graph\":[{\"@type\":\"WebPage\",\"@id\":\"https:\/\/millerdivision.com\/es\/shop\/mochilas\/daypack\/\",\"url\":\"https:\/\/millerdivision.com\/es\/shop\/mochilas\/daypack\/\",\"name\":\"DAYPACK 25L - 32x18x48cm - Miller Division\",\"isPartOf\":{\"@id\":\"https:\/\/millerdivision.com\/es\/#website\"},\"primaryImageOfPage\":{\"@id\":\"https:\/\/millerdivision.com\/es\/shop\/mochilas\/daypack\/#primaryimage\"},\"image\":{\"@id\":\"https:\/\/millerdivision.com\/es\/shop\/mochilas\/daypack\/#primaryimage\"},\"thumbnailUrl\":\"https:\/\/millerdivision.com\/wp-content\/uploads\/2018\/10\/3-frontal-1.jpg\",\"datePublished\":\"2018-10-22T14:52:50+00:00\",\"dateModified\":\"2020-12-30T14:13:43+00:00\",\"breadcrumb\":{\"@id\":\"https:\/\/millerdivision.com\/es\/shop\/mochilas\/daypack\/#breadcrumb\"},\"inLanguage\":\"es\",\"potentialAction\":[{\"@type\":\"ReadAction\",\"target\":[\"https:\/\/millerdivision.com\/es\/shop\/mochilas\/daypack\/\"]}]},{\"@type\":\"ImageObject\",\"inLanguage\":\"es\",\"@id\":\"https:\/\/millerdivision.com\/es\/shop\/mochilas\/daypack\/#primaryimage\",\"url\":\"https:\/\/millerdivision.com\/wp-content\/uploads\/2018\/10\/3-frontal-1.jpg\",\"contentUrl\":\"https:\/\/millerdivision.com\/wp-content\/uploads\/2018\/10\/3-frontal-1.jpg\",\"width\":1440,\"height\":1440},{\"@type\":\"BreadcrumbList\",\"@id\":\"https:\/\/millerdivision.com\/es\/shop\/mochilas\/daypack\/#breadcrumb\",\"itemListElement\":[{\"@type\":\"ListItem\",\"position\":1,\"name\":\"Home\",\"item\":\"https:\/\/millerdivision.com\/es\/\"},{\"@type\":\"ListItem\",\"position\":2,\"name\":\"Tienda\",\"item\":\"https:\/\/millerdivision.com\/es\/tienda\/\"},{\"@type\":\"ListItem\",\"position\":3,\"name\":\"DAYPACK 25L &#8211; 32x18x48cm\"}]},{\"@type\":\"WebSite\",\"@id\":\"https:\/\/millerdivision.com\/es\/#website\",\"url\":\"https:\/\/millerdivision.com\/es\/\",\"name\":\"Miller Division\",\"description\":\"Miller Skateboards | Shop now, ride forever\",\"potentialAction\":[{\"@type\":\"SearchAction\",\"target\":{\"@type\":\"EntryPoint\",\"urlTemplate\":\"https:\/\/millerdivision.com\/es\/?s={search_term_string}\"},\"query-input\":{\"@type\":\"PropertyValueSpecification\",\"valueRequired\":true,\"valueName\":\"search_term_string\"}}],\"inLanguage\":\"es\"}]}<\/script>\n<!-- \/ Yoast SEO plugin. -->","yoast_head_json":{"title":"DAYPACK 25L - 32x18x48cm - Miller Division","robots":{"index":"index","follow":"follow","max-snippet":"max-snippet:-1","max-image-preview":"max-image-preview:large","max-video-preview":"max-video-preview:-1"},"canonical":"https:\/\/millerdivision.com\/es\/shop\/mochilas\/daypack\/","og_locale":"es_ES","og_type":"article","og_title":"DAYPACK 25L - 32x18x48cm - Miller Division","og_description":"En Miller sabemos que cada d\u00eda es una aventura: la ciudad, la playa o la monta\u00f1a, surfear o caminar por las calles, en la escuela o en el trabajo\u2026 Siempre de un lugar a otro\u2026 En constante movimiento\u2026 La nueva Colecci\u00f3n de Mochilas Miller desarrolla un concepto de mochila inspirado en el estilo retro montain, la naturaleza, los colores atemporales y las formas sencillas; vers\u00e1til y funcional, justo lo que necesitas, con un toque de estilo y cuidando hasta el m\u00e1s m\u00ednimo detalle incluyendo straps para llevar el skateboard.","og_url":"https:\/\/millerdivision.com\/es\/shop\/mochilas\/daypack\/","og_site_name":"Miller Division","article_modified_time":"2020-12-30T14:13:43+00:00","og_image":[{"width":1440,"height":1440,"url":"https:\/\/millerdivision.com\/wp-content\/uploads\/2018\/10\/3-frontal-1.jpg","type":"image\/jpeg"}],"twitter_card":"summary_large_image","twitter_misc":{"Tiempo de lectura":"1 minuto"},"schema":{"@context":"https:\/\/schema.org","@graph":[{"@type":"WebPage","@id":"https:\/\/millerdivision.com\/es\/shop\/mochilas\/daypack\/","url":"https:\/\/millerdivision.com\/es\/shop\/mochilas\/daypack\/","name":"DAYPACK 25L - 32x18x48cm - Miller Division","isPartOf":{"@id":"https:\/\/millerdivision.com\/es\/#website"},"primaryImageOfPage":{"@id":"https:\/\/millerdivision.com\/es\/shop\/mochilas\/daypack\/#primaryimage"},"image":{"@id":"https:\/\/millerdivision.com\/es\/shop\/mochilas\/daypack\/#primaryimage"},"thumbnailUrl":"https:\/\/millerdivision.com\/wp-content\/uploads\/2018\/10\/3-frontal-1.jpg","datePublished":"2018-10-22T14:52:50+00:00","dateModified":"2020-12-30T14:13:43+00:00","breadcrumb":{"@id":"https:\/\/millerdivision.com\/es\/shop\/mochilas\/daypack\/#breadcrumb"},"inLanguage":"es","potentialAction":[{"@type":"ReadAction","target":["https:\/\/millerdivision.com\/es\/shop\/mochilas\/daypack\/"]}]},{"@type":"ImageObject","inLanguage":"es","@id":"https:\/\/millerdivision.com\/es\/shop\/mochilas\/daypack\/#primaryimage","url":"https:\/\/millerdivision.com\/wp-content\/uploads\/2018\/10\/3-frontal-1.jpg","contentUrl":"https:\/\/millerdivision.com\/wp-content\/uploads\/2018\/10\/3-frontal-1.jpg","width":1440,"height":1440},{"@type":"BreadcrumbList","@id":"https:\/\/millerdivision.com\/es\/shop\/mochilas\/daypack\/#breadcrumb","itemListElement":[{"@type":"ListItem","position":1,"name":"Home","item":"https:\/\/millerdivision.com\/es\/"},{"@type":"ListItem","position":2,"name":"Tienda","item":"https:\/\/millerdivision.com\/es\/tienda\/"},{"@type":"ListItem","position":3,"name":"DAYPACK 25L &#8211; 32x18x48cm"}]},{"@type":"WebSite","@id":"https:\/\/millerdivision.com\/es\/#website","url":"https:\/\/millerdivision.com\/es\/","name":"Miller Division","description":"Miller Skateboards | Shop now, ride forever","potentialAction":[{"@type":"SearchAction","target":{"@type":"EntryPoint","urlTemplate":"https:\/\/millerdivision.com\/es\/?s={search_term_string}"},"query-input":{"@type":"PropertyValueSpecification","valueRequired":true,"valueName":"search_term_string"}}],"inLanguage":"es"}]}},"_links":{"self":[{"href":"https:\/\/millerdivision.com\/es\/wp-json\/wp\/v2\/product\/25923","targetHints":{"allow":["GET"]}}],"collection":[{"href":"https:\/\/millerdivision.com\/es\/wp-json\/wp\/v2\/product"}],"about":[{"href":"https:\/\/millerdivision.com\/es\/wp-json\/wp\/v2\/types\/product"}],"replies":[{"embeddable":true,"href":"https:\/\/millerdivision.com\/es\/wp-json\/wp\/v2\/comments?post=25923"}],"wp:featuredmedia":[{"embeddable":true,"href":"https:\/\/millerdivision.com\/es\/wp-json\/wp\/v2\/media\/27199"}],"wp:attachment":[{"href":"https:\/\/millerdivision.com\/es\/wp-json\/wp\/v2\/media?parent=25923"}],"wp:term":[{"taxonomy":"product_cat","embeddable":true,"href":"https:\/\/millerdivision.com\/es\/wp-json\/wp\/v2\/product_cat?post=25923"},{"taxonomy":"product_tag","embeddable":true,"href":"https:\/\/millerdivision.com\/es\/wp-json\/wp\/v2\/product_tag?post=25923"}],"curies":[{"name":"wp","href":"https:\/\/api.w.org\/{rel}","templated":true}]}}