{"id":25881,"date":"2019-08-27T16:03:04","date_gmt":"2019-08-27T14:03:04","guid":{"rendered":"http:\/\/millerdivision.com\/shop\/sin%20categor\u00eda\/jaime-mateu\/"},"modified":"2024-01-09T23:49:20","modified_gmt":"2024-01-09T22:49:20","slug":"jaime-mateu","status":"publish","type":"product","link":"https:\/\/millerdivision.com\/es\/shop\/skateboards-es\/tablas-es\/jaime-mateu\/","title":{"rendered":"32&#8243; x 8.5&#8243; JAIME MATEU"},"content":{"rendered":"<p>Desde Miller Skateboards, te presentamos con orgullo la joya de la corona: El nuevo Pro Model de Jaime Mateu. Una bestia dorada dise\u00f1ada para superar las expectativas de cualquier rider. El d\u00eda que Jaime desat\u00f3 a la bestia por primera vez, rugi\u00f3 con tal fuerza que nadie se atrevi\u00f3 a bajarle de lo m\u00e1s alto del podio en el ya legendario Red Bull Bowl Rippers de Marsella 2019. Miller Skateboards ha construido la joya de la corona \u201ca prueba de Jaime\u201d. 8,5 pulgadas de puro engorile y radicalidad.<\/p>\n<table style=\"width: 24.266%; height: 92px;\" summary=\"Caracter\u00edsticas del Modelo Native\" cellspacing=\"0\" cellpadding=\"0\">\n<tbody>\n<tr style=\"height: 23px;\">\n<th style=\"width: 36.3282%; height: 23px;\">Largo<\/th>\n<td style=\"width: 83.6301%; height: 23px;\">32\u00bb<\/td>\n<\/tr>\n<tr style=\"height: 23px;\">\n<th style=\"width: 36.3282%; height: 23px;\">Ancho<\/th>\n<td style=\"width: 83.6301%; height: 23px;\">8.5&#8243;<\/td>\n<\/tr>\n<tr style=\"height: 23px;\">\n<th style=\"width: 36.3282%; height: 23px;\">De eje a eje<\/th>\n<td style=\"width: 83.6301%; height: 23px;\">14.32&#8243;<\/td>\n<\/tr>\n<tr style=\"height: 23px;\">\n<th style=\"width: 36.3282%; height: 23px;\">Madera<\/th>\n<td style=\"width: 83.6301%; height: 23px;\">7 l\u00e1minas 100% arce canadiense<\/td>\n<\/tr>\n<\/tbody>\n<\/table>\n<p>&nbsp;<\/p>\n","protected":false},"excerpt":{"rendered":"<h2>Desde Miller Skateboards, te presentamos con orgullo la joya de la corona: El nuevo Pro Model de Jaime Mateu. Una bestia dorada dise\u00f1ada para superar las expectativas de cualquier rider. El d\u00eda que Jaime desat\u00f3 a la bestia por primera vez, rugi\u00f3 con tal fuerza que nadie se atrevi\u00f3 a bajarle de lo m\u00e1s alto del podio en el ya legendario Red Bull Bowl Rippers de Marsella 2019. Miller Skateboards ha construido la joya de la corona \u201ca prueba de Jaime\u201d. 8,5 pulgadas de puro engorile y radicalidad.<\/h2>\n","protected":false},"featured_media":25889,"comment_status":"closed","ping_status":"closed","template":"","meta":[],"product_cat":[115],"product_tag":[],"class_list":["post-25881","product","type-product","status-publish","has-post-thumbnail","hentry","product_cat-tablas-es"],"acf":[],"yoast_head":"<!-- This site is optimized with the Yoast SEO plugin v27.1.1 - https:\/\/yoast.com\/product\/yoast-seo-wordpress\/ -->\n<title>32&quot; x 8.5&quot; JAIME MATEU - Miller Division<\/title>\n<meta name=\"robots\" content=\"index, follow, max-snippet:-1, max-image-preview:large, max-video-preview:-1\" \/>\n<link rel=\"canonical\" href=\"https:\/\/millerdivision.com\/es\/shop\/skateboards-es\/tablas-es\/jaime-mateu\/\" \/>\n<meta property=\"og:locale\" content=\"es_ES\" \/>\n<meta property=\"og:type\" content=\"article\" \/>\n<meta property=\"og:title\" content=\"32&quot; x 8.5&quot; JAIME MATEU - Miller Division\" \/>\n<meta property=\"og:description\" content=\"Desde Miller Skateboards, te presentamos con orgullo la joya de la corona: El nuevo Pro Model de Jaime Mateu. Una bestia dorada dise\u00f1ada para superar las expectativas de cualquier rider. El d\u00eda que Jaime desat\u00f3 a la bestia por primera vez, rugi\u00f3 con tal fuerza que nadie se atrevi\u00f3 a bajarle de lo m\u00e1s alto del podio en el ya legendario Red Bull Bowl Rippers de Marsella 2019. Miller Skateboards ha construido la joya de la corona \u201ca prueba de Jaime\u201d. 8,5 pulgadas de puro engorile y radicalidad.\" \/>\n<meta property=\"og:url\" content=\"https:\/\/millerdivision.com\/es\/shop\/skateboards-es\/tablas-es\/jaime-mateu\/\" \/>\n<meta property=\"og:site_name\" content=\"Miller Division\" \/>\n<meta property=\"article:modified_time\" content=\"2024-01-09T22:49:20+00:00\" \/>\n<meta property=\"og:image\" content=\"https:\/\/millerdivision.com\/wp-content\/uploads\/2019\/08\/dsc04171.jpg\" \/>\n\t<meta property=\"og:image:width\" content=\"1000\" \/>\n\t<meta property=\"og:image:height\" content=\"1000\" \/>\n\t<meta property=\"og:image:type\" content=\"image\/jpeg\" \/>\n<meta name=\"twitter:card\" content=\"summary_large_image\" \/>\n<meta name=\"twitter:label1\" content=\"Tiempo de lectura\" \/>\n\t<meta name=\"twitter:data1\" content=\"1 minuto\" \/>\n<script type=\"application\/ld+json\" class=\"yoast-schema-graph\">{\"@context\":\"https:\/\/schema.org\",\"@graph\":[{\"@type\":\"WebPage\",\"@id\":\"https:\/\/millerdivision.com\/es\/shop\/skateboards-es\/tablas-es\/jaime-mateu\/\",\"url\":\"https:\/\/millerdivision.com\/es\/shop\/skateboards-es\/tablas-es\/jaime-mateu\/\",\"name\":\"32\\\" x 8.5\\\" JAIME MATEU - Miller Division\",\"isPartOf\":{\"@id\":\"https:\/\/millerdivision.com\/es\/#website\"},\"primaryImageOfPage\":{\"@id\":\"https:\/\/millerdivision.com\/es\/shop\/skateboards-es\/tablas-es\/jaime-mateu\/#primaryimage\"},\"image\":{\"@id\":\"https:\/\/millerdivision.com\/es\/shop\/skateboards-es\/tablas-es\/jaime-mateu\/#primaryimage\"},\"thumbnailUrl\":\"https:\/\/millerdivision.com\/wp-content\/uploads\/2019\/08\/dsc04171.jpg\",\"datePublished\":\"2019-08-27T14:03:04+00:00\",\"dateModified\":\"2024-01-09T22:49:20+00:00\",\"breadcrumb\":{\"@id\":\"https:\/\/millerdivision.com\/es\/shop\/skateboards-es\/tablas-es\/jaime-mateu\/#breadcrumb\"},\"inLanguage\":\"es\",\"potentialAction\":[{\"@type\":\"ReadAction\",\"target\":[\"https:\/\/millerdivision.com\/es\/shop\/skateboards-es\/tablas-es\/jaime-mateu\/\"]}]},{\"@type\":\"ImageObject\",\"inLanguage\":\"es\",\"@id\":\"https:\/\/millerdivision.com\/es\/shop\/skateboards-es\/tablas-es\/jaime-mateu\/#primaryimage\",\"url\":\"https:\/\/millerdivision.com\/wp-content\/uploads\/2019\/08\/dsc04171.jpg\",\"contentUrl\":\"https:\/\/millerdivision.com\/wp-content\/uploads\/2019\/08\/dsc04171.jpg\",\"width\":1000,\"height\":1000},{\"@type\":\"BreadcrumbList\",\"@id\":\"https:\/\/millerdivision.com\/es\/shop\/skateboards-es\/tablas-es\/jaime-mateu\/#breadcrumb\",\"itemListElement\":[{\"@type\":\"ListItem\",\"position\":1,\"name\":\"Home\",\"item\":\"https:\/\/millerdivision.com\/es\/\"},{\"@type\":\"ListItem\",\"position\":2,\"name\":\"Tienda\",\"item\":\"https:\/\/millerdivision.com\/es\/tienda\/\"},{\"@type\":\"ListItem\",\"position\":3,\"name\":\"32&#8243; x 8.5&#8243; JAIME MATEU\"}]},{\"@type\":\"WebSite\",\"@id\":\"https:\/\/millerdivision.com\/es\/#website\",\"url\":\"https:\/\/millerdivision.com\/es\/\",\"name\":\"Miller Division\",\"description\":\"Miller Skateboards | Shop now, ride forever\",\"potentialAction\":[{\"@type\":\"SearchAction\",\"target\":{\"@type\":\"EntryPoint\",\"urlTemplate\":\"https:\/\/millerdivision.com\/es\/?s={search_term_string}\"},\"query-input\":{\"@type\":\"PropertyValueSpecification\",\"valueRequired\":true,\"valueName\":\"search_term_string\"}}],\"inLanguage\":\"es\"}]}<\/script>\n<!-- \/ Yoast SEO plugin. -->","yoast_head_json":{"title":"32\" x 8.5\" JAIME MATEU - Miller Division","robots":{"index":"index","follow":"follow","max-snippet":"max-snippet:-1","max-image-preview":"max-image-preview:large","max-video-preview":"max-video-preview:-1"},"canonical":"https:\/\/millerdivision.com\/es\/shop\/skateboards-es\/tablas-es\/jaime-mateu\/","og_locale":"es_ES","og_type":"article","og_title":"32\" x 8.5\" JAIME MATEU - Miller Division","og_description":"Desde Miller Skateboards, te presentamos con orgullo la joya de la corona: El nuevo Pro Model de Jaime Mateu. Una bestia dorada dise\u00f1ada para superar las expectativas de cualquier rider. El d\u00eda que Jaime desat\u00f3 a la bestia por primera vez, rugi\u00f3 con tal fuerza que nadie se atrevi\u00f3 a bajarle de lo m\u00e1s alto del podio en el ya legendario Red Bull Bowl Rippers de Marsella 2019. Miller Skateboards ha construido la joya de la corona \u201ca prueba de Jaime\u201d. 8,5 pulgadas de puro engorile y radicalidad.","og_url":"https:\/\/millerdivision.com\/es\/shop\/skateboards-es\/tablas-es\/jaime-mateu\/","og_site_name":"Miller Division","article_modified_time":"2024-01-09T22:49:20+00:00","og_image":[{"width":1000,"height":1000,"url":"https:\/\/millerdivision.com\/wp-content\/uploads\/2019\/08\/dsc04171.jpg","type":"image\/jpeg"}],"twitter_card":"summary_large_image","twitter_misc":{"Tiempo de lectura":"1 minuto"},"schema":{"@context":"https:\/\/schema.org","@graph":[{"@type":"WebPage","@id":"https:\/\/millerdivision.com\/es\/shop\/skateboards-es\/tablas-es\/jaime-mateu\/","url":"https:\/\/millerdivision.com\/es\/shop\/skateboards-es\/tablas-es\/jaime-mateu\/","name":"32\" x 8.5\" JAIME MATEU - Miller Division","isPartOf":{"@id":"https:\/\/millerdivision.com\/es\/#website"},"primaryImageOfPage":{"@id":"https:\/\/millerdivision.com\/es\/shop\/skateboards-es\/tablas-es\/jaime-mateu\/#primaryimage"},"image":{"@id":"https:\/\/millerdivision.com\/es\/shop\/skateboards-es\/tablas-es\/jaime-mateu\/#primaryimage"},"thumbnailUrl":"https:\/\/millerdivision.com\/wp-content\/uploads\/2019\/08\/dsc04171.jpg","datePublished":"2019-08-27T14:03:04+00:00","dateModified":"2024-01-09T22:49:20+00:00","breadcrumb":{"@id":"https:\/\/millerdivision.com\/es\/shop\/skateboards-es\/tablas-es\/jaime-mateu\/#breadcrumb"},"inLanguage":"es","potentialAction":[{"@type":"ReadAction","target":["https:\/\/millerdivision.com\/es\/shop\/skateboards-es\/tablas-es\/jaime-mateu\/"]}]},{"@type":"ImageObject","inLanguage":"es","@id":"https:\/\/millerdivision.com\/es\/shop\/skateboards-es\/tablas-es\/jaime-mateu\/#primaryimage","url":"https:\/\/millerdivision.com\/wp-content\/uploads\/2019\/08\/dsc04171.jpg","contentUrl":"https:\/\/millerdivision.com\/wp-content\/uploads\/2019\/08\/dsc04171.jpg","width":1000,"height":1000},{"@type":"BreadcrumbList","@id":"https:\/\/millerdivision.com\/es\/shop\/skateboards-es\/tablas-es\/jaime-mateu\/#breadcrumb","itemListElement":[{"@type":"ListItem","position":1,"name":"Home","item":"https:\/\/millerdivision.com\/es\/"},{"@type":"ListItem","position":2,"name":"Tienda","item":"https:\/\/millerdivision.com\/es\/tienda\/"},{"@type":"ListItem","position":3,"name":"32&#8243; x 8.5&#8243; JAIME MATEU"}]},{"@type":"WebSite","@id":"https:\/\/millerdivision.com\/es\/#website","url":"https:\/\/millerdivision.com\/es\/","name":"Miller Division","description":"Miller Skateboards | Shop now, ride forever","potentialAction":[{"@type":"SearchAction","target":{"@type":"EntryPoint","urlTemplate":"https:\/\/millerdivision.com\/es\/?s={search_term_string}"},"query-input":{"@type":"PropertyValueSpecification","valueRequired":true,"valueName":"search_term_string"}}],"inLanguage":"es"}]}},"_links":{"self":[{"href":"https:\/\/millerdivision.com\/es\/wp-json\/wp\/v2\/product\/25881","targetHints":{"allow":["GET"]}}],"collection":[{"href":"https:\/\/millerdivision.com\/es\/wp-json\/wp\/v2\/product"}],"about":[{"href":"https:\/\/millerdivision.com\/es\/wp-json\/wp\/v2\/types\/product"}],"replies":[{"embeddable":true,"href":"https:\/\/millerdivision.com\/es\/wp-json\/wp\/v2\/comments?post=25881"}],"wp:featuredmedia":[{"embeddable":true,"href":"https:\/\/millerdivision.com\/es\/wp-json\/wp\/v2\/media\/25889"}],"wp:attachment":[{"href":"https:\/\/millerdivision.com\/es\/wp-json\/wp\/v2\/media?parent=25881"}],"wp:term":[{"taxonomy":"product_cat","embeddable":true,"href":"https:\/\/millerdivision.com\/es\/wp-json\/wp\/v2\/product_cat?post=25881"},{"taxonomy":"product_tag","embeddable":true,"href":"https:\/\/millerdivision.com\/es\/wp-json\/wp\/v2\/product_tag?post=25881"}],"curies":[{"name":"wp","href":"https:\/\/api.w.org\/{rel}","templated":true}]}}