{"id":25861,"date":"2019-08-27T16:25:35","date_gmt":"2019-08-27T14:25:35","guid":{"rendered":"http:\/\/millerdivision.com\/shop\/sin%20categor\u00eda\/hangten\/"},"modified":"2025-08-20T10:30:14","modified_gmt":"2025-08-20T08:30:14","slug":"hangten","status":"publish","type":"product","link":"https:\/\/millerdivision.com\/es\/shop\/surfskates-es\/miller-division-es-2\/hangten\/","title":{"rendered":"29.5&#8243; x 9&#8243; HANGTEN"},"content":{"rendered":"<p>Con doble kick y c\u00f3ncavo medio. 29.5\u201d de largo por 9\u201d de ancho permitir\u00e1 que cualquier tama\u00f1o de pie se adapte perfectamente a la tabla, sin exceso de espacio si no se requiere. Su distancia entre ejes m\u00e1s corta tambi\u00e9n significar\u00e1 una capacidad de respuesta mucho m\u00e1s r\u00e1pda. Este puede ser el surfskate ideal para riders m\u00e1s peque\u00f1os o m\u00e1s ligeros.<\/p>\n<table style=\"width: 54.7076%; height: 216px;\" summary=\"Caracter\u00edsticas del Modelo Old is Cool\" width=\"700\" cellspacing=\"0\" cellpadding=\"0\">\n<tbody>\n<tr style=\"height: 24px;\">\n<th style=\"width: 17.8932%; height: 24px;\">Largo<\/th>\n<td style=\"width: 89.207%; height: 24px;\">29.5\u00bb<\/td>\n<\/tr>\n<tr style=\"height: 24px;\">\n<th style=\"width: 17.8932%; height: 24px;\">Ancho<\/th>\n<td style=\"width: 89.207%; height: 24px;\">9\u00bb<\/td>\n<\/tr>\n<tr style=\"height: 24px;\">\n<th style=\"width: 17.8932%; height: 24px;\">De eje a eje<\/th>\n<td style=\"width: 89.207%; height: 24px;\">16.8&#8243;<\/td>\n<\/tr>\n<tr style=\"height: 24px;\">\n<th style=\"width: 17.8932%; height: 24px;\">Madera<\/th>\n<td style=\"width: 89.207%; height: 24px;\">7 l\u00e1minas 100% arce canadiense<\/td>\n<\/tr>\n<tr style=\"height: 24px;\">\n<th style=\"width: 17.8932%; height: 24px;\">Ejes<\/th>\n<td style=\"width: 89.207%; height: 24px;\">Miller XRKP2 special system 356 premium Aluminum, press casting 160 mm (6.5&#8243;)<\/td>\n<\/tr>\n<tr style=\"height: 24px;\">\n<th style=\"width: 17.8932%; height: 24px;\">Torniller\u00eda<\/th>\n<td style=\"width: 89.207%; height: 24px;\">1.25&#8243; Allen screw<\/td>\n<\/tr>\n<tr style=\"height: 24px;\">\n<th style=\"width: 17.8932%; height: 24px;\">Rodamientos<\/th>\n<td style=\"width: 89.207%; height: 24px;\">Abec 9 Chrome steel with nylon cage rubber shield<\/td>\n<\/tr>\n<tr style=\"height: 24px;\">\n<th style=\"width: 17.8932%; height: 24px;\">Rueda<\/th>\n<td style=\"width: 89.207%; height: 24px;\">Creek 65mm \/ 80a<\/td>\n<\/tr>\n<tr style=\"height: 24px;\">\n<th style=\"width: 17.8932%; height: 24px;\">Lija<\/th>\n<td style=\"width: 89.207%; height: 24px;\">High Performance<\/td>\n<\/tr>\n<\/tbody>\n<\/table>\n<p>&nbsp;<\/p>\n","protected":false},"excerpt":{"rendered":"<p>Con doble kick y c\u00f3ncavo medio. 29.5\u201d de largo por 9\u201d de ancho permitir\u00e1 que cualquier tama\u00f1o de pie se adapte perfectamente a la tabla, sin exceso de espacio si no se requiere. Su distancia entre ejes m\u00e1s corta tambi\u00e9n significar\u00e1 una capacidad de respuesta mucho m\u00e1s r\u00e1pda. Este puede ser el surfskate ideal para riders m\u00e1s peque\u00f1os o m\u00e1s ligeros.<\/p>\n","protected":false},"featured_media":25862,"comment_status":"closed","ping_status":"closed","template":"","meta":[],"product_cat":[188,117],"product_tag":[],"class_list":["post-25861","product","type-product","status-publish","has-post-thumbnail","hentry","product_cat-miller-division-es-2","product_cat-surfskates-es"],"acf":[],"yoast_head":"<!-- This site is optimized with the Yoast SEO plugin v27.1.1 - https:\/\/yoast.com\/product\/yoast-seo-wordpress\/ -->\n<title>29.5&quot; x 9&quot; HANGTEN - Miller Division<\/title>\n<meta name=\"robots\" content=\"index, follow, max-snippet:-1, max-image-preview:large, max-video-preview:-1\" \/>\n<link rel=\"canonical\" href=\"https:\/\/millerdivision.com\/es\/shop\/surfskates-es\/miller-division-es-2\/hangten\/\" \/>\n<meta property=\"og:locale\" content=\"es_ES\" \/>\n<meta property=\"og:type\" content=\"article\" \/>\n<meta property=\"og:title\" content=\"29.5&quot; x 9&quot; HANGTEN - Miller Division\" \/>\n<meta property=\"og:description\" content=\"Con doble kick y c\u00f3ncavo medio. 29.5\u201d de largo por 9\u201d de ancho permitir\u00e1 que cualquier tama\u00f1o de pie se adapte perfectamente a la tabla, sin exceso de espacio si no se requiere. Su distancia entre ejes m\u00e1s corta tambi\u00e9n significar\u00e1 una capacidad de respuesta mucho m\u00e1s r\u00e1pda. Este puede ser el surfskate ideal para riders m\u00e1s peque\u00f1os o m\u00e1s ligeros.\" \/>\n<meta property=\"og:url\" content=\"https:\/\/millerdivision.com\/es\/shop\/surfskates-es\/miller-division-es-2\/hangten\/\" \/>\n<meta property=\"og:site_name\" content=\"Miller Division\" \/>\n<meta property=\"article:modified_time\" content=\"2025-08-20T08:30:14+00:00\" \/>\n<meta property=\"og:image\" content=\"https:\/\/millerdivision.com\/wp-content\/uploads\/2019\/08\/p-7-1-6-716-mini-classic.jpg?_t=1672400345\" \/>\n\t<meta property=\"og:image:width\" content=\"1000\" \/>\n\t<meta property=\"og:image:height\" content=\"1000\" \/>\n\t<meta property=\"og:image:type\" content=\"image\/jpeg\" \/>\n<meta name=\"twitter:card\" content=\"summary_large_image\" \/>\n<meta name=\"twitter:label1\" content=\"Tiempo de lectura\" \/>\n\t<meta name=\"twitter:data1\" content=\"1 minuto\" \/>\n<script type=\"application\/ld+json\" class=\"yoast-schema-graph\">{\"@context\":\"https:\/\/schema.org\",\"@graph\":[{\"@type\":\"WebPage\",\"@id\":\"https:\/\/millerdivision.com\/es\/shop\/surfskates-es\/miller-division-es-2\/hangten\/\",\"url\":\"https:\/\/millerdivision.com\/es\/shop\/surfskates-es\/miller-division-es-2\/hangten\/\",\"name\":\"29.5\\\" x 9\\\" HANGTEN - Miller Division\",\"isPartOf\":{\"@id\":\"https:\/\/millerdivision.com\/es\/#website\"},\"primaryImageOfPage\":{\"@id\":\"https:\/\/millerdivision.com\/es\/shop\/surfskates-es\/miller-division-es-2\/hangten\/#primaryimage\"},\"image\":{\"@id\":\"https:\/\/millerdivision.com\/es\/shop\/surfskates-es\/miller-division-es-2\/hangten\/#primaryimage\"},\"thumbnailUrl\":\"https:\/\/millerdivision.com\/wp-content\/uploads\/2019\/08\/p-7-1-6-716-mini-classic.jpg\",\"datePublished\":\"2019-08-27T14:25:35+00:00\",\"dateModified\":\"2025-08-20T08:30:14+00:00\",\"breadcrumb\":{\"@id\":\"https:\/\/millerdivision.com\/es\/shop\/surfskates-es\/miller-division-es-2\/hangten\/#breadcrumb\"},\"inLanguage\":\"es\",\"potentialAction\":[{\"@type\":\"ReadAction\",\"target\":[\"https:\/\/millerdivision.com\/es\/shop\/surfskates-es\/miller-division-es-2\/hangten\/\"]}]},{\"@type\":\"ImageObject\",\"inLanguage\":\"es\",\"@id\":\"https:\/\/millerdivision.com\/es\/shop\/surfskates-es\/miller-division-es-2\/hangten\/#primaryimage\",\"url\":\"https:\/\/millerdivision.com\/wp-content\/uploads\/2019\/08\/p-7-1-6-716-mini-classic.jpg\",\"contentUrl\":\"https:\/\/millerdivision.com\/wp-content\/uploads\/2019\/08\/p-7-1-6-716-mini-classic.jpg\",\"width\":1000,\"height\":1000},{\"@type\":\"BreadcrumbList\",\"@id\":\"https:\/\/millerdivision.com\/es\/shop\/surfskates-es\/miller-division-es-2\/hangten\/#breadcrumb\",\"itemListElement\":[{\"@type\":\"ListItem\",\"position\":1,\"name\":\"Home\",\"item\":\"https:\/\/millerdivision.com\/es\/\"},{\"@type\":\"ListItem\",\"position\":2,\"name\":\"Tienda\",\"item\":\"https:\/\/millerdivision.com\/es\/tienda\/\"},{\"@type\":\"ListItem\",\"position\":3,\"name\":\"29.5&#8243; x 9&#8243; HANGTEN\"}]},{\"@type\":\"WebSite\",\"@id\":\"https:\/\/millerdivision.com\/es\/#website\",\"url\":\"https:\/\/millerdivision.com\/es\/\",\"name\":\"Miller Division\",\"description\":\"Miller Skateboards | Shop now, ride forever\",\"potentialAction\":[{\"@type\":\"SearchAction\",\"target\":{\"@type\":\"EntryPoint\",\"urlTemplate\":\"https:\/\/millerdivision.com\/es\/?s={search_term_string}\"},\"query-input\":{\"@type\":\"PropertyValueSpecification\",\"valueRequired\":true,\"valueName\":\"search_term_string\"}}],\"inLanguage\":\"es\"}]}<\/script>\n<!-- \/ Yoast SEO plugin. -->","yoast_head_json":{"title":"29.5\" x 9\" HANGTEN - Miller Division","robots":{"index":"index","follow":"follow","max-snippet":"max-snippet:-1","max-image-preview":"max-image-preview:large","max-video-preview":"max-video-preview:-1"},"canonical":"https:\/\/millerdivision.com\/es\/shop\/surfskates-es\/miller-division-es-2\/hangten\/","og_locale":"es_ES","og_type":"article","og_title":"29.5\" x 9\" HANGTEN - Miller Division","og_description":"Con doble kick y c\u00f3ncavo medio. 29.5\u201d de largo por 9\u201d de ancho permitir\u00e1 que cualquier tama\u00f1o de pie se adapte perfectamente a la tabla, sin exceso de espacio si no se requiere. Su distancia entre ejes m\u00e1s corta tambi\u00e9n significar\u00e1 una capacidad de respuesta mucho m\u00e1s r\u00e1pda. Este puede ser el surfskate ideal para riders m\u00e1s peque\u00f1os o m\u00e1s ligeros.","og_url":"https:\/\/millerdivision.com\/es\/shop\/surfskates-es\/miller-division-es-2\/hangten\/","og_site_name":"Miller Division","article_modified_time":"2025-08-20T08:30:14+00:00","og_image":[{"width":1000,"height":1000,"url":"https:\/\/millerdivision.com\/wp-content\/uploads\/2019\/08\/p-7-1-6-716-mini-classic.jpg?_t=1672400345","type":"image\/jpeg"}],"twitter_card":"summary_large_image","twitter_misc":{"Tiempo de lectura":"1 minuto"},"schema":{"@context":"https:\/\/schema.org","@graph":[{"@type":"WebPage","@id":"https:\/\/millerdivision.com\/es\/shop\/surfskates-es\/miller-division-es-2\/hangten\/","url":"https:\/\/millerdivision.com\/es\/shop\/surfskates-es\/miller-division-es-2\/hangten\/","name":"29.5\" x 9\" HANGTEN - Miller Division","isPartOf":{"@id":"https:\/\/millerdivision.com\/es\/#website"},"primaryImageOfPage":{"@id":"https:\/\/millerdivision.com\/es\/shop\/surfskates-es\/miller-division-es-2\/hangten\/#primaryimage"},"image":{"@id":"https:\/\/millerdivision.com\/es\/shop\/surfskates-es\/miller-division-es-2\/hangten\/#primaryimage"},"thumbnailUrl":"https:\/\/millerdivision.com\/wp-content\/uploads\/2019\/08\/p-7-1-6-716-mini-classic.jpg","datePublished":"2019-08-27T14:25:35+00:00","dateModified":"2025-08-20T08:30:14+00:00","breadcrumb":{"@id":"https:\/\/millerdivision.com\/es\/shop\/surfskates-es\/miller-division-es-2\/hangten\/#breadcrumb"},"inLanguage":"es","potentialAction":[{"@type":"ReadAction","target":["https:\/\/millerdivision.com\/es\/shop\/surfskates-es\/miller-division-es-2\/hangten\/"]}]},{"@type":"ImageObject","inLanguage":"es","@id":"https:\/\/millerdivision.com\/es\/shop\/surfskates-es\/miller-division-es-2\/hangten\/#primaryimage","url":"https:\/\/millerdivision.com\/wp-content\/uploads\/2019\/08\/p-7-1-6-716-mini-classic.jpg","contentUrl":"https:\/\/millerdivision.com\/wp-content\/uploads\/2019\/08\/p-7-1-6-716-mini-classic.jpg","width":1000,"height":1000},{"@type":"BreadcrumbList","@id":"https:\/\/millerdivision.com\/es\/shop\/surfskates-es\/miller-division-es-2\/hangten\/#breadcrumb","itemListElement":[{"@type":"ListItem","position":1,"name":"Home","item":"https:\/\/millerdivision.com\/es\/"},{"@type":"ListItem","position":2,"name":"Tienda","item":"https:\/\/millerdivision.com\/es\/tienda\/"},{"@type":"ListItem","position":3,"name":"29.5&#8243; x 9&#8243; HANGTEN"}]},{"@type":"WebSite","@id":"https:\/\/millerdivision.com\/es\/#website","url":"https:\/\/millerdivision.com\/es\/","name":"Miller Division","description":"Miller Skateboards | Shop now, ride forever","potentialAction":[{"@type":"SearchAction","target":{"@type":"EntryPoint","urlTemplate":"https:\/\/millerdivision.com\/es\/?s={search_term_string}"},"query-input":{"@type":"PropertyValueSpecification","valueRequired":true,"valueName":"search_term_string"}}],"inLanguage":"es"}]}},"_links":{"self":[{"href":"https:\/\/millerdivision.com\/es\/wp-json\/wp\/v2\/product\/25861","targetHints":{"allow":["GET"]}}],"collection":[{"href":"https:\/\/millerdivision.com\/es\/wp-json\/wp\/v2\/product"}],"about":[{"href":"https:\/\/millerdivision.com\/es\/wp-json\/wp\/v2\/types\/product"}],"replies":[{"embeddable":true,"href":"https:\/\/millerdivision.com\/es\/wp-json\/wp\/v2\/comments?post=25861"}],"wp:featuredmedia":[{"embeddable":true,"href":"https:\/\/millerdivision.com\/es\/wp-json\/wp\/v2\/media\/25862"}],"wp:attachment":[{"href":"https:\/\/millerdivision.com\/es\/wp-json\/wp\/v2\/media?parent=25861"}],"wp:term":[{"taxonomy":"product_cat","embeddable":true,"href":"https:\/\/millerdivision.com\/es\/wp-json\/wp\/v2\/product_cat?post=25861"},{"taxonomy":"product_tag","embeddable":true,"href":"https:\/\/millerdivision.com\/es\/wp-json\/wp\/v2\/product_tag?post=25861"}],"curies":[{"name":"wp","href":"https:\/\/api.w.org\/{rel}","templated":true}]}}