{"id":25847,"date":"2019-08-27T16:36:27","date_gmt":"2019-08-27T14:36:27","guid":{"rendered":"http:\/\/millerdivision.com\/shop\/sin%20categor\u00eda\/soul-coral\/"},"modified":"2024-02-06T18:48:54","modified_gmt":"2024-02-06T17:48:54","slug":"soul-coral","status":"publish","type":"product","link":"https:\/\/millerdivision.com\/es\/shop\/surfskates-es\/miller-division-es-2\/soul-coral\/","title":{"rendered":"31,5&#8243; X 9,7&#8243; SOUL CORAL"},"content":{"rendered":"<p>Soul Coral &amp; Soul Jade 31,5 \u201cde largo por 9,7\u201d de ancho, single kick, c\u00f3ncavo medio, nuevos ejes XRKP II&#8230; Sea cual sea tu peso, altura o estilo de patinar, disfrutar\u00e1s de todas sus posibilidades. Su tama\u00f1o lo hace perfecto para todos los riders.<\/p>\n<table style=\"width: 54.7076%; height: 216px;\" summary=\"Caracter\u00edsticas del Modelo Old is Cool\" width=\"700\" cellspacing=\"0\" cellpadding=\"0\">\n<tbody>\n<tr style=\"height: 24px;\">\n<th style=\"width: 17.8932%; height: 24px;\">Largo<\/th>\n<td style=\"width: 89.207%; height: 24px;\">31.5\u00bb<\/td>\n<\/tr>\n<tr style=\"height: 24px;\">\n<th style=\"width: 17.8932%; height: 24px;\">Ancho<\/th>\n<td style=\"width: 89.207%; height: 24px;\">9.7&#8243;<\/td>\n<\/tr>\n<tr style=\"height: 24px;\">\n<th style=\"width: 17.8932%; height: 24px;\">De eje a eje<\/th>\n<td style=\"width: 89.207%; height: 24px;\">16.9&#8243;<\/td>\n<\/tr>\n<tr style=\"height: 24px;\">\n<th style=\"width: 17.8932%; height: 24px;\">Madera<\/th>\n<td style=\"width: 89.207%; height: 24px;\">7 l\u00e1minas 100% arce canadiense<\/td>\n<\/tr>\n<tr style=\"height: 24px;\">\n<th style=\"width: 17.8932%; height: 24px;\">Ejes<\/th>\n<td style=\"width: 89.207%; height: 24px;\">Miller XRKP2 special system 356 premium Aluminum, press casting 160 mm (6.5&#8243;)<\/td>\n<\/tr>\n<tr style=\"height: 24px;\">\n<th style=\"width: 17.8932%; height: 24px;\">Torniller\u00eda<\/th>\n<td style=\"width: 89.207%; height: 24px;\">1.25&#8243; Allen screw<\/td>\n<\/tr>\n<tr style=\"height: 24px;\">\n<th style=\"width: 17.8932%; height: 24px;\">Rodamientos<\/th>\n<td style=\"width: 89.207%; height: 24px;\">Abec 9 Chrome steel with nylon cage rubber shield<\/td>\n<\/tr>\n<tr style=\"height: 24px;\">\n<th style=\"width: 17.8932%; height: 24px;\">Ruedas<\/th>\n<td style=\"width: 89.207%; height: 24px;\">Creek 70mm \/ 80a<\/td>\n<\/tr>\n<tr style=\"height: 24px;\">\n<th style=\"width: 17.8932%; height: 24px;\">Lija<\/th>\n<td style=\"width: 89.207%; height: 24px;\">High Performance<\/td>\n<\/tr>\n<\/tbody>\n<\/table>\n<p>&nbsp;<\/p>\n","protected":false},"excerpt":{"rendered":"<p>Soul Coral &amp; Soul Jade 31,5 \u201cde largo por 9,7\u201d de ancho, single kick, c\u00f3ncavo medio, nuevos ejes XRKP II&#8230; Sea cual sea tu peso, altura o estilo de patinar, disfrutar\u00e1s de todas sus posibilidades. Su tama\u00f1o lo hace perfecto para todos los riders.<\/p>\n","protected":false},"featured_media":25848,"comment_status":"closed","ping_status":"closed","template":"","meta":[],"product_cat":[188,117],"product_tag":[],"class_list":["post-25847","product","type-product","status-publish","has-post-thumbnail","hentry","product_cat-miller-division-es-2","product_cat-surfskates-es"],"acf":[],"yoast_head":"<!-- This site is optimized with the Yoast SEO plugin v27.1.1 - https:\/\/yoast.com\/product\/yoast-seo-wordpress\/ -->\n<title>31,5&quot; X 9,7&quot; SOUL CORAL - Miller Division<\/title>\n<meta name=\"robots\" content=\"index, follow, max-snippet:-1, max-image-preview:large, max-video-preview:-1\" \/>\n<link rel=\"canonical\" href=\"https:\/\/millerdivision.com\/es\/shop\/surfskates-es\/miller-division-es-2\/soul-coral\/\" \/>\n<meta property=\"og:locale\" content=\"es_ES\" \/>\n<meta property=\"og:type\" content=\"article\" \/>\n<meta property=\"og:title\" content=\"31,5&quot; X 9,7&quot; SOUL CORAL - Miller Division\" \/>\n<meta property=\"og:description\" content=\"Soul Coral &amp; Soul Jade 31,5 \u201cde largo por 9,7\u201d de ancho, single kick, c\u00f3ncavo medio, nuevos ejes XRKP II... Sea cual sea tu peso, altura o estilo de patinar, disfrutar\u00e1s de todas sus posibilidades. Su tama\u00f1o lo hace perfecto para todos los riders.\" \/>\n<meta property=\"og:url\" content=\"https:\/\/millerdivision.com\/es\/shop\/surfskates-es\/miller-division-es-2\/soul-coral\/\" \/>\n<meta property=\"og:site_name\" content=\"Miller Division\" \/>\n<meta property=\"article:modified_time\" content=\"2024-02-06T17:48:54+00:00\" \/>\n<meta property=\"og:image\" content=\"https:\/\/millerdivision.com\/wp-content\/uploads\/2019\/08\/p-7-2-6-726-sean-gunning.jpg?_t=1672400351\" \/>\n\t<meta property=\"og:image:width\" content=\"1000\" \/>\n\t<meta property=\"og:image:height\" content=\"1000\" \/>\n\t<meta property=\"og:image:type\" content=\"image\/jpeg\" \/>\n<meta name=\"twitter:card\" content=\"summary_large_image\" \/>\n<script type=\"application\/ld+json\" class=\"yoast-schema-graph\">{\"@context\":\"https:\/\/schema.org\",\"@graph\":[{\"@type\":\"WebPage\",\"@id\":\"https:\/\/millerdivision.com\/es\/shop\/surfskates-es\/miller-division-es-2\/soul-coral\/\",\"url\":\"https:\/\/millerdivision.com\/es\/shop\/surfskates-es\/miller-division-es-2\/soul-coral\/\",\"name\":\"31,5\\\" X 9,7\\\" SOUL CORAL - Miller Division\",\"isPartOf\":{\"@id\":\"https:\/\/millerdivision.com\/es\/#website\"},\"primaryImageOfPage\":{\"@id\":\"https:\/\/millerdivision.com\/es\/shop\/surfskates-es\/miller-division-es-2\/soul-coral\/#primaryimage\"},\"image\":{\"@id\":\"https:\/\/millerdivision.com\/es\/shop\/surfskates-es\/miller-division-es-2\/soul-coral\/#primaryimage\"},\"thumbnailUrl\":\"https:\/\/millerdivision.com\/wp-content\/uploads\/2019\/08\/p-7-2-6-726-sean-gunning.jpg\",\"datePublished\":\"2019-08-27T14:36:27+00:00\",\"dateModified\":\"2024-02-06T17:48:54+00:00\",\"breadcrumb\":{\"@id\":\"https:\/\/millerdivision.com\/es\/shop\/surfskates-es\/miller-division-es-2\/soul-coral\/#breadcrumb\"},\"inLanguage\":\"es\",\"potentialAction\":[{\"@type\":\"ReadAction\",\"target\":[\"https:\/\/millerdivision.com\/es\/shop\/surfskates-es\/miller-division-es-2\/soul-coral\/\"]}]},{\"@type\":\"ImageObject\",\"inLanguage\":\"es\",\"@id\":\"https:\/\/millerdivision.com\/es\/shop\/surfskates-es\/miller-division-es-2\/soul-coral\/#primaryimage\",\"url\":\"https:\/\/millerdivision.com\/wp-content\/uploads\/2019\/08\/p-7-2-6-726-sean-gunning.jpg\",\"contentUrl\":\"https:\/\/millerdivision.com\/wp-content\/uploads\/2019\/08\/p-7-2-6-726-sean-gunning.jpg\",\"width\":1000,\"height\":1000},{\"@type\":\"BreadcrumbList\",\"@id\":\"https:\/\/millerdivision.com\/es\/shop\/surfskates-es\/miller-division-es-2\/soul-coral\/#breadcrumb\",\"itemListElement\":[{\"@type\":\"ListItem\",\"position\":1,\"name\":\"Home\",\"item\":\"https:\/\/millerdivision.com\/es\/\"},{\"@type\":\"ListItem\",\"position\":2,\"name\":\"Tienda\",\"item\":\"https:\/\/millerdivision.com\/es\/tienda\/\"},{\"@type\":\"ListItem\",\"position\":3,\"name\":\"31,5&#8243; X 9,7&#8243; SOUL CORAL\"}]},{\"@type\":\"WebSite\",\"@id\":\"https:\/\/millerdivision.com\/es\/#website\",\"url\":\"https:\/\/millerdivision.com\/es\/\",\"name\":\"Miller Division\",\"description\":\"Miller Skateboards | Shop now, ride forever\",\"potentialAction\":[{\"@type\":\"SearchAction\",\"target\":{\"@type\":\"EntryPoint\",\"urlTemplate\":\"https:\/\/millerdivision.com\/es\/?s={search_term_string}\"},\"query-input\":{\"@type\":\"PropertyValueSpecification\",\"valueRequired\":true,\"valueName\":\"search_term_string\"}}],\"inLanguage\":\"es\"}]}<\/script>\n<!-- \/ Yoast SEO plugin. -->","yoast_head_json":{"title":"31,5\" X 9,7\" SOUL CORAL - Miller Division","robots":{"index":"index","follow":"follow","max-snippet":"max-snippet:-1","max-image-preview":"max-image-preview:large","max-video-preview":"max-video-preview:-1"},"canonical":"https:\/\/millerdivision.com\/es\/shop\/surfskates-es\/miller-division-es-2\/soul-coral\/","og_locale":"es_ES","og_type":"article","og_title":"31,5\" X 9,7\" SOUL CORAL - Miller Division","og_description":"Soul Coral &amp; Soul Jade 31,5 \u201cde largo por 9,7\u201d de ancho, single kick, c\u00f3ncavo medio, nuevos ejes XRKP II... Sea cual sea tu peso, altura o estilo de patinar, disfrutar\u00e1s de todas sus posibilidades. Su tama\u00f1o lo hace perfecto para todos los riders.","og_url":"https:\/\/millerdivision.com\/es\/shop\/surfskates-es\/miller-division-es-2\/soul-coral\/","og_site_name":"Miller Division","article_modified_time":"2024-02-06T17:48:54+00:00","og_image":[{"width":1000,"height":1000,"url":"https:\/\/millerdivision.com\/wp-content\/uploads\/2019\/08\/p-7-2-6-726-sean-gunning.jpg?_t=1672400351","type":"image\/jpeg"}],"twitter_card":"summary_large_image","schema":{"@context":"https:\/\/schema.org","@graph":[{"@type":"WebPage","@id":"https:\/\/millerdivision.com\/es\/shop\/surfskates-es\/miller-division-es-2\/soul-coral\/","url":"https:\/\/millerdivision.com\/es\/shop\/surfskates-es\/miller-division-es-2\/soul-coral\/","name":"31,5\" X 9,7\" SOUL CORAL - Miller Division","isPartOf":{"@id":"https:\/\/millerdivision.com\/es\/#website"},"primaryImageOfPage":{"@id":"https:\/\/millerdivision.com\/es\/shop\/surfskates-es\/miller-division-es-2\/soul-coral\/#primaryimage"},"image":{"@id":"https:\/\/millerdivision.com\/es\/shop\/surfskates-es\/miller-division-es-2\/soul-coral\/#primaryimage"},"thumbnailUrl":"https:\/\/millerdivision.com\/wp-content\/uploads\/2019\/08\/p-7-2-6-726-sean-gunning.jpg","datePublished":"2019-08-27T14:36:27+00:00","dateModified":"2024-02-06T17:48:54+00:00","breadcrumb":{"@id":"https:\/\/millerdivision.com\/es\/shop\/surfskates-es\/miller-division-es-2\/soul-coral\/#breadcrumb"},"inLanguage":"es","potentialAction":[{"@type":"ReadAction","target":["https:\/\/millerdivision.com\/es\/shop\/surfskates-es\/miller-division-es-2\/soul-coral\/"]}]},{"@type":"ImageObject","inLanguage":"es","@id":"https:\/\/millerdivision.com\/es\/shop\/surfskates-es\/miller-division-es-2\/soul-coral\/#primaryimage","url":"https:\/\/millerdivision.com\/wp-content\/uploads\/2019\/08\/p-7-2-6-726-sean-gunning.jpg","contentUrl":"https:\/\/millerdivision.com\/wp-content\/uploads\/2019\/08\/p-7-2-6-726-sean-gunning.jpg","width":1000,"height":1000},{"@type":"BreadcrumbList","@id":"https:\/\/millerdivision.com\/es\/shop\/surfskates-es\/miller-division-es-2\/soul-coral\/#breadcrumb","itemListElement":[{"@type":"ListItem","position":1,"name":"Home","item":"https:\/\/millerdivision.com\/es\/"},{"@type":"ListItem","position":2,"name":"Tienda","item":"https:\/\/millerdivision.com\/es\/tienda\/"},{"@type":"ListItem","position":3,"name":"31,5&#8243; X 9,7&#8243; SOUL CORAL"}]},{"@type":"WebSite","@id":"https:\/\/millerdivision.com\/es\/#website","url":"https:\/\/millerdivision.com\/es\/","name":"Miller Division","description":"Miller Skateboards | Shop now, ride forever","potentialAction":[{"@type":"SearchAction","target":{"@type":"EntryPoint","urlTemplate":"https:\/\/millerdivision.com\/es\/?s={search_term_string}"},"query-input":{"@type":"PropertyValueSpecification","valueRequired":true,"valueName":"search_term_string"}}],"inLanguage":"es"}]}},"_links":{"self":[{"href":"https:\/\/millerdivision.com\/es\/wp-json\/wp\/v2\/product\/25847","targetHints":{"allow":["GET"]}}],"collection":[{"href":"https:\/\/millerdivision.com\/es\/wp-json\/wp\/v2\/product"}],"about":[{"href":"https:\/\/millerdivision.com\/es\/wp-json\/wp\/v2\/types\/product"}],"replies":[{"embeddable":true,"href":"https:\/\/millerdivision.com\/es\/wp-json\/wp\/v2\/comments?post=25847"}],"wp:featuredmedia":[{"embeddable":true,"href":"https:\/\/millerdivision.com\/es\/wp-json\/wp\/v2\/media\/25848"}],"wp:attachment":[{"href":"https:\/\/millerdivision.com\/es\/wp-json\/wp\/v2\/media?parent=25847"}],"wp:term":[{"taxonomy":"product_cat","embeddable":true,"href":"https:\/\/millerdivision.com\/es\/wp-json\/wp\/v2\/product_cat?post=25847"},{"taxonomy":"product_tag","embeddable":true,"href":"https:\/\/millerdivision.com\/es\/wp-json\/wp\/v2\/product_tag?post=25847"}],"curies":[{"name":"wp","href":"https:\/\/api.w.org\/{rel}","templated":true}]}}