{"id":25832,"date":"2019-08-27T16:53:47","date_gmt":"2019-08-27T14:53:47","guid":{"rendered":"http:\/\/millerdivision.com\/shop\/sin%20categor\u00eda\/loop\/"},"modified":"2025-05-03T12:39:30","modified_gmt":"2025-05-03T10:39:30","slug":"loop","status":"publish","type":"product","link":"https:\/\/millerdivision.com\/es\/shop\/cruisers-es\/loop\/","title":{"rendered":"27.5&#8243; x 8.2&#8243; LOOP"},"content":{"rendered":"<p>\u00a1No querr\u00e1s dejarlo escapar! 27.5 pulgadas de largo para tener justo lo que necesitas y 8.2 pulgadas de ancho para que tu pie est\u00e9 lo m\u00e1s c\u00f3modo posible. Tus problemas de espacio y estabilidad ya no ser\u00e1n un problema. \u00a1Maniobrable y estable! Qu\u00e9 m\u00e1s se puede pedir a un cruiser? M\u00e9telo al maletero, vete a la playa y entre ba\u00f1o y ba\u00f1o \u00a1Desliza!<\/p>\n<table style=\"width: 398px;\" summary=\"Caracter\u00edsticas del Modelo The Camps\" cellspacing=\"0\" cellpadding=\"0\">\n<tbody>\n<tr>\n<th style=\"width: 133px;\">Largo<\/th>\n<td style=\"width: 265px;\">27.5\u00bb<\/td>\n<\/tr>\n<tr>\n<th style=\"width: 133px;\">Ancho<\/th>\n<td style=\"width: 265px;\">8.2&#8243;<\/td>\n<\/tr>\n<tr>\n<th style=\"width: 133px;\">Madera<\/th>\n<td style=\"width: 265px;\">7 x plies 100% canadian maple<\/td>\n<\/tr>\n<tr>\n<th style=\"width: 133px;\">De eje a eje<\/th>\n<td style=\"width: 265px;\">14.2&#8243;<\/td>\n<\/tr>\n<tr>\n<th style=\"width: 133px;\">Ejes<\/th>\n<td style=\"width: 265px;\">High Quality Steel 5&#8243;<\/td>\n<\/tr>\n<tr>\n<th style=\"width: 133px;\">Torniller\u00eda<\/th>\n<td style=\"width: 265px;\">Allen<\/td>\n<\/tr>\n<tr>\n<th style=\"width: 133px;\">Rodamientos<\/th>\n<td style=\"width: 265px;\">Abec 7 Chrome steel<\/td>\n<\/tr>\n<tr>\n<th style=\"width: 133px;\">Ruedas<\/th>\n<td style=\"width: 265px;\">Creek 60 mm \/ 80 a<\/td>\n<\/tr>\n<tr>\n<th style=\"width: 133px;\">Lija<\/th>\n<td style=\"width: 265px;\">High Performance<\/td>\n<\/tr>\n<\/tbody>\n<\/table>\n<p>&nbsp;<\/p>\n","protected":false},"excerpt":{"rendered":"<h3>\u00a1No querr\u00e1s dejarlo escapar! 27.5 pulgadas de largo para tener justo lo que necesitas y 8.2 pulgadas de ancho para que tu pie est\u00e9 lo m\u00e1s c\u00f3modo posible. Tus problemas de espacio y estabilidad ya no ser\u00e1n un problema. \u00a1Maniobrable y estable! Qu\u00e9 m\u00e1s se puede pedir a un cruiser? M\u00e9telo al maletero, vete a la playa y entre ba\u00f1o y ba\u00f1o \u00a1Desliza!<\/h3>\n","protected":false},"featured_media":25833,"comment_status":"closed","ping_status":"closed","template":"","meta":[],"product_cat":[122],"product_tag":[],"class_list":["post-25832","product","type-product","status-publish","has-post-thumbnail","hentry","product_cat-cruisers-es"],"acf":[],"yoast_head":"<!-- This site is optimized with the Yoast SEO plugin v27.1.1 - https:\/\/yoast.com\/product\/yoast-seo-wordpress\/ -->\n<title>27.5&quot; x 8.2&quot; LOOP - Miller Division<\/title>\n<meta name=\"robots\" content=\"index, follow, max-snippet:-1, max-image-preview:large, max-video-preview:-1\" \/>\n<link rel=\"canonical\" href=\"https:\/\/millerdivision.com\/es\/shop\/cruisers-es\/loop\/\" \/>\n<meta property=\"og:locale\" content=\"es_ES\" \/>\n<meta property=\"og:type\" content=\"article\" \/>\n<meta property=\"og:title\" content=\"27.5&quot; x 8.2&quot; LOOP - Miller Division\" \/>\n<meta property=\"og:description\" content=\"\u00a1No querr\u00e1s dejarlo escapar! 27.5 pulgadas de largo para tener justo lo que necesitas y 8.2 pulgadas de ancho para que tu pie est\u00e9 lo m\u00e1s c\u00f3modo posible. Tus problemas de espacio y estabilidad ya no ser\u00e1n un problema. \u00a1Maniobrable y estable! Qu\u00e9 m\u00e1s se puede pedir a un cruiser? M\u00e9telo al maletero, vete a la playa y entre ba\u00f1o y ba\u00f1o \u00a1Desliza!\" \/>\n<meta property=\"og:url\" content=\"https:\/\/millerdivision.com\/es\/shop\/cruisers-es\/loop\/\" \/>\n<meta property=\"og:site_name\" content=\"Miller Division\" \/>\n<meta property=\"article:modified_time\" content=\"2025-05-03T10:39:30+00:00\" \/>\n<meta property=\"og:image\" content=\"https:\/\/millerdivision.com\/wp-content\/uploads\/2019\/08\/p-7-3-6-736-sunrise.jpg?_t=1672400350\" \/>\n\t<meta property=\"og:image:width\" content=\"1000\" \/>\n\t<meta property=\"og:image:height\" content=\"1000\" \/>\n\t<meta property=\"og:image:type\" content=\"image\/jpeg\" \/>\n<meta name=\"twitter:card\" content=\"summary_large_image\" \/>\n<meta name=\"twitter:label1\" content=\"Tiempo de lectura\" \/>\n\t<meta name=\"twitter:data1\" content=\"1 minuto\" \/>\n<script type=\"application\/ld+json\" class=\"yoast-schema-graph\">{\"@context\":\"https:\/\/schema.org\",\"@graph\":[{\"@type\":\"WebPage\",\"@id\":\"https:\/\/millerdivision.com\/es\/shop\/cruisers-es\/loop\/\",\"url\":\"https:\/\/millerdivision.com\/es\/shop\/cruisers-es\/loop\/\",\"name\":\"27.5\\\" x 8.2\\\" LOOP - Miller Division\",\"isPartOf\":{\"@id\":\"https:\/\/millerdivision.com\/es\/#website\"},\"primaryImageOfPage\":{\"@id\":\"https:\/\/millerdivision.com\/es\/shop\/cruisers-es\/loop\/#primaryimage\"},\"image\":{\"@id\":\"https:\/\/millerdivision.com\/es\/shop\/cruisers-es\/loop\/#primaryimage\"},\"thumbnailUrl\":\"https:\/\/millerdivision.com\/wp-content\/uploads\/2019\/08\/p-7-3-6-736-sunrise.jpg\",\"datePublished\":\"2019-08-27T14:53:47+00:00\",\"dateModified\":\"2025-05-03T10:39:30+00:00\",\"breadcrumb\":{\"@id\":\"https:\/\/millerdivision.com\/es\/shop\/cruisers-es\/loop\/#breadcrumb\"},\"inLanguage\":\"es\",\"potentialAction\":[{\"@type\":\"ReadAction\",\"target\":[\"https:\/\/millerdivision.com\/es\/shop\/cruisers-es\/loop\/\"]}]},{\"@type\":\"ImageObject\",\"inLanguage\":\"es\",\"@id\":\"https:\/\/millerdivision.com\/es\/shop\/cruisers-es\/loop\/#primaryimage\",\"url\":\"https:\/\/millerdivision.com\/wp-content\/uploads\/2019\/08\/p-7-3-6-736-sunrise.jpg\",\"contentUrl\":\"https:\/\/millerdivision.com\/wp-content\/uploads\/2019\/08\/p-7-3-6-736-sunrise.jpg\",\"width\":1000,\"height\":1000},{\"@type\":\"BreadcrumbList\",\"@id\":\"https:\/\/millerdivision.com\/es\/shop\/cruisers-es\/loop\/#breadcrumb\",\"itemListElement\":[{\"@type\":\"ListItem\",\"position\":1,\"name\":\"Home\",\"item\":\"https:\/\/millerdivision.com\/es\/\"},{\"@type\":\"ListItem\",\"position\":2,\"name\":\"Tienda\",\"item\":\"https:\/\/millerdivision.com\/es\/tienda\/\"},{\"@type\":\"ListItem\",\"position\":3,\"name\":\"27.5&#8243; x 8.2&#8243; LOOP\"}]},{\"@type\":\"WebSite\",\"@id\":\"https:\/\/millerdivision.com\/es\/#website\",\"url\":\"https:\/\/millerdivision.com\/es\/\",\"name\":\"Miller Division\",\"description\":\"Miller Skateboards | Shop now, ride forever\",\"potentialAction\":[{\"@type\":\"SearchAction\",\"target\":{\"@type\":\"EntryPoint\",\"urlTemplate\":\"https:\/\/millerdivision.com\/es\/?s={search_term_string}\"},\"query-input\":{\"@type\":\"PropertyValueSpecification\",\"valueRequired\":true,\"valueName\":\"search_term_string\"}}],\"inLanguage\":\"es\"}]}<\/script>\n<!-- \/ Yoast SEO plugin. -->","yoast_head_json":{"title":"27.5\" x 8.2\" LOOP - Miller Division","robots":{"index":"index","follow":"follow","max-snippet":"max-snippet:-1","max-image-preview":"max-image-preview:large","max-video-preview":"max-video-preview:-1"},"canonical":"https:\/\/millerdivision.com\/es\/shop\/cruisers-es\/loop\/","og_locale":"es_ES","og_type":"article","og_title":"27.5\" x 8.2\" LOOP - Miller Division","og_description":"\u00a1No querr\u00e1s dejarlo escapar! 27.5 pulgadas de largo para tener justo lo que necesitas y 8.2 pulgadas de ancho para que tu pie est\u00e9 lo m\u00e1s c\u00f3modo posible. Tus problemas de espacio y estabilidad ya no ser\u00e1n un problema. \u00a1Maniobrable y estable! Qu\u00e9 m\u00e1s se puede pedir a un cruiser? M\u00e9telo al maletero, vete a la playa y entre ba\u00f1o y ba\u00f1o \u00a1Desliza!","og_url":"https:\/\/millerdivision.com\/es\/shop\/cruisers-es\/loop\/","og_site_name":"Miller Division","article_modified_time":"2025-05-03T10:39:30+00:00","og_image":[{"width":1000,"height":1000,"url":"https:\/\/millerdivision.com\/wp-content\/uploads\/2019\/08\/p-7-3-6-736-sunrise.jpg?_t=1672400350","type":"image\/jpeg"}],"twitter_card":"summary_large_image","twitter_misc":{"Tiempo de lectura":"1 minuto"},"schema":{"@context":"https:\/\/schema.org","@graph":[{"@type":"WebPage","@id":"https:\/\/millerdivision.com\/es\/shop\/cruisers-es\/loop\/","url":"https:\/\/millerdivision.com\/es\/shop\/cruisers-es\/loop\/","name":"27.5\" x 8.2\" LOOP - Miller Division","isPartOf":{"@id":"https:\/\/millerdivision.com\/es\/#website"},"primaryImageOfPage":{"@id":"https:\/\/millerdivision.com\/es\/shop\/cruisers-es\/loop\/#primaryimage"},"image":{"@id":"https:\/\/millerdivision.com\/es\/shop\/cruisers-es\/loop\/#primaryimage"},"thumbnailUrl":"https:\/\/millerdivision.com\/wp-content\/uploads\/2019\/08\/p-7-3-6-736-sunrise.jpg","datePublished":"2019-08-27T14:53:47+00:00","dateModified":"2025-05-03T10:39:30+00:00","breadcrumb":{"@id":"https:\/\/millerdivision.com\/es\/shop\/cruisers-es\/loop\/#breadcrumb"},"inLanguage":"es","potentialAction":[{"@type":"ReadAction","target":["https:\/\/millerdivision.com\/es\/shop\/cruisers-es\/loop\/"]}]},{"@type":"ImageObject","inLanguage":"es","@id":"https:\/\/millerdivision.com\/es\/shop\/cruisers-es\/loop\/#primaryimage","url":"https:\/\/millerdivision.com\/wp-content\/uploads\/2019\/08\/p-7-3-6-736-sunrise.jpg","contentUrl":"https:\/\/millerdivision.com\/wp-content\/uploads\/2019\/08\/p-7-3-6-736-sunrise.jpg","width":1000,"height":1000},{"@type":"BreadcrumbList","@id":"https:\/\/millerdivision.com\/es\/shop\/cruisers-es\/loop\/#breadcrumb","itemListElement":[{"@type":"ListItem","position":1,"name":"Home","item":"https:\/\/millerdivision.com\/es\/"},{"@type":"ListItem","position":2,"name":"Tienda","item":"https:\/\/millerdivision.com\/es\/tienda\/"},{"@type":"ListItem","position":3,"name":"27.5&#8243; x 8.2&#8243; LOOP"}]},{"@type":"WebSite","@id":"https:\/\/millerdivision.com\/es\/#website","url":"https:\/\/millerdivision.com\/es\/","name":"Miller Division","description":"Miller Skateboards | Shop now, ride forever","potentialAction":[{"@type":"SearchAction","target":{"@type":"EntryPoint","urlTemplate":"https:\/\/millerdivision.com\/es\/?s={search_term_string}"},"query-input":{"@type":"PropertyValueSpecification","valueRequired":true,"valueName":"search_term_string"}}],"inLanguage":"es"}]}},"_links":{"self":[{"href":"https:\/\/millerdivision.com\/es\/wp-json\/wp\/v2\/product\/25832","targetHints":{"allow":["GET"]}}],"collection":[{"href":"https:\/\/millerdivision.com\/es\/wp-json\/wp\/v2\/product"}],"about":[{"href":"https:\/\/millerdivision.com\/es\/wp-json\/wp\/v2\/types\/product"}],"replies":[{"embeddable":true,"href":"https:\/\/millerdivision.com\/es\/wp-json\/wp\/v2\/comments?post=25832"}],"wp:featuredmedia":[{"embeddable":true,"href":"https:\/\/millerdivision.com\/es\/wp-json\/wp\/v2\/media\/25833"}],"wp:attachment":[{"href":"https:\/\/millerdivision.com\/es\/wp-json\/wp\/v2\/media?parent=25832"}],"wp:term":[{"taxonomy":"product_cat","embeddable":true,"href":"https:\/\/millerdivision.com\/es\/wp-json\/wp\/v2\/product_cat?post=25832"},{"taxonomy":"product_tag","embeddable":true,"href":"https:\/\/millerdivision.com\/es\/wp-json\/wp\/v2\/product_tag?post=25832"}],"curies":[{"name":"wp","href":"https:\/\/api.w.org\/{rel}","templated":true}]}}