{"id":25751,"date":"2020-08-05T15:04:18","date_gmt":"2020-08-05T13:04:18","guid":{"rendered":"http:\/\/millerdivision.com\/shop\/sin%20categor\u00eda\/t-tool-green\/"},"modified":"2022-03-06T22:49:01","modified_gmt":"2022-03-06T21:49:01","slug":"t-tool-green","status":"publish","type":"product","link":"https:\/\/millerdivision.com\/es\/shop\/herramientas\/t-tool-green\/","title":{"rendered":"T-TOOL GREEN"},"content":{"rendered":"<p>Una herramienta de skate multifunci\u00f3n 5 en 1 fabricada en una construcci\u00f3n de pl\u00e1stico resistente con todo lo que puedas necesitar para montar tu skate.<\/p>\n<ul>\n<li>9\/16\u201d Ejes (14 mm)<\/li>\n<li>\u201c Ruedas (13mm)<\/li>\n<li>3\/8\u201d Torniller\u00eda (10 mm)<\/li>\n<li>Phillips and Allen key<\/li>\n<\/ul>\n","protected":false},"excerpt":{"rendered":"<p>Una herramienta de skate multifunci\u00f3n 5 en 1 fabricada en una construcci\u00f3n de pl\u00e1stico resistente con todo lo que puedas necesitar para montar tu skate.<\/p>\n<p><\/p>\n","protected":false},"featured_media":25714,"comment_status":"closed","ping_status":"closed","template":"","meta":[],"product_cat":[129],"product_tag":[],"class_list":["post-25751","product","type-product","status-publish","has-post-thumbnail","hentry","product_cat-herramientas"],"acf":[],"yoast_head":"<!-- This site is optimized with the Yoast SEO plugin v27.1.1 - https:\/\/yoast.com\/product\/yoast-seo-wordpress\/ -->\n<title>T-TOOL GREEN - Miller Division<\/title>\n<meta name=\"robots\" content=\"index, follow, max-snippet:-1, max-image-preview:large, max-video-preview:-1\" \/>\n<link rel=\"canonical\" href=\"https:\/\/millerdivision.com\/es\/shop\/herramientas\/t-tool-green\/\" \/>\n<meta property=\"og:locale\" content=\"es_ES\" \/>\n<meta property=\"og:type\" content=\"article\" \/>\n<meta property=\"og:title\" content=\"T-TOOL GREEN - Miller Division\" \/>\n<meta property=\"og:description\" content=\"Una herramienta de skate multifunci\u00f3n 5 en 1 fabricada en una construcci\u00f3n de pl\u00e1stico resistente con todo lo que puedas necesitar para montar tu skate.\" \/>\n<meta property=\"og:url\" content=\"https:\/\/millerdivision.com\/es\/shop\/herramientas\/t-tool-green\/\" \/>\n<meta property=\"og:site_name\" content=\"Miller Division\" \/>\n<meta property=\"article:modified_time\" content=\"2022-03-06T21:49:01+00:00\" \/>\n<meta property=\"og:image\" content=\"https:\/\/millerdivision.com\/wp-content\/uploads\/2016\/11\/7-t-tool.jpg\" \/>\n\t<meta property=\"og:image:width\" content=\"802\" \/>\n\t<meta property=\"og:image:height\" content=\"802\" \/>\n\t<meta property=\"og:image:type\" content=\"image\/jpeg\" \/>\n<meta name=\"twitter:card\" content=\"summary_large_image\" \/>\n<script type=\"application\/ld+json\" class=\"yoast-schema-graph\">{\"@context\":\"https:\/\/schema.org\",\"@graph\":[{\"@type\":\"WebPage\",\"@id\":\"https:\/\/millerdivision.com\/es\/shop\/herramientas\/t-tool-green\/\",\"url\":\"https:\/\/millerdivision.com\/es\/shop\/herramientas\/t-tool-green\/\",\"name\":\"T-TOOL GREEN - Miller Division\",\"isPartOf\":{\"@id\":\"https:\/\/millerdivision.com\/es\/#website\"},\"primaryImageOfPage\":{\"@id\":\"https:\/\/millerdivision.com\/es\/shop\/herramientas\/t-tool-green\/#primaryimage\"},\"image\":{\"@id\":\"https:\/\/millerdivision.com\/es\/shop\/herramientas\/t-tool-green\/#primaryimage\"},\"thumbnailUrl\":\"https:\/\/millerdivision.com\/wp-content\/uploads\/2016\/11\/7-t-tool.jpg\",\"datePublished\":\"2020-08-05T13:04:18+00:00\",\"dateModified\":\"2022-03-06T21:49:01+00:00\",\"breadcrumb\":{\"@id\":\"https:\/\/millerdivision.com\/es\/shop\/herramientas\/t-tool-green\/#breadcrumb\"},\"inLanguage\":\"es\",\"potentialAction\":[{\"@type\":\"ReadAction\",\"target\":[\"https:\/\/millerdivision.com\/es\/shop\/herramientas\/t-tool-green\/\"]}]},{\"@type\":\"ImageObject\",\"inLanguage\":\"es\",\"@id\":\"https:\/\/millerdivision.com\/es\/shop\/herramientas\/t-tool-green\/#primaryimage\",\"url\":\"https:\/\/millerdivision.com\/wp-content\/uploads\/2016\/11\/7-t-tool.jpg\",\"contentUrl\":\"https:\/\/millerdivision.com\/wp-content\/uploads\/2016\/11\/7-t-tool.jpg\",\"width\":802,\"height\":802},{\"@type\":\"BreadcrumbList\",\"@id\":\"https:\/\/millerdivision.com\/es\/shop\/herramientas\/t-tool-green\/#breadcrumb\",\"itemListElement\":[{\"@type\":\"ListItem\",\"position\":1,\"name\":\"Home\",\"item\":\"https:\/\/millerdivision.com\/es\/\"},{\"@type\":\"ListItem\",\"position\":2,\"name\":\"Tienda\",\"item\":\"https:\/\/millerdivision.com\/es\/tienda\/\"},{\"@type\":\"ListItem\",\"position\":3,\"name\":\"T-TOOL GREEN\"}]},{\"@type\":\"WebSite\",\"@id\":\"https:\/\/millerdivision.com\/es\/#website\",\"url\":\"https:\/\/millerdivision.com\/es\/\",\"name\":\"Miller Division\",\"description\":\"Miller Skateboards | Shop now, ride forever\",\"potentialAction\":[{\"@type\":\"SearchAction\",\"target\":{\"@type\":\"EntryPoint\",\"urlTemplate\":\"https:\/\/millerdivision.com\/es\/?s={search_term_string}\"},\"query-input\":{\"@type\":\"PropertyValueSpecification\",\"valueRequired\":true,\"valueName\":\"search_term_string\"}}],\"inLanguage\":\"es\"}]}<\/script>\n<!-- \/ Yoast SEO plugin. -->","yoast_head_json":{"title":"T-TOOL GREEN - Miller Division","robots":{"index":"index","follow":"follow","max-snippet":"max-snippet:-1","max-image-preview":"max-image-preview:large","max-video-preview":"max-video-preview:-1"},"canonical":"https:\/\/millerdivision.com\/es\/shop\/herramientas\/t-tool-green\/","og_locale":"es_ES","og_type":"article","og_title":"T-TOOL GREEN - Miller Division","og_description":"Una herramienta de skate multifunci\u00f3n 5 en 1 fabricada en una construcci\u00f3n de pl\u00e1stico resistente con todo lo que puedas necesitar para montar tu skate.","og_url":"https:\/\/millerdivision.com\/es\/shop\/herramientas\/t-tool-green\/","og_site_name":"Miller Division","article_modified_time":"2022-03-06T21:49:01+00:00","og_image":[{"width":802,"height":802,"url":"https:\/\/millerdivision.com\/wp-content\/uploads\/2016\/11\/7-t-tool.jpg","type":"image\/jpeg"}],"twitter_card":"summary_large_image","schema":{"@context":"https:\/\/schema.org","@graph":[{"@type":"WebPage","@id":"https:\/\/millerdivision.com\/es\/shop\/herramientas\/t-tool-green\/","url":"https:\/\/millerdivision.com\/es\/shop\/herramientas\/t-tool-green\/","name":"T-TOOL GREEN - Miller Division","isPartOf":{"@id":"https:\/\/millerdivision.com\/es\/#website"},"primaryImageOfPage":{"@id":"https:\/\/millerdivision.com\/es\/shop\/herramientas\/t-tool-green\/#primaryimage"},"image":{"@id":"https:\/\/millerdivision.com\/es\/shop\/herramientas\/t-tool-green\/#primaryimage"},"thumbnailUrl":"https:\/\/millerdivision.com\/wp-content\/uploads\/2016\/11\/7-t-tool.jpg","datePublished":"2020-08-05T13:04:18+00:00","dateModified":"2022-03-06T21:49:01+00:00","breadcrumb":{"@id":"https:\/\/millerdivision.com\/es\/shop\/herramientas\/t-tool-green\/#breadcrumb"},"inLanguage":"es","potentialAction":[{"@type":"ReadAction","target":["https:\/\/millerdivision.com\/es\/shop\/herramientas\/t-tool-green\/"]}]},{"@type":"ImageObject","inLanguage":"es","@id":"https:\/\/millerdivision.com\/es\/shop\/herramientas\/t-tool-green\/#primaryimage","url":"https:\/\/millerdivision.com\/wp-content\/uploads\/2016\/11\/7-t-tool.jpg","contentUrl":"https:\/\/millerdivision.com\/wp-content\/uploads\/2016\/11\/7-t-tool.jpg","width":802,"height":802},{"@type":"BreadcrumbList","@id":"https:\/\/millerdivision.com\/es\/shop\/herramientas\/t-tool-green\/#breadcrumb","itemListElement":[{"@type":"ListItem","position":1,"name":"Home","item":"https:\/\/millerdivision.com\/es\/"},{"@type":"ListItem","position":2,"name":"Tienda","item":"https:\/\/millerdivision.com\/es\/tienda\/"},{"@type":"ListItem","position":3,"name":"T-TOOL GREEN"}]},{"@type":"WebSite","@id":"https:\/\/millerdivision.com\/es\/#website","url":"https:\/\/millerdivision.com\/es\/","name":"Miller Division","description":"Miller Skateboards | Shop now, ride forever","potentialAction":[{"@type":"SearchAction","target":{"@type":"EntryPoint","urlTemplate":"https:\/\/millerdivision.com\/es\/?s={search_term_string}"},"query-input":{"@type":"PropertyValueSpecification","valueRequired":true,"valueName":"search_term_string"}}],"inLanguage":"es"}]}},"_links":{"self":[{"href":"https:\/\/millerdivision.com\/es\/wp-json\/wp\/v2\/product\/25751","targetHints":{"allow":["GET"]}}],"collection":[{"href":"https:\/\/millerdivision.com\/es\/wp-json\/wp\/v2\/product"}],"about":[{"href":"https:\/\/millerdivision.com\/es\/wp-json\/wp\/v2\/types\/product"}],"replies":[{"embeddable":true,"href":"https:\/\/millerdivision.com\/es\/wp-json\/wp\/v2\/comments?post=25751"}],"wp:featuredmedia":[{"embeddable":true,"href":"https:\/\/millerdivision.com\/es\/wp-json\/wp\/v2\/media\/25714"}],"wp:attachment":[{"href":"https:\/\/millerdivision.com\/es\/wp-json\/wp\/v2\/media?parent=25751"}],"wp:term":[{"taxonomy":"product_cat","embeddable":true,"href":"https:\/\/millerdivision.com\/es\/wp-json\/wp\/v2\/product_cat?post=25751"},{"taxonomy":"product_tag","embeddable":true,"href":"https:\/\/millerdivision.com\/es\/wp-json\/wp\/v2\/product_tag?post=25751"}],"curies":[{"name":"wp","href":"https:\/\/api.w.org\/{rel}","templated":true}]}}