{"id":26343,"date":"2020-08-25T22:04:20","date_gmt":"2020-08-25T20:04:20","guid":{"rendered":"http:\/\/millerdivision.com\/become-a-distributor\/"},"modified":"2021-04-30T16:08:56","modified_gmt":"2021-04-30T14:08:56","slug":"conviertete-en-distribuidor","status":"publish","type":"page","link":"https:\/\/millerdivision.com\/es\/conviertete-en-distribuidor\/","title":{"rendered":"Convi\u00e9rtete en Distribuidor"},"content":{"rendered":"<div class=\"fusion-fullwidth fullwidth-box fusion-builder-row-1 fusion-flex-container nonhundred-percent-fullwidth non-hundred-percent-height-scrolling\" style=\"background-color: rgba(255,255,255,0);background-position: center center;background-repeat: no-repeat;border-width: 0px 0px 0px 0px;border-color:#eae9e9;border-style:solid;\" ><div class=\"fusion-builder-row fusion-row fusion-flex-align-items-flex-start\" style=\"max-width:1248px;margin-left: calc(-4% \/ 2 );margin-right: calc(-4% \/ 2 );\"><div class=\"fusion-layout-column fusion_builder_column fusion-builder-column-0 fusion_builder_column_1_1 1_1 fusion-flex-column\"><div class=\"fusion-column-wrapper fusion-flex-justify-content-flex-start fusion-content-layout-column\" style=\"background-position:left top;background-repeat:no-repeat;-webkit-background-size:cover;-moz-background-size:cover;-o-background-size:cover;background-size:cover;padding: 0px 0px 0px 0px;\"><style type=\"text\/css\">@media only screen and (max-width:1024px) {.fusion-title.fusion-title-1{margin-top:0px!important; margin-right:0px!important;margin-bottom:31px!important;margin-left:0px!important;}}@media only screen and (max-width:640px) {.fusion-title.fusion-title-1{margin-top:0px!important; margin-right:0px!important;margin-bottom:20px!important; margin-left:0px!important;}}<\/style><div class=\"fusion-title title fusion-title-1 fusion-sep-none fusion-title-text fusion-title-size-two tituloH2Apartado\" style=\"margin-top:0px;margin-right:0px;margin-bottom:31px;margin-left:0px;\"><h2 class=\"title-heading-left\" style=\"margin:0;\">JOIN THE MILLER FAMILY<\/h2><\/div><div class=\"fusion-text fusion-text-1 textoEditor\"><p>Gracias por tu inter\u00e9s en nuestra familia, donde diariamente vivimos con pasi\u00f3n la experiencia del skate, y trabajamos para que puedas disfrutarla de la misma manera que nosotros.<\/p>\n<p>Para nosotros, el conjunto de distribuidores MILLER juega un papel muy importante en nuestra casa, no s\u00f3lo por ser los m\u00e1ximos representantes de nuestros valores de marca, sino por la dedicaci\u00f3n personal y en espacio de tienda que van a hacer para nuestros productos.<\/p>\n<p>Si quieres unirte a nuestro equipo, escr\u00edbenos a <a href=\"mailto:info@millerdivision.com\">info@millerdivision.com<\/a> y cu\u00e9ntanos m\u00e1s sobre ti.<\/p>\n<p><a href=\"https:\/\/millerdivision.com\/wp-content\/uploads\/2021\/04\/miller2.jpg\"><img decoding=\"async\" class=\" wp-image-27421 aligncenter\" src=\"https:\/\/millerdivision.com\/wp-content\/uploads\/2021\/04\/miller2-300x200.jpg\" alt=\"\" width=\"770\" height=\"513\" srcset=\"https:\/\/millerdivision.com\/wp-content\/uploads\/2021\/04\/miller2-200x133.jpg 200w, https:\/\/millerdivision.com\/wp-content\/uploads\/2021\/04\/miller2-300x200.jpg 300w, https:\/\/millerdivision.com\/wp-content\/uploads\/2021\/04\/miller2-400x267.jpg 400w, https:\/\/millerdivision.com\/wp-content\/uploads\/2021\/04\/miller2-600x400.jpg 600w, https:\/\/millerdivision.com\/wp-content\/uploads\/2021\/04\/miller2-768x512.jpg 768w, https:\/\/millerdivision.com\/wp-content\/uploads\/2021\/04\/miller2-800x533.jpg 800w, https:\/\/millerdivision.com\/wp-content\/uploads\/2021\/04\/miller2-1024x682.jpg 1024w, https:\/\/millerdivision.com\/wp-content\/uploads\/2021\/04\/miller2-1200x800.jpg 1200w, https:\/\/millerdivision.com\/wp-content\/uploads\/2021\/04\/miller2-1536x1024.jpg 1536w\" sizes=\"(max-width: 770px) 100vw, 770px\" \/><\/a><\/p>\n<\/div><\/div><style type=\"text\/css\">.fusion-body .fusion-builder-column-0{width:100% !important;margin-top : 0px;margin-bottom : 0px;}.fusion-builder-column-0 > .fusion-column-wrapper {padding-top : 0px !important;padding-right : 0px !important;margin-right : 0px;padding-bottom : 0px !important;padding-left : 0px !important;margin-left : 0px;}@media only screen and (max-width:1024px) {.fusion-body .fusion-builder-column-0{width:100% !important;order : 0;}.fusion-builder-column-0 > .fusion-column-wrapper {margin-right : 1.92%;margin-left : 1.92%;}}@media only screen and (max-width:640px) {.fusion-body .fusion-builder-column-0{width:100% !important;order : 0;}.fusion-builder-column-0 > .fusion-column-wrapper {margin-right : 1.92%;margin-left : 1.92%;}}<\/style><\/div><\/div><style type=\"text\/css\">.fusion-body .fusion-flex-container.fusion-builder-row-1{ padding-top : 3.5vw;margin-top : 0px;padding-right : 0px;padding-bottom : 3.5vw;margin-bottom : 0px;padding-left : 0px;}<\/style><\/div>\n","protected":false},"excerpt":{"rendered":"","protected":false},"author":13951,"featured_media":0,"parent":0,"menu_order":0,"comment_status":"closed","ping_status":"closed","template":"100-width.php","meta":{"footnotes":""},"class_list":["post-26343","page","type-page","status-publish","hentry"],"acf":[],"yoast_head":"<!-- This site is optimized with the Yoast SEO plugin v27.1.1 - https:\/\/yoast.com\/product\/yoast-seo-wordpress\/ -->\n<title>Convi\u00e9rtete en Distribuidor - Miller Division<\/title>\n<meta name=\"robots\" content=\"index, follow, max-snippet:-1, max-image-preview:large, max-video-preview:-1\" \/>\n<link rel=\"canonical\" href=\"https:\/\/millerdivision.com\/es\/conviertete-en-distribuidor\/\" \/>\n<meta property=\"og:locale\" content=\"es_ES\" \/>\n<meta property=\"og:type\" content=\"article\" \/>\n<meta property=\"og:title\" content=\"Convi\u00e9rtete en Distribuidor - Miller Division\" \/>\n<meta property=\"og:url\" content=\"https:\/\/millerdivision.com\/es\/conviertete-en-distribuidor\/\" \/>\n<meta property=\"og:site_name\" content=\"Miller Division\" \/>\n<meta property=\"article:modified_time\" content=\"2021-04-30T14:08:56+00:00\" \/>\n<meta property=\"og:image\" content=\"https:\/\/millerdivision.com\/wp-content\/uploads\/2021\/04\/miller2-300x200.jpg\" \/>\n<meta name=\"twitter:card\" content=\"summary_large_image\" \/>\n<meta name=\"twitter:label1\" content=\"Tiempo de lectura\" \/>\n\t<meta name=\"twitter:data1\" content=\"2 minutos\" \/>\n<script type=\"application\/ld+json\" class=\"yoast-schema-graph\">{\"@context\":\"https:\/\/schema.org\",\"@graph\":[{\"@type\":\"WebPage\",\"@id\":\"https:\/\/millerdivision.com\/es\/conviertete-en-distribuidor\/\",\"url\":\"https:\/\/millerdivision.com\/es\/conviertete-en-distribuidor\/\",\"name\":\"Convi\u00e9rtete en Distribuidor - Miller Division\",\"isPartOf\":{\"@id\":\"https:\/\/millerdivision.com\/es\/#website\"},\"primaryImageOfPage\":{\"@id\":\"https:\/\/millerdivision.com\/es\/conviertete-en-distribuidor\/#primaryimage\"},\"image\":{\"@id\":\"https:\/\/millerdivision.com\/es\/conviertete-en-distribuidor\/#primaryimage\"},\"thumbnailUrl\":\"https:\/\/millerdivision.com\/wp-content\/uploads\/2021\/04\/miller2-300x200.jpg\",\"datePublished\":\"2020-08-25T20:04:20+00:00\",\"dateModified\":\"2021-04-30T14:08:56+00:00\",\"breadcrumb\":{\"@id\":\"https:\/\/millerdivision.com\/es\/conviertete-en-distribuidor\/#breadcrumb\"},\"inLanguage\":\"es\",\"potentialAction\":[{\"@type\":\"ReadAction\",\"target\":[\"https:\/\/millerdivision.com\/es\/conviertete-en-distribuidor\/\"]}]},{\"@type\":\"ImageObject\",\"inLanguage\":\"es\",\"@id\":\"https:\/\/millerdivision.com\/es\/conviertete-en-distribuidor\/#primaryimage\",\"url\":\"https:\/\/millerdivision.com\/wp-content\/uploads\/2021\/04\/miller2-300x200.jpg\",\"contentUrl\":\"https:\/\/millerdivision.com\/wp-content\/uploads\/2021\/04\/miller2-300x200.jpg\"},{\"@type\":\"BreadcrumbList\",\"@id\":\"https:\/\/millerdivision.com\/es\/conviertete-en-distribuidor\/#breadcrumb\",\"itemListElement\":[{\"@type\":\"ListItem\",\"position\":1,\"name\":\"Home\",\"item\":\"https:\/\/millerdivision.com\/es\/\"},{\"@type\":\"ListItem\",\"position\":2,\"name\":\"Convi\u00e9rtete en Distribuidor\"}]},{\"@type\":\"WebSite\",\"@id\":\"https:\/\/millerdivision.com\/es\/#website\",\"url\":\"https:\/\/millerdivision.com\/es\/\",\"name\":\"Miller Division\",\"description\":\"Miller Skateboards | Shop now, ride forever\",\"potentialAction\":[{\"@type\":\"SearchAction\",\"target\":{\"@type\":\"EntryPoint\",\"urlTemplate\":\"https:\/\/millerdivision.com\/es\/?s={search_term_string}\"},\"query-input\":{\"@type\":\"PropertyValueSpecification\",\"valueRequired\":true,\"valueName\":\"search_term_string\"}}],\"inLanguage\":\"es\"}]}<\/script>\n<!-- \/ Yoast SEO plugin. -->","yoast_head_json":{"title":"Convi\u00e9rtete en Distribuidor - Miller Division","robots":{"index":"index","follow":"follow","max-snippet":"max-snippet:-1","max-image-preview":"max-image-preview:large","max-video-preview":"max-video-preview:-1"},"canonical":"https:\/\/millerdivision.com\/es\/conviertete-en-distribuidor\/","og_locale":"es_ES","og_type":"article","og_title":"Convi\u00e9rtete en Distribuidor - Miller Division","og_url":"https:\/\/millerdivision.com\/es\/conviertete-en-distribuidor\/","og_site_name":"Miller Division","article_modified_time":"2021-04-30T14:08:56+00:00","og_image":[{"url":"https:\/\/millerdivision.com\/wp-content\/uploads\/2021\/04\/miller2-300x200.jpg","type":"","width":"","height":""}],"twitter_card":"summary_large_image","twitter_misc":{"Tiempo de lectura":"2 minutos"},"schema":{"@context":"https:\/\/schema.org","@graph":[{"@type":"WebPage","@id":"https:\/\/millerdivision.com\/es\/conviertete-en-distribuidor\/","url":"https:\/\/millerdivision.com\/es\/conviertete-en-distribuidor\/","name":"Convi\u00e9rtete en Distribuidor - Miller Division","isPartOf":{"@id":"https:\/\/millerdivision.com\/es\/#website"},"primaryImageOfPage":{"@id":"https:\/\/millerdivision.com\/es\/conviertete-en-distribuidor\/#primaryimage"},"image":{"@id":"https:\/\/millerdivision.com\/es\/conviertete-en-distribuidor\/#primaryimage"},"thumbnailUrl":"https:\/\/millerdivision.com\/wp-content\/uploads\/2021\/04\/miller2-300x200.jpg","datePublished":"2020-08-25T20:04:20+00:00","dateModified":"2021-04-30T14:08:56+00:00","breadcrumb":{"@id":"https:\/\/millerdivision.com\/es\/conviertete-en-distribuidor\/#breadcrumb"},"inLanguage":"es","potentialAction":[{"@type":"ReadAction","target":["https:\/\/millerdivision.com\/es\/conviertete-en-distribuidor\/"]}]},{"@type":"ImageObject","inLanguage":"es","@id":"https:\/\/millerdivision.com\/es\/conviertete-en-distribuidor\/#primaryimage","url":"https:\/\/millerdivision.com\/wp-content\/uploads\/2021\/04\/miller2-300x200.jpg","contentUrl":"https:\/\/millerdivision.com\/wp-content\/uploads\/2021\/04\/miller2-300x200.jpg"},{"@type":"BreadcrumbList","@id":"https:\/\/millerdivision.com\/es\/conviertete-en-distribuidor\/#breadcrumb","itemListElement":[{"@type":"ListItem","position":1,"name":"Home","item":"https:\/\/millerdivision.com\/es\/"},{"@type":"ListItem","position":2,"name":"Convi\u00e9rtete en Distribuidor"}]},{"@type":"WebSite","@id":"https:\/\/millerdivision.com\/es\/#website","url":"https:\/\/millerdivision.com\/es\/","name":"Miller Division","description":"Miller Skateboards | Shop now, ride forever","potentialAction":[{"@type":"SearchAction","target":{"@type":"EntryPoint","urlTemplate":"https:\/\/millerdivision.com\/es\/?s={search_term_string}"},"query-input":{"@type":"PropertyValueSpecification","valueRequired":true,"valueName":"search_term_string"}}],"inLanguage":"es"}]}},"_links":{"self":[{"href":"https:\/\/millerdivision.com\/es\/wp-json\/wp\/v2\/pages\/26343","targetHints":{"allow":["GET"]}}],"collection":[{"href":"https:\/\/millerdivision.com\/es\/wp-json\/wp\/v2\/pages"}],"about":[{"href":"https:\/\/millerdivision.com\/es\/wp-json\/wp\/v2\/types\/page"}],"author":[{"embeddable":true,"href":"https:\/\/millerdivision.com\/es\/wp-json\/wp\/v2\/users\/13951"}],"replies":[{"embeddable":true,"href":"https:\/\/millerdivision.com\/es\/wp-json\/wp\/v2\/comments?post=26343"}],"version-history":[{"count":3,"href":"https:\/\/millerdivision.com\/es\/wp-json\/wp\/v2\/pages\/26343\/revisions"}],"predecessor-version":[{"id":27424,"href":"https:\/\/millerdivision.com\/es\/wp-json\/wp\/v2\/pages\/26343\/revisions\/27424"}],"wp:attachment":[{"href":"https:\/\/millerdivision.com\/es\/wp-json\/wp\/v2\/media?parent=26343"}],"curies":[{"name":"wp","href":"https:\/\/api.w.org\/{rel}","templated":true}]}}