{"id":26308,"date":"2020-03-31T09:42:27","date_gmt":"2020-03-31T07:42:27","guid":{"rendered":"http:\/\/millerdivision.com\/term-of-sale\/"},"modified":"2020-08-18T22:46:43","modified_gmt":"2020-08-18T20:46:43","slug":"condiciones-de-venta","status":"publish","type":"page","link":"https:\/\/millerdivision.com\/es\/condiciones-de-venta\/","title":{"rendered":"Condiciones de venta"},"content":{"rendered":"<div class=\"fusion-fullwidth fullwidth-box fusion-builder-row-1 nonhundred-percent-fullwidth non-hundred-percent-height-scrolling\" style=\"background-color: rgba(255,255,255,0);background-position: center center;background-repeat: no-repeat;padding-top:0px;padding-right:30px;padding-bottom:0px;padding-left:30px;margin-bottom: 3.5vw;margin-top: 3.5vw;border-width: 0px 0px 0px 0px;border-color:#eae9e9;border-style:solid;\" ><div class=\"fusion-builder-row fusion-row\"><div class=\"fusion-layout-column fusion_builder_column fusion-builder-column-0 fusion_builder_column_1_1 1_1 fusion-one-full fusion-column-first fusion-column-last\" style=\"margin-top:0px;margin-bottom:0px;\"><div class=\"fusion-column-wrapper fusion-flex-column-wrapper-legacy\" style=\"background-position:left top;background-repeat:no-repeat;-webkit-background-size:cover;-moz-background-size:cover;-o-background-size:cover;background-size:cover;padding: 0px 0px 0px 0px;\"><div class=\"fusion-text fusion-text-1 textoEditor\"><p>Estas son las condiciones de venta conforme a las cuales le suministraremos los productos que se exponen en nuestro sitio web www.millerdivision.com. Estas Condiciones no cubren la venta de nuestros Productos por parte de terceros fuera del Sitio Web.<\/p>\n<p>En caso de contradicci\u00f3n entre los t\u00e9rminos y condiciones manifestadas en las presentes Condiciones de servicio y las Condiciones Particulares de un Producto, prevalecer\u00e1n siempre las condiciones acordadas en este \u00faltimo instrumento respecto de aquellos t\u00e9rminos incompatibles, y tan solo respecto de aquellos Productos sometidos a dichas condiciones espec\u00edficas.<\/p>\n<p>Lea detenidamente estas Condiciones antes de efectuar un pedido de cualquier Producto en nuestro Sitio Web. Al efectuar un pedido de cualquiera de nuestros Productos, usted acepta estas Condiciones.<\/p>\n<h2>INFORMACI\u00d3N SOBRE NOSOTROS<\/h2>\n<p>El Sitio Web est\u00e1 operado por y en nombre de Rider Division S.L.U (en adelante, \u201cMiller\u201d), una compa\u00f1\u00eda constituida en Espa\u00f1a, con N.I.F. B39856463 y domicilio social en Pol\u00edgono Industrial de Barros n\u00ba 29 \u2013 parcelas 2-3, 39408 Barros \u2013 Cantabria.<\/p>\n<p>Si tiene cualquier duda o reclamaci\u00f3n, puede ponerse en contacto con nosotros llamando al Centro de Atenci\u00f3n Telef\u00f3nica al Cliente (+34902 090 267) o a trav\u00e9s del correo electr\u00f3nico <a href=\"mailto:info@millerdivision.com\">info@millerdivision.com<\/a>.<\/p>\n<h2>DISPONIBILIDAD TERRITORIAL<\/h2>\n<p>Aceptamos pedidos desde cualquier parte de una Uni\u00f3n Europea. Queda a la discreci\u00f3n de Miller la aceptaci\u00f3n de pedidos fuera de la Comunidad Europea.<\/p>\n<p>Tu Condici\u00f3n. Al efectuar un pedido a trav\u00e9s de nuestro Sitio Web, usted garantiza que:<\/p>\n<ol style=\"list-style-type: lower-roman;\">\n<li>Tiene capacidad legal para celebrar contratos;<\/li>\n<li>Tiene, al menos, 18 a\u00f1os de edad;<\/li>\n<li>Reside legalmente en un lugar ubicado en el territorio indicado en el Apartado anterior;<\/li>\n<li>No est\u00e1 utilizando el Sitio Web con fines fraudulentos.<\/li>\n<\/ol>\n<h2>CELEBRACI\u00d3N DEL CONTRATO<\/h2>\n<p>La utilizaci\u00f3n del dominio www.millerdivision.com y la contrataci\u00f3n de cualquiera de los Productos, suponen la aceptaci\u00f3n como Cliente, sin reservas de ninguna clase, a todas y cada una de las Condiciones de servicio as\u00ed como en su caso, a las Condiciones Particulares que, en su caso sean de aplicaci\u00f3n. La informaci\u00f3n facilitada en el Sitio Web no constituye una oferta de venta, sino una invitaci\u00f3n a contratar. Las caracter\u00edsticas principales de los Productos, se indican en cada momento en el Sitio Web. Un pedido es una oferta efectuada por usted por la que consiente en comprar los Productos que se incluyen en el pedido.<\/p>\n<p>Se considera que usted nos ha efectuado un pedido cuando lo remite a trav\u00e9s de nuestro proceso online de compra. Despu\u00e9s de efectuar su pedido, recibir\u00e1 un correo electr\u00f3nico acusando el recibo del pedido e indicando un N\u00famero de Referencia de Pedido, as\u00ed como los datos del Producto solicitado (la \u201cConfirmaci\u00f3n de Pedido\u201d). Su pedido quedar\u00e1 archivado en la secci\u00f3n Mis Pedidos, en el Sitio Web. Tenga en cuenta que la Confirmaci\u00f3n de Pedido es un acuse de recibo de su pedido y no significa que hayamos aceptado el pedido. La oferta s\u00f3lo se entender\u00e1 aceptada cuando le enviemos un correo electr\u00f3nico confirmando que el Producto ha sido enviado o ha salido del almac\u00e9n (la \u201cConfirmaci\u00f3n de Env\u00edo\u201d).<\/p>\n<p>El Contrato \u00fanicamente se considerar\u00e1 celebrado cuando le enviemos la Confirmaci\u00f3n de Env\u00edo y solo respecto del Producto indicado. Las partes del Contrato ser\u00e1n usted y Rider Division S.L.U El Contrato se formalizar\u00e1 \u00fanicamente en ingl\u00e9s. Todos los pedidos y compras est\u00e1n sujetos a la efectiva disponibilidad de stock de los productos en el momento en el que se prepare la expedici\u00f3n para su env\u00edo. Solamente podr\u00e1 realizarse por cada operaci\u00f3n de compra un pedido m\u00e1ximo de un mismo producto, definido por Rider Division.<\/p>\n<p>Para la compra de los Productos a trav\u00e9s del Sitio Web, Rider Division solicitar\u00e1 a los usuarios que procedan a registrarse, para lo cual deber\u00e1n cumplimentar un formulario electr\u00f3nico. En dicho proceso de registro se deber\u00e1n facilitar, siempre y \u00fanicamente, datos exactos y verdaderos.<\/p>\n<p>El Cliente ser\u00e1 responsable de la adecuada custodia y confidencialidad de la contrase\u00f1a, no pudiendo ceder ni permitir su uso a ning\u00fan tercero, ya sea temporal o permanentemente. Todas las adquisiciones de Productos a trav\u00e9s del Sitio Web, previa identificaci\u00f3n y autenticaci\u00f3n, con el nombre de usuario y contrase\u00f1a proporcionados, se considerar\u00e1n v\u00e1lidamente realizadas por el Cliente, y vinculantes. En consecuencia, el Cliente ser\u00e1 el responsable en exclusiva de cualesquiera compras de Productos por parte de terceros que hagan uso de su usuario y contrase\u00f1a. La realizaci\u00f3n de pedidos por un menor de edad que falsee la informaci\u00f3n de registro, se entender\u00e1 realizada bajo la supervisi\u00f3n y autorizaci\u00f3n de sus padres, tutores o representantes legales.<\/p>\n<p>Cualquiera de las partes podr\u00e1 dar por terminada o suspender la presente relaci\u00f3n contractual unilateralmente en cualquier momento y sin m\u00e1s causa que su voluntad, sin perjuicio de las obligaciones derivadas de la formalizaci\u00f3n de pedidos con anterioridad a dicha terminaci\u00f3n. El Cliente podr\u00e1 ejercitar unilateralmente el derecho de terminaci\u00f3n mediante el proceso de cancelaci\u00f3n de cuentas.<\/p>\n<h2 id=\"delivery\">ENTREGA Y TRANSMISI\u00d3N DEL RIESGO<\/h2>\n<p>Los Productos se entregar\u00e1n seg\u00fan el m\u00e9todo de entrega elegido por usted en el proceso de compra, en la fecha estimada de entrega que se indique en la Confirmaci\u00f3n de Env\u00edo y, a lo sumo, en 30 d\u00edas naturales desde la celebraci\u00f3n del Contrato.<\/p>\n<p>Entregaremos los Productos en la direcci\u00f3n que usted indique en el pedido o en la que resulte de la modalidad de entrega que haya elegido. \u00danicamente entregaremos los Productos a usted o a alguien autorizado para aceptarlos y firmar en su nombre o alguien que usted nos haya indicado. Si no ha recibido los Productos en el plazo estimado de entrega, p\u00f3ngase en contacto con nosotros a trav\u00e9s de nuestro Sitio Web.<\/p>\n<p>Los Productos quedar\u00e1n bajo su responsabilidad desde el momento de la entrega, que se entender\u00e1 efectuada cuando usted o un tercero indicado por usted haya adquirido la posesi\u00f3n material de los Productos. \u00danicamente se le transmitir\u00e1 la propiedad de los Productos cuando ocurra: la entrega del Producto, y el pago \u00edntegro de todos los importes adeudados por los Productos, incluidos los gastos de transporte.<\/p>\n<h2 id=\"pago\">PRECIO Y PAGO<\/h2>\n<p>El precio de los Productos ser\u00e1 el indicado en nuestro Sitio Web en cada momento, salvo en caso de error manifiesto. Todos los precios de los Productos se muestran incluyendo el VAT al tipo vigente. El precio de los Productos incluye los gastos de env\u00edo en la modalidad env\u00edo standard. En la modalidad Premium corren por cuenta del Cliente y se a\u00f1adir\u00e1n al total del importe de los Productos seleccionados. Se informar\u00e1 al Cliente de dichos costes, que ser\u00e1n debidamente desglosados antes de confirmar el pedido y finalizar el proceso de contrataci\u00f3n.<\/p>\n<p>Los precios y los gastos de env\u00edo mostrados son de aplicaci\u00f3n exclusiva a los Productos ofrecidos y durante el tiempo que permanezcan publicados, y est\u00e1n sujetos a cambios en cualquier momento, si bien dichos cambios no afectar\u00e1n a los pedidos efectuados anteriormente.<\/p>\n<p>Nuestro Sitio Web contiene un gran n\u00famero de Productos y es posible que, pese a nuestros mejores esfuerzos, algunos de los Productos que figuran en el Sitio Web tengan un precio incorrecto. Si Miller identifica un error manifiesto en el precio de los Productos, informar\u00e1 al Cliente y \u00e9ste tendr\u00e1 la opci\u00f3n de reconfirmar su pedido al precio correcto o, en su defecto, cancelarlo.<\/p>\n<p>El pago de los Productos deber\u00e1 efectuarse mediante PayPal (PayPal es un servicio de pago online, que garantiza un pago seguro, f\u00e1cil y r\u00e1pido; mientras hace el pedido tiene la posibilidad de abrir una cuenta de PayPal), Trustly (sistema de pago electr\u00f3nico, en que los datos proporcionados son encriptados para garantizar la m\u00e1xima seguridad de los mismos, y se alojan en un servidor seguro certificado. En ning\u00fan caso se almacenar\u00e1n los datos proporcionados por los Clientes) u otros modos de pago debidamente indicados en el Sitio Web. En el procedimiento de validaci\u00f3n de las tarjetas de cr\u00e9dito o d\u00e9bito, no se efectuar\u00e1n cargos, aunque en algunos casos pueda aparecer como autorizaci\u00f3n en el extracto de la tarjeta de cr\u00e9dito o d\u00e9bito. En el caso en que la entidad bancaria no autorizase el pago, se cancelar\u00e1 autom\u00e1ticamente el pedido, entendi\u00e9ndose no realizada la compra del Producto. El pago solo se cobrar\u00e1 en el momento en que usted efect\u00fae el pedido o poco despu\u00e9s.<\/p>\n<p>Usted acepta que las facturas para las compras de los Productos se expidan de forma autom\u00e1tica y queden archivadas en Mis Pedidos. Puede solicitar una copia en papel llamando al Centro de Atenci\u00f3n Telef\u00f3nica al Cliente (+34 942 842 170) o enviando un correo electr\u00f3nico www.millerdivision.com<\/p>\n<p>Rider Division se reserva el derecho de cancelar el nombre de usuario y la contrase\u00f1a, y por tanto el acceso al www.millerdivision.com, de aquellos usuarios que mantengan saldos deudores o impagados con cualquier empresa del Rider Division.<\/p>\n<h2 id=\"devoluciones\">DEVOLUCIONES<\/h2>\n<p>Si desea devolver un producto, p\u00f3ngase en contacto con nosotros llamando al Servicio de Atenci\u00f3n al Cliente (+34 942 842 170) o enviando un correo electr\u00f3nico a info@millerdivision.com, donde le informaremos debidamente de la forma de devolver el Producto. S\u00f3lo se admiten devoluciones causadas por defectos de fabricaci\u00f3n Los da\u00f1os deber\u00e1n ser probados mediante fotograf\u00eda envi\u00e1ndola a correo info@millerdivision.com junto con una descripci\u00f3n y siempre dentro del plazo de 3 d\u00edas tras la recepci\u00f3n del producto.<\/p>\n<p>Si nos devuelve el Producto porque ha ejercitado el derecho a devoluci\u00f3n a causa de un defecto de producto en el plazo de 14 d\u00edas naturales, le devolveremos todos los pagos correspondientes al Producto devuelto sin ninguna demora debida y, en todo caso, a m\u00e1s tardar 45 d\u00edas naturales a partir de la fecha en que nos informe de su decisi\u00f3n de desistir (siempre que haya devuelto o acreditado la devoluci\u00f3n del producto). Una vez hayamos examinado la procedencia de la devoluci\u00f3n, procederemos a efectuar dicho reembolso utilizando el mismo medio de pago empleado por usted para la transacci\u00f3n inicial, a no ser que usted haya dispuesto expresamente lo contrario. Usted ser\u00e1 el responsable de la disminuci\u00f3n del valor del Producto por una manipulaci\u00f3n distinta a la necesaria para examinar su naturaleza, caracter\u00edsticas y funcionamiento.<\/p>\n<p>Usted se compromete cuidar de forma razonable los Productos mientras est\u00e9n en su poder. Si no cumple esta obligaci\u00f3n y nos devuelve el Producto, cabe que estamos facultados para reclamar una compensaci\u00f3n. Para reclamar una devoluci\u00f3n, el Producto debe encontrarse en estado como nuevo y con su embalaje original, incluyendo todos los elementos y accesorios correspondientes. Nos reservamos el derecho a denegar un reembolso completo, si el Producto ha sufrido da\u00f1os, modificaciones o ha sido extra\u00eddo de su embalaje original.<\/p>\n<p>Deber\u00e1 usted asumir el coste directo de devoluci\u00f3n del Producto. Por su propia seguridad, le recomendamos que, a la hora de enviarlo, utilice un medio de env\u00edo fiable, que requiera la firma del destinatario en el momento de la entrega.<\/p>\n<p>No cubriremos los defectos ocasionados por mal uso, negligencia, da\u00f1os materiales, manipulaci\u00f3n, instalaci\u00f3n o ajuste incorrecto, deterioro o desgaste ordinarios. Los Productos vendidos en nuestro Sitio Web est\u00e1n destinados \u00fanicamente a un uso dom\u00e9stico, y no comercial o reventa.<\/p>\n<h2>GARANT\u00cdA DE PRODUCTO<\/h2>\n<p>En su condici\u00f3n de consumidor, usted dispone de una garant\u00eda legal m\u00ednima de 2 a\u00f1os desde la fecha de entrega que podr\u00e1 ejercer en el caso de que el Producto no sea conforme al Contrato, siempre por defectos de fabricaci\u00f3n.<\/p>\n<p>Para ejercer tanto la Garant\u00eda Legal como la Garant\u00eda Comercial, es indispensable presentar justificaci\u00f3n documental que acredite la fecha de entrega o compra del producto, ya sea la factura, ticket de compra, albar\u00e1n de entrega, o tarjeta de garant\u00eda sellada y fechada. No se aceptar\u00e1n aquellos documentos que hayan sido manipulados o falsificados.<\/p>\n<p>La Garant\u00eda Legal cubre la la sustituci\u00f3n del producto como consecuencia de la falta de conformidad del producto y, en tal caso, \u00e9stas ser\u00e1n gratuitas para el consumidor, incluyendo mano de obra, materiales y gatos de env\u00edo (le reembolsaremos los portes de ida, siempre que la garant\u00eda cubra el defecto del Producto).<\/p>\n<p>La reparaci\u00f3n o sustituci\u00f3n suspender\u00e1 el c\u00f3mputo del plazo de la Garant\u00eda Legal, no dando lugar en ning\u00fan caso a un nuevo plazo de dos a\u00f1os de garant\u00eda desde la entrega del producto reparado\/sustituido.<\/p>\n<p>La Garant\u00eda Legal, ni, en su caso, la comercial, ser\u00e1n de aplicaci\u00f3n cuando no exista falta de conformidad del Producto con el Contrato. As\u00ed, la garant\u00eda no prev\u00e9, ni incluye:<\/p>\n<p>(1) Las deficiencias ocasionadas por negligencias, golpes, humedades, uso o manipulaciones indebidas, uso diferente al indicado, ni materiales sometidos a desgaste por su uso normal.<\/p>\n<p>(2) La sustituci\u00f3n de piezas debido al desgaste o rotura de mecanismos, gomas, carcasas y\/o pl\u00e1sticos, as\u00ed como los deterioros est\u00e9ticos, debidos al uso normal del producto. Del mismo modo, las garant\u00edas no cubren ning\u00fan tipo de da\u00f1o producido durante el transporte del producto (incluyendo, a t\u00edtulo enunciativo, da\u00f1os est\u00e9ticos, golpes, rayas, ara\u00f1azos, manchas, abolladuras, etc.), en cuyo caso ser\u00e1n de aplicaci\u00f3n las disposiciones recogidas en las condiciones generales de contrataci\u00f3n de Rider Division que sean aplicables.<\/p>\n<p>(3) La reparaci\u00f3n o sustituci\u00f3n de productos que hayan sido, total o parcialmente, abiertos, montados, desmontados, manipulados y\/o reparados por persona ajena a los Servicios de Asistencia T\u00e9cnica Oficial; o bien con rotura de cualquiera de los sellos de la carcasa o celdas de la bater\u00eda, u otros indicios evidentes de manipulaci\u00f3n en los mismos;<\/p>\n<p>(4) Causas de caso fortuito o supuesto de fuerza mayor, incluy\u00e9ndose, a car\u00e1cter enunciativo:<\/p>\n<ol style=\"list-style-type: lower-roman;\">\n<li>Huelgas, cierres patronales u otros conflictos laborales;<\/li>\n<li>Disturbios, tumultos, invasi\u00f3n, amenazas o ataques terroristas, guerra;<\/li>\n<li>Incendio, explosi\u00f3n, tormenta, inundaci\u00f3n, terremoto, hundimiento, epidemia u otros desastres naturales;<\/li>\n<li>Imposibilidad de usar ferrocarriles, embarcaciones, aeronaves, transporte por carretera u otros medios de transporte p\u00fablico o privado;<\/li>\n<li>Actos, resoluciones, legislaci\u00f3n, reglamentos o restricciones de cualquier gobierno.<\/li>\n<\/ol>\n<p>Para obtener m\u00e1s informaci\u00f3n, p\u00f3ngase en contacto con nosotros llamando al Servicio de Atenci\u00f3n al Cliente (+34 942 842 178) o enviando un correo electr\u00f3nico a <a href=\"mailto:info@millerdivision.com\">info@millerdivision.com<\/a><\/p>\n<h2>LIMITACI\u00d3N DE RESPONSABILIDAD<\/h2>\n<p>El Contrato ser\u00e1 vinculante para ambas partes y para sus respectivos sucesores y cesionarios. No podr\u00e1 transmitir, ceder, gravar o enajenar el Contrato, ni sus derechos u obligaciones que se deriven del mismo, sin nuestro consentimiento previo por escrito. Por su parte, Miller se reserva el derecho a transmitir, ceder, gravar, subcontratar o enajenar el Contrato, o cualquiera de nuestros derechos u obligaciones que se deriven del mismo, en cualquier momento durante la vigencia del Contrato.<\/p>\n<p>Miller se reserva el derecho de revisar y modificar peri\u00f3dicamente estas Condiciones, mediante su publicaci\u00f3n en nuestro Sitio Web. Usted estar\u00e1 sujeto a las Condiciones vigentes en el momento en que nos remite un pedido de Productos. Miller pone a su disposici\u00f3n las presentes Condiciones de Compra, de forma que pueden ser almacenadas y reproducidas, cumpliendo as\u00ed con el deber legal de informaci\u00f3n previa.<\/p>\n<p>No garantizamos que nuestro Sitio Web satisfaga sus necesidades ni que se ver\u00e1 libre de interrupciones o errores, ni que nuestro Sitio Web o el servidor que lo facilita est\u00e9n libres de virus o fallos. Aunque perseguimos que nuestro Sitio Web est\u00e9 normalmente disponible 24 horas al d\u00eda, no incurriremos en responsabilidad si por cualquier motivo nuestro Sitio Web no estuviera disponible durante un tiempo. El acceso a nuestro Sitio Web podr\u00e1 suspenderse temporalmente y sin preaviso en caso de fallo, mantenimiento o reparaci\u00f3n del sistema, o por razones fuera de nuestro control.<\/p>\n<p>La legislaci\u00f3n aplicable puede exigir que algunas de las comunicaciones o informaci\u00f3n que le enviamos consten por escrito. Al utilizar nuestro Sitio Web, usted acepta que las comunicaciones con nosotros ser\u00e1n principalmente por medios electr\u00f3nicos y reconoce que todos los contratos, notificaciones y comunicaciones que le hagamos por medios electr\u00f3nicos cumplen el requisito legal de constar por escrito.<\/p>\n<p>Si un tribunal o autoridad competente decide que cualquiera de las disposiciones de estas Condiciones o cualquier estipulaci\u00f3n del Contrato es nula, ilegal o inexigible en cualquier medida, esa condici\u00f3n quedar\u00e1 anulada, \u00fanicamente en esa medida, de las restantes Condiciones, que seguir\u00e1n siendo v\u00e1lidas.<\/p>\n<h2>PROTECCI\u00d3N DE DATOS PERSONALES Y PRIVACIDAD<\/h2>\n<p>Sus derechos de protecci\u00f3n de datos personales y privacidad se exponen en nuestra Pol\u00edtica de Privacidad.<\/p>\n<h2>LEGISLACI\u00d3N APLICABLE<\/h2>\n<p>Los contratos de compra de Productos a trav\u00e9s de nuestro Sitio Web y las controversias o demandas que se pudieran derivar de los mismos o que se refieran a su objeto o celebraci\u00f3n (incluidos litigios o demandas extracontractuales) se regir\u00e1n y ser\u00e1n interpretados, en todos sus t\u00e9rminos y condiciones, conforme a la legislaci\u00f3n espa\u00f1ola.<\/p>\n<\/div><div class=\"fusion-clearfix\"><\/div><\/div><\/div><\/div><\/div>\n","protected":false},"excerpt":{"rendered":"","protected":false},"author":13951,"featured_media":0,"parent":0,"menu_order":0,"comment_status":"closed","ping_status":"closed","template":"100-width.php","meta":{"footnotes":""},"class_list":["post-26308","page","type-page","status-publish","hentry"],"acf":[],"yoast_head":"<!-- This site is optimized with the Yoast SEO plugin v27.1.1 - https:\/\/yoast.com\/product\/yoast-seo-wordpress\/ -->\n<title>Condiciones de venta - Miller Division<\/title>\n<meta name=\"robots\" content=\"index, follow, max-snippet:-1, max-image-preview:large, max-video-preview:-1\" \/>\n<link rel=\"canonical\" href=\"https:\/\/millerdivision.com\/es\/condiciones-de-venta\/\" \/>\n<meta property=\"og:locale\" content=\"es_ES\" \/>\n<meta property=\"og:type\" content=\"article\" \/>\n<meta property=\"og:title\" content=\"Condiciones de venta - Miller Division\" \/>\n<meta property=\"og:url\" content=\"https:\/\/millerdivision.com\/es\/condiciones-de-venta\/\" \/>\n<meta property=\"og:site_name\" content=\"Miller Division\" \/>\n<meta property=\"article:modified_time\" content=\"2020-08-18T20:46:43+00:00\" \/>\n<meta name=\"twitter:card\" content=\"summary_large_image\" \/>\n<meta name=\"twitter:label1\" content=\"Tiempo de lectura\" \/>\n\t<meta name=\"twitter:data1\" content=\"17 minutos\" \/>\n<script type=\"application\/ld+json\" class=\"yoast-schema-graph\">{\"@context\":\"https:\/\/schema.org\",\"@graph\":[{\"@type\":\"WebPage\",\"@id\":\"https:\/\/millerdivision.com\/es\/condiciones-de-venta\/\",\"url\":\"https:\/\/millerdivision.com\/es\/condiciones-de-venta\/\",\"name\":\"Condiciones de venta - Miller Division\",\"isPartOf\":{\"@id\":\"https:\/\/millerdivision.com\/es\/#website\"},\"datePublished\":\"2020-03-31T07:42:27+00:00\",\"dateModified\":\"2020-08-18T20:46:43+00:00\",\"breadcrumb\":{\"@id\":\"https:\/\/millerdivision.com\/es\/condiciones-de-venta\/#breadcrumb\"},\"inLanguage\":\"es\",\"potentialAction\":[{\"@type\":\"ReadAction\",\"target\":[\"https:\/\/millerdivision.com\/es\/condiciones-de-venta\/\"]}]},{\"@type\":\"BreadcrumbList\",\"@id\":\"https:\/\/millerdivision.com\/es\/condiciones-de-venta\/#breadcrumb\",\"itemListElement\":[{\"@type\":\"ListItem\",\"position\":1,\"name\":\"Home\",\"item\":\"https:\/\/millerdivision.com\/es\/\"},{\"@type\":\"ListItem\",\"position\":2,\"name\":\"Condiciones de venta\"}]},{\"@type\":\"WebSite\",\"@id\":\"https:\/\/millerdivision.com\/es\/#website\",\"url\":\"https:\/\/millerdivision.com\/es\/\",\"name\":\"Miller Division\",\"description\":\"Miller Skateboards | Shop now, ride forever\",\"potentialAction\":[{\"@type\":\"SearchAction\",\"target\":{\"@type\":\"EntryPoint\",\"urlTemplate\":\"https:\/\/millerdivision.com\/es\/?s={search_term_string}\"},\"query-input\":{\"@type\":\"PropertyValueSpecification\",\"valueRequired\":true,\"valueName\":\"search_term_string\"}}],\"inLanguage\":\"es\"}]}<\/script>\n<!-- \/ Yoast SEO plugin. -->","yoast_head_json":{"title":"Condiciones de venta - Miller Division","robots":{"index":"index","follow":"follow","max-snippet":"max-snippet:-1","max-image-preview":"max-image-preview:large","max-video-preview":"max-video-preview:-1"},"canonical":"https:\/\/millerdivision.com\/es\/condiciones-de-venta\/","og_locale":"es_ES","og_type":"article","og_title":"Condiciones de venta - Miller Division","og_url":"https:\/\/millerdivision.com\/es\/condiciones-de-venta\/","og_site_name":"Miller Division","article_modified_time":"2020-08-18T20:46:43+00:00","twitter_card":"summary_large_image","twitter_misc":{"Tiempo de lectura":"17 minutos"},"schema":{"@context":"https:\/\/schema.org","@graph":[{"@type":"WebPage","@id":"https:\/\/millerdivision.com\/es\/condiciones-de-venta\/","url":"https:\/\/millerdivision.com\/es\/condiciones-de-venta\/","name":"Condiciones de venta - Miller Division","isPartOf":{"@id":"https:\/\/millerdivision.com\/es\/#website"},"datePublished":"2020-03-31T07:42:27+00:00","dateModified":"2020-08-18T20:46:43+00:00","breadcrumb":{"@id":"https:\/\/millerdivision.com\/es\/condiciones-de-venta\/#breadcrumb"},"inLanguage":"es","potentialAction":[{"@type":"ReadAction","target":["https:\/\/millerdivision.com\/es\/condiciones-de-venta\/"]}]},{"@type":"BreadcrumbList","@id":"https:\/\/millerdivision.com\/es\/condiciones-de-venta\/#breadcrumb","itemListElement":[{"@type":"ListItem","position":1,"name":"Home","item":"https:\/\/millerdivision.com\/es\/"},{"@type":"ListItem","position":2,"name":"Condiciones de venta"}]},{"@type":"WebSite","@id":"https:\/\/millerdivision.com\/es\/#website","url":"https:\/\/millerdivision.com\/es\/","name":"Miller Division","description":"Miller Skateboards | Shop now, ride forever","potentialAction":[{"@type":"SearchAction","target":{"@type":"EntryPoint","urlTemplate":"https:\/\/millerdivision.com\/es\/?s={search_term_string}"},"query-input":{"@type":"PropertyValueSpecification","valueRequired":true,"valueName":"search_term_string"}}],"inLanguage":"es"}]}},"_links":{"self":[{"href":"https:\/\/millerdivision.com\/es\/wp-json\/wp\/v2\/pages\/26308","targetHints":{"allow":["GET"]}}],"collection":[{"href":"https:\/\/millerdivision.com\/es\/wp-json\/wp\/v2\/pages"}],"about":[{"href":"https:\/\/millerdivision.com\/es\/wp-json\/wp\/v2\/types\/page"}],"author":[{"embeddable":true,"href":"https:\/\/millerdivision.com\/es\/wp-json\/wp\/v2\/users\/13951"}],"replies":[{"embeddable":true,"href":"https:\/\/millerdivision.com\/es\/wp-json\/wp\/v2\/comments?post=26308"}],"version-history":[{"count":2,"href":"https:\/\/millerdivision.com\/es\/wp-json\/wp\/v2\/pages\/26308\/revisions"}],"predecessor-version":[{"id":26311,"href":"https:\/\/millerdivision.com\/es\/wp-json\/wp\/v2\/pages\/26308\/revisions\/26311"}],"wp:attachment":[{"href":"https:\/\/millerdivision.com\/es\/wp-json\/wp\/v2\/media?parent=26308"}],"curies":[{"name":"wp","href":"https:\/\/api.w.org\/{rel}","templated":true}]}}