{"id":26263,"date":"2020-03-31T10:13:50","date_gmt":"2020-03-31T08:13:50","guid":{"rendered":"http:\/\/millerdivision.com\/cookies-policy\/"},"modified":"2020-08-18T22:14:53","modified_gmt":"2020-08-18T20:14:53","slug":"politica-de-cookies","status":"publish","type":"page","link":"https:\/\/millerdivision.com\/es\/politica-de-cookies\/","title":{"rendered":"Pol\u00edtica de cookies"},"content":{"rendered":"<div class=\"fusion-fullwidth fullwidth-box fusion-builder-row-1 nonhundred-percent-fullwidth non-hundred-percent-height-scrolling\" style=\"background-color: rgba(255,255,255,0);background-position: center center;background-repeat: no-repeat;padding-top:0px;padding-right:30px;padding-bottom:0px;padding-left:30px;margin-bottom: 3.5vw;margin-top: 3.5vw;border-width: 0px 0px 0px 0px;border-color:#eae9e9;border-style:solid;\" ><div class=\"fusion-builder-row fusion-row\"><div class=\"fusion-layout-column fusion_builder_column fusion-builder-column-0 fusion_builder_column_1_1 1_1 fusion-one-full fusion-column-first fusion-column-last\" style=\"margin-top:0px;margin-bottom:0px;\"><div class=\"fusion-column-wrapper fusion-flex-column-wrapper-legacy\" style=\"background-position:left top;background-repeat:no-repeat;-webkit-background-size:cover;-moz-background-size:cover;-o-background-size:cover;background-size:cover;padding: 0px 0px 0px 0px;\"><div class=\"fusion-text fusion-text-1 textoEditor\"><h2>INFORMACI\u00d3N SOBRE COOKIES<\/h2>\n<p>Debido a la entrada en vigor de la referente modificaci\u00f3n de la \u00abLey de Servicios de la Sociedad de la Informaci\u00f3n\u00bb (LSSICE) establecida por el Real Decreto 13\/2012, es de obligaci\u00f3n obtener el consentimiento expreso del usuario de todas las p\u00e1ginas web que usan cookies prescindibles, antes de que este navegue por ellas.<\/p>\n<h2>\u00bfQU\u00c9 SON LAS COOKIES?<\/h2>\n<p>Las cookies y otras tecnolog\u00edas similares tales como local shared objects, flash cookies o p\u00edxeles, son herramientas empleadas por los servidores Web para almacenar y recuperar informaci\u00f3n acerca de sus visitantes, as\u00ed como para ofrecer un correcto funcionamiento del sitio.<\/p>\n<p>Mediante el uso de estos dispositivos se permite al servidor Web recordar algunos datos concernientes al usuario, como sus preferencias para la visualizaci\u00f3n de las p\u00e1ginas de ese servidor, nombre y contrase\u00f1a, productos que m\u00e1s le interesan, etc.<\/p>\n<h2>COOKIES AFECTADAS POR LA NORMATIVA Y COOKIES EXCEPTUADAS<\/h2>\n<p>Seg\u00fan la directiva de la UE, las cookies que requieren el consentimiento informado por parte del usuario son las cookies de anal\u00edtica y las de publicidad y afiliaci\u00f3n, quedando exceptuadas las de car\u00e1cter t\u00e9cnico y las necesarias para el funcionamiento del sitio web o la prestaci\u00f3n de servicios expresamente solicitados por el usuario.<\/p>\n<h2>\u00bfQU\u00c9 TIPOS DE COOKIES EXISTEN?<\/h2>\n<p><span style=\"text-decoration: underline;\">SEG\u00daN LA FINALIDAD<\/span><\/p>\n<ul>\n<li><strong>Cookies t\u00e9cnicas y funcionales<\/strong>: son aquellas que permiten al usuario la navegaci\u00f3n a trav\u00e9s de una p\u00e1gina web, plataforma o aplicaci\u00f3n y la utilizaci\u00f3n de las diferentes opciones o servicios que en ella existan como, p. ej., controlar el tr\u00e1fico y la comunicaci\u00f3n de datos, identificar la sesi\u00f3n, acceder a partes de acceso restringido, recordar los elementos de un pedido, realizar el proceso de compra de un pedido, realizar la inscripci\u00f3n o participaci\u00f3n en un evento, utilizar elementos de seguridad durante la navegaci\u00f3n, almacenar contenidos para la difusi\u00f3n de v\u00eddeos o sonido o compartir contenidos a trav\u00e9s de redes sociales. Incluyen las cookies de personalizaci\u00f3n, que son las que permiten al usuario acceder al servicio con algunas caracter\u00edsticas de car\u00e1cter general predefinidas en funci\u00f3n de una serie de criterios en el terminal del usuario como, p. ej., el idioma, el tipo de navegador, la configuraci\u00f3n regional desde donde accede al servicio, etc.<\/li>\n<li><strong>Cookies anal\u00edticas<\/strong>: son aquellas que permiten al responsable de las mismas el seguimiento y an\u00e1lisis del comportamiento de los usuarios de los sitios web a los que est\u00e1n vinculadas. La informaci\u00f3n recogida mediante este tipo de cookies se utiliza en la medici\u00f3n de la actividad de los sitios web, aplicaci\u00f3n o plataforma y para la elaboraci\u00f3n de perfiles de navegaci\u00f3n de los usuarios de dichos sitios, aplicaciones y plataformas, con el fin de introducir mejoras en funci\u00f3n del an\u00e1lisis de los datos de uso que hacen los usuarios del servicio.<\/li>\n<li><strong>Cookies publicitarias<\/strong>: son aquellas que permiten la gesti\u00f3n, de la forma m\u00e1s eficaz posible, de los espacios publicitarios que, en su caso, el editor haya incluido en una p\u00e1gina web, aplicaci\u00f3n o plataforma desde la que presta el servicio solicitado en base a criterios como el contenido editado o la frecuencia en la que se muestran los anuncios.<\/li>\n<li><strong>Cookies de publicidad comportamental<\/strong>: recogen informaci\u00f3n sobre las preferencias y elecciones personales del usuario (retargeting) para permitir la gesti\u00f3n, de la forma m\u00e1s eficaz posible, de los espacios publicitarios que, en su caso, el editor haya incluido en una p\u00e1gina web, aplicaci\u00f3n o plataforma desde la que presta el servicio solicitado. M\u00e1s info en http:\/\/www.lssi.gob.es\/Paginas\/politica-cookies.aspx y Gu\u00eda sobre el uso de las cookies de la AEPD.<\/li>\n<li><strong>Cookies sociales<\/strong>: son establecidas por las plataformas de redes sociales en los servicios para permitirle compartir contenido con sus amigos y redes. Las plataformas de medios sociales tienen la capacidad de rastrear su actividad en l\u00ednea fuera de los Servicios. Esto puede afectar al contenido y los mensajes que ve en otros servicios que visita.<\/li>\n<li><strong>Cookies de afiliados<\/strong>: permiten hacer un seguimiento de las visitas procedentes de otras webs, con las que el sitio web establece un contrato de afiliaci\u00f3n (empresas de afiliaci\u00f3n).<\/li>\n<li><strong>Cookies de seguridad<\/strong>: almacenan informaci\u00f3n cifrada para evitar que los datos guardados en ellas sean vulnerables a ataques maliciosos de terceros. Se usan solo en conexiones HTTPS.<\/li>\n<\/ul>\n<p><span style=\"text-decoration: underline;\">SEG\u00daN LA PROPIEDAD<\/span><\/p>\n<p>&nbsp;<\/p>\n<ul>\n<li>Cookies propias: son aquellas que se env\u00edan al equipo terminal del usuario desde un equipo o dominio gestionado por el propio editor y desde el que se presta el servicio solicitado por el usuario.<\/li>\n<li>Cookies de terceros: son aquellas que se env\u00edan al equipo terminal del usuario desde un equipo o dominio que no es gestionado por el editor, sino por otra entidad que trata los datos obtenidos trav\u00e9s de las cookies.<\/li>\n<\/ul>\n<p><span style=\"text-decoration: underline;\">SEG\u00daN EL PLAZO DE CONSERVACI\u00d3N<\/span><\/p>\n<ul>\n<li><strong>Cookies de sesi\u00f3n<\/strong>: son un tipo de cookies dise\u00f1adas para recabar y almacenar datos mientras el usuario accede a una p\u00e1gina web.<\/li>\n<li><strong>Cookies persistentes<\/strong>: son un tipo de cookies en el que los datos siguen almacenados en el terminal y pueden ser accedidos y tratados durante un per\u00edodo definido por el responsable de la cookie, y que puede ir de unos minutos a varios a\u00f1os.<\/li>\n<\/ul>\n<h2>TRATAMIENTO DE DATOS PERSONALES<\/h2>\n<p>RIDER DIVISION SLU es el Responsable del tratamiento de los datos personales del Interesado y le informa de que estos datos ser\u00e1n tratados de conformidad con lo dispuesto en el Reglamento (UE) 2016\/679, de 27 de abril de 2016 (GDPR), por lo que se le facilita la siguiente informaci\u00f3n del tratamiento:<\/p>\n<p>Fines del tratamiento: seg\u00fan se especifica en el apartado de cookies que se utilizan en este sitio web.<\/p>\n<p><strong>Legitimaci\u00f3n del tratamiento<\/strong>: por inter\u00e9s leg\u00edtimo del responsable: cookies t\u00e9cnicas y por consentimiento del interesado: cookies anal\u00edticas comportamentales y publicitarias.<\/p>\n<p><strong>Criterios de conservaci\u00f3n de los datos<\/strong>: seg\u00fan se especifica en el apartado de cookies utilizadas en la web.<\/p>\n<p><strong>Comunicaci\u00f3n de los datos<\/strong>: no se comunicar\u00e1n los datos a terceros, excepto en cookies propiedad de terceros o por obligaci\u00f3n legal.<\/p>\n<p><strong>Derechos que asisten al Interesado<\/strong>:<\/p>\n<ul>\n<li>Derecho a retirar el consentimiento en cualquier momento.<\/li>\n<li>Derecho de acceso, rectificaci\u00f3n, portabilidad y supresi\u00f3n de sus datos y a la limitaci\u00f3n u oposici\u00f3n a su tratamiento.<\/li>\n<li>Derecho a presentar una reclamaci\u00f3n ante la Autoridad de control (www.aepd.es) si considera que el tratamiento no se ajusta a la normativa vigente.<\/li>\n<\/ul>\n<p>Datos de contacto para ejercer sus derechos:<\/p>\n<p>RIDER DIVISION SLU. POL\u00cdGONO INDUSTRIAL DE BARROS, 29 &#8211; 39408 BARROS (Cantabria). Email: <a href=\"mailto:administracion@okoru.es\">administracion@okoru.es<\/a><\/p>\n<h2>COOKIES QUE SE UTILIZAN EN ESTE SITIO WEB<\/h2>\n<p>Publicitaria:<br \/>\nNombre: IDE<br \/>\nTipo: Publicitaria<br \/>\nPropiedad: Doubleclick.net<br \/>\nFinalidad: Se utiliza para la focalizaci\u00f3n, optimizaci\u00f3n, presentaci\u00f3n de informes y atribuci\u00f3n de anuncios en l\u00ednea<br \/>\nPlazo: 1 a\u00f1o<br \/>\nObservaciones: Persistente<\/p>\n<p>Cookies anal\u00edticas:<br \/>\nNombre: _ga<br \/>\nTipo: Anal\u00edtica<br \/>\nPropiedad: Google Analytics<br \/>\nFinalidad: Habilita la funci\u00f3n de control de visitas \u00fanicas. La primera vez que un usuario entre en el sitio web a trav\u00e9s de un navegador se instalar\u00e1 esta cookie. Cuando este usuario vuelva a entrar en la web con el mismo navegador, la cookie considerar\u00e1 que es el mismo usuario. Solo en el caso de que el usuario cambie de navegador, se considerar\u00e1 otro usuario<br \/>\nPlazo: 2 a\u00f1os<br \/>\nObservaciones: Persistente<\/p>\n<p>Nombre: _gat<br \/>\nTipo: Anal\u00edtica<br \/>\nPropiedad: Google Analytics<br \/>\nFinalidad: Se utiliza para limitar la velocidad de petici\u00f3n &#8211; la limitaci\u00f3n de la recogida de datos en los sitios de alto tr\u00e1fico<br \/>\nPlazo: 10 minutos<br \/>\nObservaciones: Sesi\u00f3n<\/p>\n<p>Nombre: _gid<br \/>\nTipo: Anal\u00edtica<br \/>\nPropiedad: Google Analytics<br \/>\nFinalidad: Se utiliza para distinguir a los usuarios<br \/>\nPlazo: 24 horas<br \/>\nObservaciones: Sesi\u00f3n<\/p>\n<p>Otras cookies de terceros:<br \/>\nNombre: 1P_JAR<br \/>\nTipo: Publicitaria<br \/>\nPropiedad: Google<br \/>\nFinalidad: Transfiere datos a Google para hacer la publicidad m\u00e1s atractiva<br \/>\nPlazo: Caduca en 1 semana desde su activaci\u00f3n<br \/>\nObservaciones: Persistente<\/p>\n<p>Nombre: ANID<br \/>\nTipo: Publicitaria<br \/>\nPropiedad: Google<br \/>\nFinalidad: Contiene un valor generado aleatoriamente \u00fanico que permite a la Plataforma distinguir navegadores y dispositivos. Esta informaci\u00f3n se utiliza para medir el rendimiento de los anuncios y proporcionar recomendaciones relativas a productos basadas en datos estad\u00edsticos<br \/>\nPlazo: 1 a\u00f1o<br \/>\nObservaciones: Persistente<\/p>\n<p>Nombre: CONSENT<br \/>\nTipo: Publicitaria<br \/>\nPropiedad: Google<br \/>\nFinalidad: Contiene un valor generado aleatoriamente \u00fanico que permite a la Plataforma distinguir navegadores y dispositivos. Esta informaci\u00f3n se utiliza para medir el rendimiento de los anuncios y proporcionar recomendaciones relativas a productos basadas en datos estad\u00edsticos<br \/>\nPlazo: 1 a\u00f1o<br \/>\nObservaciones: Persistente<\/p>\n<p>Nombre: NID<br \/>\nTipo: Publicitaria<br \/>\nPropiedad: Google<br \/>\nFinalidad: El bot\u00f3n \u00abGoogle +1\u00bb utilizado en nuestro sitio web est\u00e1 alojado en Google, su navegador env\u00eda informaci\u00f3n de las cookies que Google requiere si mantiene la sesi\u00f3n activa con su cuenta, estos datos son utilizados por Google con el fin de asociarlos a su cuenta<br \/>\nPlazo: 6 meses<br \/>\nObservaciones: Persistente<\/p>\n<p>Cookies t\u00e9cnicas y funcionales:<br \/>\nNombre: PrestaShop-4e36532a526ae955e94ae51e2c0d0c30<br \/>\nTipo: T\u00e9cnica<br \/>\nPropiedad: Propia<br \/>\nFinalidad: Se usa para recordar sus preferencias en cuanto a la Pol\u00edtica de Cookies establecida<br \/>\nPlazo: 1 a\u00f1o<br \/>\nObservaciones: Persistente<\/p>\n<p>Nombre: PHPSESSID<br \/>\nTipo: T\u00e9cnica<br \/>\nPropiedad: Propia<br \/>\nFinalidad: Contiene el identificador de la sesi\u00f3n<br \/>\nPlazo: Al cerrar el navegador<br \/>\nObservaciones: Sesi\u00f3n<\/p>\n<p>Para deshabilitar las cookies de an\u00e1lisis puede utilizar las siguientes direcciones de exclusi\u00f3n:<a href=\"https:\/\/policies.google.com\/technologies\/managing\" target=\"_blank\" rel=\"noopener noreferrer\"> Pol\u00edtica de privacidad de Google<\/a>\u00a0y\u00a0<a href=\"https:\/\/tools.google.com\/dlpage\/gaoptout\" target=\"_blank\" rel=\"noopener noreferrer\">Exclusi\u00f3n de Google Analytics<\/a><\/p>\n<p>M\u00e1s info: http:\/\/www.google.es\/intl\/es\/policies\/privacy\/<\/p>\n<p>M\u00e1s info: https:\/\/www.bizible.com\/privacv-policv<\/p>\n<h2>REVOCACI\u00d3N DEL CONSENTIMIENTO PARA INSTALAR COOKIES C\u00d3MO ELIMINAR LAS COOKIES DEL NAVEGADOR<\/h2>\n<p><strong>Chrome<\/strong><\/p>\n<p>1. Selecciona el icono de Herramientas<br \/>\n2. Haz clic en Configuraci\u00f3n.<br \/>\n3. Haz clic en Mostrar Opciones Avanzadas.<br \/>\n4. En la secci\u00f3n \u00abPrivacidad\u00bb haz clic en Configuraci\u00f3n de contenido.<br \/>\n\u2022 Eliminar cookies: Haz clic en Todas las cookies y los datos de sitios&#8230;<br \/>\n\u2022 No permitir que se almacenen cookies.<br \/>\n5. Haz clic en Eliminar datos de navegaci\u00f3n (vaciar la Cach\u00e9).<br \/>\n6. Cierra y reinicia el navegador.<br \/>\nPara m\u00e1s informaci\u00f3n sobre Chrome\u00a0<strong><a href=\"http:\/\/support.google.com\/chrome\/answer\/956477hNes\" target=\"_blank\" rel=\"noopener noreferrer\">pulsa aqu\u00ed<\/a><\/strong><\/p>\n<p><strong>Internet Explorer. Versi\u00f3n 11<\/strong><\/p>\n<p>1. Selecciona Herramientas | Opciones de Internet.<br \/>\n2. Haz clic en la ficha General.<br \/>\n3. En la secci\u00f3n \u00abHistorial de exploraci\u00f3n\u00bb, haz clic en Eliminar el historial de exploraci\u00f3n al salir.<br \/>\n4. Selecciona Eliminar archivos.<br \/>\n5. Selecciona Eliminar cookies.<br \/>\n6. Haz clic en Eliminar.<br \/>\n7. Haz clic en Aceptar.<br \/>\n8. Cierra y reinicia el navegador.<br \/>\nPara m\u00e1s informaci\u00f3n sobre Internet Explorer\u00a0<strong><a href=\"https:\/\/support.microsoft.com\/es-es\/help\/278835\/how-to-delete-cookie-files-in-internet-explorer\" target=\"_blank\" rel=\"noopener noreferrer\">pulsa aqu\u00ed<\/a><\/strong><\/p>\n<p><strong>Firefox. Versi\u00f3n 65.0.1<\/strong><\/p>\n<p>1. Selecciona Firefox | Historial | Limpiar el historial reciente.<br \/>\n2. Al lado de \u00abDetalles\u00bb, haz clic en la flecha hacia abajo.<br \/>\n3. Selecciona las siguientes casillas de verificaci\u00f3n: Cookies, Cach\u00e9, Inicios de sesi\u00f3n activos<br \/>\n4. Usando el \u00abIntervalo de tiempo para borrar\u00bb en el men\u00fa desplegable, selecciona Todo.<br \/>\n5. Haz clic en Borrar ahora.<br \/>\n6. Cierra y reinicia el navegador.<\/p>\n<p>Puedes aceptar o rechazar las cookies individualmente en las Preferencias de Firefox, en la secci\u00f3n Historial disponible en Herramientas &gt; Opciones &gt; Privacidad.<\/p>\n<p>Para m\u00e1s informaci\u00f3n sobre Mozilla Firefox\u00a0<strong><a target=\"_blank\" rel=\"noopener noreferrer\">pulsa aqu\u00ed<\/a><\/strong><\/p>\n<p><strong>Safari Versi\u00f3n 5.1<\/strong><\/p>\n<p>1. Selecciona el icono de Safari \/ Editar | Restaurar Safari.<br \/>\n2. Selecciona las siguientes casillas de verificaci\u00f3n: Borrar el historial, Eliminar todos los datos de sitio web<br \/>\n3. Haz clic en Restablecer.<br \/>\n4. Cierra y reinicia el navegador.<br \/>\nPara m\u00e1s informaci\u00f3n sobre Safari\u00a0<strong><a href=\"https:\/\/support.apple.com\/es-es\/guide\/safari\/sfri11471\/mac\" target=\"_blank\" rel=\"noopener noreferrer\">pulsa aqu\u00ed<\/a><\/strong><\/p>\n<p><strong>Opera<\/strong><\/p>\n<p>Opciones &#8211; Avanzado &#8211; Cookies.<\/p>\n<p>Las opciones de cookies controlan el modo en que Opera los maneja y, por lo tanto, su aceptaci\u00f3n o rechazo.<\/p>\n<p>Para m\u00e1s informaci\u00f3n sobre Opera\u00a0<strong><a href=\"https:\/\/help.opera.com\/en\/latest\/secur%C2%A1tv-and-pr%C2%A1vacv\/#clearBrows%C2%A1ngData\" target=\"_blank\" rel=\"noopener noreferrer\">pulsa aqu\u00ed<\/a><\/strong><\/p>\n<p><strong>Otros navegadores<\/strong><\/p>\n<p>Consulte la documentaci\u00f3n del navegador que tenga instalado.<\/p>\n<p>&nbsp;<\/p>\n<\/div><div class=\"fusion-clearfix\"><\/div><\/div><\/div><\/div><\/div>\n","protected":false},"excerpt":{"rendered":"","protected":false},"author":13951,"featured_media":0,"parent":0,"menu_order":0,"comment_status":"closed","ping_status":"closed","template":"100-width.php","meta":{"footnotes":""},"class_list":["post-26263","page","type-page","status-publish","hentry"],"acf":[],"yoast_head":"<!-- This site is optimized with the Yoast SEO plugin v27.1.1 - https:\/\/yoast.com\/product\/yoast-seo-wordpress\/ -->\n<title>Pol\u00edtica de cookies - Miller Division<\/title>\n<meta name=\"robots\" content=\"index, follow, max-snippet:-1, max-image-preview:large, max-video-preview:-1\" \/>\n<link rel=\"canonical\" href=\"https:\/\/millerdivision.com\/es\/politica-de-cookies\/\" \/>\n<meta property=\"og:locale\" content=\"es_ES\" \/>\n<meta property=\"og:type\" content=\"article\" \/>\n<meta property=\"og:title\" content=\"Pol\u00edtica de cookies - Miller Division\" \/>\n<meta property=\"og:url\" content=\"https:\/\/millerdivision.com\/es\/politica-de-cookies\/\" \/>\n<meta property=\"og:site_name\" content=\"Miller Division\" \/>\n<meta property=\"article:modified_time\" content=\"2020-08-18T20:14:53+00:00\" \/>\n<meta name=\"twitter:card\" content=\"summary_large_image\" \/>\n<meta name=\"twitter:label1\" content=\"Tiempo de lectura\" \/>\n\t<meta name=\"twitter:data1\" content=\"12 minutos\" \/>\n<script type=\"application\/ld+json\" class=\"yoast-schema-graph\">{\"@context\":\"https:\/\/schema.org\",\"@graph\":[{\"@type\":\"WebPage\",\"@id\":\"https:\/\/millerdivision.com\/es\/politica-de-cookies\/\",\"url\":\"https:\/\/millerdivision.com\/es\/politica-de-cookies\/\",\"name\":\"Pol\u00edtica de cookies - Miller Division\",\"isPartOf\":{\"@id\":\"https:\/\/millerdivision.com\/es\/#website\"},\"datePublished\":\"2020-03-31T08:13:50+00:00\",\"dateModified\":\"2020-08-18T20:14:53+00:00\",\"breadcrumb\":{\"@id\":\"https:\/\/millerdivision.com\/es\/politica-de-cookies\/#breadcrumb\"},\"inLanguage\":\"es\",\"potentialAction\":[{\"@type\":\"ReadAction\",\"target\":[\"https:\/\/millerdivision.com\/es\/politica-de-cookies\/\"]}]},{\"@type\":\"BreadcrumbList\",\"@id\":\"https:\/\/millerdivision.com\/es\/politica-de-cookies\/#breadcrumb\",\"itemListElement\":[{\"@type\":\"ListItem\",\"position\":1,\"name\":\"Home\",\"item\":\"https:\/\/millerdivision.com\/es\/\"},{\"@type\":\"ListItem\",\"position\":2,\"name\":\"Pol\u00edtica de cookies\"}]},{\"@type\":\"WebSite\",\"@id\":\"https:\/\/millerdivision.com\/es\/#website\",\"url\":\"https:\/\/millerdivision.com\/es\/\",\"name\":\"Miller Division\",\"description\":\"Miller Skateboards | Shop now, ride forever\",\"potentialAction\":[{\"@type\":\"SearchAction\",\"target\":{\"@type\":\"EntryPoint\",\"urlTemplate\":\"https:\/\/millerdivision.com\/es\/?s={search_term_string}\"},\"query-input\":{\"@type\":\"PropertyValueSpecification\",\"valueRequired\":true,\"valueName\":\"search_term_string\"}}],\"inLanguage\":\"es\"}]}<\/script>\n<!-- \/ Yoast SEO plugin. -->","yoast_head_json":{"title":"Pol\u00edtica de cookies - Miller Division","robots":{"index":"index","follow":"follow","max-snippet":"max-snippet:-1","max-image-preview":"max-image-preview:large","max-video-preview":"max-video-preview:-1"},"canonical":"https:\/\/millerdivision.com\/es\/politica-de-cookies\/","og_locale":"es_ES","og_type":"article","og_title":"Pol\u00edtica de cookies - Miller Division","og_url":"https:\/\/millerdivision.com\/es\/politica-de-cookies\/","og_site_name":"Miller Division","article_modified_time":"2020-08-18T20:14:53+00:00","twitter_card":"summary_large_image","twitter_misc":{"Tiempo de lectura":"12 minutos"},"schema":{"@context":"https:\/\/schema.org","@graph":[{"@type":"WebPage","@id":"https:\/\/millerdivision.com\/es\/politica-de-cookies\/","url":"https:\/\/millerdivision.com\/es\/politica-de-cookies\/","name":"Pol\u00edtica de cookies - Miller Division","isPartOf":{"@id":"https:\/\/millerdivision.com\/es\/#website"},"datePublished":"2020-03-31T08:13:50+00:00","dateModified":"2020-08-18T20:14:53+00:00","breadcrumb":{"@id":"https:\/\/millerdivision.com\/es\/politica-de-cookies\/#breadcrumb"},"inLanguage":"es","potentialAction":[{"@type":"ReadAction","target":["https:\/\/millerdivision.com\/es\/politica-de-cookies\/"]}]},{"@type":"BreadcrumbList","@id":"https:\/\/millerdivision.com\/es\/politica-de-cookies\/#breadcrumb","itemListElement":[{"@type":"ListItem","position":1,"name":"Home","item":"https:\/\/millerdivision.com\/es\/"},{"@type":"ListItem","position":2,"name":"Pol\u00edtica de cookies"}]},{"@type":"WebSite","@id":"https:\/\/millerdivision.com\/es\/#website","url":"https:\/\/millerdivision.com\/es\/","name":"Miller Division","description":"Miller Skateboards | Shop now, ride forever","potentialAction":[{"@type":"SearchAction","target":{"@type":"EntryPoint","urlTemplate":"https:\/\/millerdivision.com\/es\/?s={search_term_string}"},"query-input":{"@type":"PropertyValueSpecification","valueRequired":true,"valueName":"search_term_string"}}],"inLanguage":"es"}]}},"_links":{"self":[{"href":"https:\/\/millerdivision.com\/es\/wp-json\/wp\/v2\/pages\/26263","targetHints":{"allow":["GET"]}}],"collection":[{"href":"https:\/\/millerdivision.com\/es\/wp-json\/wp\/v2\/pages"}],"about":[{"href":"https:\/\/millerdivision.com\/es\/wp-json\/wp\/v2\/types\/page"}],"author":[{"embeddable":true,"href":"https:\/\/millerdivision.com\/es\/wp-json\/wp\/v2\/users\/13951"}],"replies":[{"embeddable":true,"href":"https:\/\/millerdivision.com\/es\/wp-json\/wp\/v2\/comments?post=26263"}],"version-history":[{"count":2,"href":"https:\/\/millerdivision.com\/es\/wp-json\/wp\/v2\/pages\/26263\/revisions"}],"predecessor-version":[{"id":26266,"href":"https:\/\/millerdivision.com\/es\/wp-json\/wp\/v2\/pages\/26263\/revisions\/26266"}],"wp:attachment":[{"href":"https:\/\/millerdivision.com\/es\/wp-json\/wp\/v2\/media?parent=26263"}],"curies":[{"name":"wp","href":"https:\/\/api.w.org\/{rel}","templated":true}]}}